{"id":178305,"date":"2019-07-22T13:49:56","date_gmt":"2019-07-22T11:49:56","guid":{"rendered":"https:\/\/thegobi.eu\/cz-staging\/?page_id=178305"},"modified":"2025-05-16T17:19:50","modified_gmt":"2025-05-16T15:19:50","slug":"preporucite-prijatelju","status":"publish","type":"page","link":"https:\/\/thegobi.eu\/hr\/preporucite-prijatelju\/","title":{"rendered":"Preporu\u010dite prijatelja"},"content":{"rendered":"<div data-elementor-type=\"wp-page\" data-elementor-id=\"178305\" class=\"elementor elementor-178305\" data-elementor-post-type=\"page\">\n\t\t\t\t\t\t<section class=\"elementor-section elementor-top-section elementor-element elementor-element-40eea0b elementor-section-boxed elementor-section-height-default elementor-section-height-default\" data-id=\"40eea0b\" data-element_type=\"section\" data-e-type=\"section\">\n\t\t\t\t\t\t<div class=\"elementor-container elementor-column-gap-no\">\n\t\t\t\t\t<div class=\"elementor-column elementor-col-100 elementor-top-column elementor-element elementor-element-27a2508\" data-id=\"27a2508\" data-element_type=\"column\" data-e-type=\"column\">\n\t\t\t<div class=\"elementor-column-wrap--27a2508 elementor-widget-wrap elementor-element-populated\">\n\t\t\t\t\t\t<div class=\"elementor-element elementor-element-553cce6 elementor-widget elementor-widget-spacer\" data-id=\"553cce6\" data-element_type=\"widget\" data-e-type=\"widget\" data-widget_type=\"spacer.default\">\n\t\t\t\t<div class=\"elementor-widget-container\">\n\t\t\t\t\t\t\t<div class=\"elementor-spacer\">\n\t\t\t<div class=\"elementor-spacer-inner\"><\/div>\n\t\t<\/div>\n\t\t\t\t\t\t<\/div>\n\t\t\t\t<\/div>\n\t\t\t\t<div class=\"elementor-element elementor-element-af268bb elementor-widget elementor-widget-heading\" data-id=\"af268bb\" data-element_type=\"widget\" data-e-type=\"widget\" data-widget_type=\"heading.default\">\n\t\t\t\t<div class=\"elementor-widget-container\">\n\t\t\t\t\t<h1 class=\"elementor-heading-title elementor-size-default\">Preporu\u010dite prijatelja <\/h1>\t\t\t\t<\/div>\n\t\t\t\t<\/div>\n\t\t\t\t<div class=\"elementor-element elementor-element-e8a6b62 elementor-widget elementor-widget-text-editor\" data-id=\"e8a6b62\" data-element_type=\"widget\" data-e-type=\"widget\" data-widget_type=\"text-editor.default\">\n\t\t\t\t<div class=\"elementor-widget-container\">\n\t\t\t\t\t\t\t\t\t<p><b>Volite li majice Gobi?<\/b> Preporu\u010dite nas svojim poznanicima, prijateljima, ro\u0111acima i kolegama, a mi \u0107emo vam za svakog novog kupca poslati kod za popust 5%. Va\u0161i prijatelji \u0107e biti sretni \u0161to ste im preporu\u010dili izvrstan proizvod, a va\u0161 \u0107e sljede\u0107i kupovni ra\u010dun biti ne\u0161to jeftiniji.<\/p>\t\t\t\t\t\t\t\t<\/div>\n\t\t\t\t<\/div>\n\t\t\t\t\t<\/div>\n\t\t<\/div>\n\t\t\t\t\t<\/div>\n\t\t<\/section>\n\t\t\t\t<section class=\"elementor-section elementor-top-section elementor-element elementor-element-e0ae6b4 elementor-section-boxed elementor-section-height-default elementor-section-height-default\" data-id=\"e0ae6b4\" data-element_type=\"section\" data-e-type=\"section\">\n\t\t\t\t\t\t<div class=\"elementor-container elementor-column-gap-no\">\n\t\t\t\t\t<div class=\"elementor-column elementor-col-100 elementor-top-column elementor-element elementor-element-44ff02f\" data-id=\"44ff02f\" data-element_type=\"column\" data-e-type=\"column\">\n\t\t\t<div class=\"elementor-column-wrap--44ff02f elementor-widget-wrap elementor-element-populated\">\n\t\t\t\t\t\t<div class=\"elementor-element elementor-element-9c3b667 elementor-widget elementor-widget-image\" data-id=\"9c3b667\" data-element_type=\"widget\" data-e-type=\"widget\" data-widget_type=\"image.default\">\n\t\t\t\t<div class=\"elementor-widget-container\">\n\t\t\t\t\t\t\t\t\t\t\t\t\t\t\t<img decoding=\"async\" width=\"1300\" height=\"400\" data-src=\"https:\/\/thegobi.eu\/wp-content\/uploads\/2019\/07\/mojegobi.cz-doporuc-kamarada.jpg\" class=\"attachment-full size-full wp-image-179196 lazyload\" alt=\"\" data-srcset=\"https:\/\/thegobi.eu\/wp-content\/uploads\/2019\/07\/mojegobi.cz-doporuc-kamarada.jpg 1300w, https:\/\/thegobi.eu\/wp-content\/uploads\/2019\/07\/mojegobi.cz-doporuc-kamarada-100x31.jpg 100w, https:\/\/thegobi.eu\/wp-content\/uploads\/2019\/07\/mojegobi.cz-doporuc-kamarada-800x246.jpg 800w, https:\/\/thegobi.eu\/wp-content\/uploads\/2019\/07\/mojegobi.cz-doporuc-kamarada-300x92.jpg 300w, https:\/\/thegobi.eu\/wp-content\/uploads\/2019\/07\/mojegobi.cz-doporuc-kamarada-768x236.jpg 768w, https:\/\/thegobi.eu\/wp-content\/uploads\/2019\/07\/mojegobi.cz-doporuc-kamarada-1024x315.jpg 1024w, https:\/\/thegobi.eu\/wp-content\/uploads\/2019\/07\/mojegobi.cz-doporuc-kamarada-600x185.jpg 600w\" data-sizes=\"auto\" src=\"data:image\/svg+xml;base64,PHN2ZyB3aWR0aD0iMSIgaGVpZ2h0PSIxIiB4bWxucz0iaHR0cDovL3d3dy53My5vcmcvMjAwMC9zdmciPjwvc3ZnPg==\" style=\"--smush-placeholder-width: 1300px; --smush-placeholder-aspect-ratio: 1300\/400;\" data-original-sizes=\"(max-width: 1300px) 100vw, 1300px\" \/>\t\t\t\t\t\t\t\t\t\t\t\t\t\t\t<\/div>\n\t\t\t\t<\/div>\n\t\t\t\t<div class=\"elementor-element elementor-element-d8e9d68 elementor-widget elementor-widget-heading\" data-id=\"d8e9d68\" data-element_type=\"widget\" data-e-type=\"widget\" data-widget_type=\"heading.default\">\n\t\t\t\t<div class=\"elementor-widget-container\">\n\t\t\t\t\t<h2 class=\"elementor-heading-title elementor-size-default\">Kako preporu\u010diti prijatelja i dobiti popust? <\/h2>\t\t\t\t<\/div>\n\t\t\t\t<\/div>\n\t\t\t\t\t<\/div>\n\t\t<\/div>\n\t\t\t\t\t<\/div>\n\t\t<\/section>\n\t\t\t\t<section class=\"elementor-section elementor-top-section elementor-element elementor-element-a2ea353 elementor-section-boxed elementor-section-height-default elementor-section-height-default\" data-id=\"a2ea353\" data-element_type=\"section\" data-e-type=\"section\">\n\t\t\t\t\t\t<div class=\"elementor-container elementor-column-gap-no\">\n\t\t\t\t\t<div class=\"elementor-column elementor-col-100 elementor-top-column elementor-element elementor-element-05fd386\" data-id=\"05fd386\" data-element_type=\"column\" data-e-type=\"column\">\n\t\t\t<div class=\"elementor-column-wrap--05fd386 elementor-widget-wrap elementor-element-populated\">\n\t\t\t\t\t\t<div class=\"elementor-element elementor-element-7c6c31b elementor-widget elementor-widget-text-editor\" data-id=\"7c6c31b\" data-element_type=\"widget\" data-e-type=\"widget\" data-widget_type=\"text-editor.default\">\n\t\t\t\t<div class=\"elementor-widget-container\">\n\t\t\t\t\t\t\t\t\t<ol>\n<li>Prvo je potrebno imati otvoren ra\u010dun. Ra\u010dun mo\u017eete jednostavno otvoriti. <a href=\"https:\/\/thegobi.eu\/hr\/muj-ucet\/\">Ovdje.<\/a>&nbsp;(Ve\u0107 imate ra\u010dun?) <a href=\"https:\/\/thegobi.eu\/hr\/muj-ucet\/\">Prijavite se<\/a>)<\/li>\n<li>U sekciji \u201c<a href=\"https:\/\/thegobi.eu\/hr\/muj-ucet\/\">Moj ra\u010dun<\/a>\u201d pod zaka\u0161ljkom \u201c<a href=\"https:\/\/thegobi.eu\/hr\/muj-ucet\/myreferrals\/\">Preporu\u010dite prijatelja<\/a>\u201dProna\u0111ite svoju jedinstvenu poveznicu koja vodi na na\u0161e stranice. Ovu poveznicu mo\u017eete podijeliti sa svojim prijateljima.<\/li>\n<li>Ako prijatelj kojeg ste preporu\u010dili klikne na va\u0161u jedinstvenu poveznicu i potom ne\u0161to kupi, automatski \u0107e vam biti generiran kod za popust. <b>5%.<\/b> Ovaj kod za popust vidjet \u0107ete u odjeljku \u201c<a href=\"https:\/\/thegobi.eu\/hr\/muj-ucet\/myreferrals\/\">Preporu\u010dite prijatelja<\/a>\u201di tako\u0111er \u0107emo vam ga automatski poslati na va\u0161 e-mail.<\/li>\n<\/ol>\t\t\t\t\t\t\t\t<\/div>\n\t\t\t\t<\/div>\n\t\t\t\t\t<\/div>\n\t\t<\/div>\n\t\t\t\t\t<\/div>\n\t\t<\/section>\n\t\t\t\t<section class=\"elementor-section elementor-top-section elementor-element elementor-element-dcd5add elementor-section-boxed elementor-section-height-default elementor-section-height-default\" data-id=\"dcd5add\" data-element_type=\"section\" data-e-type=\"section\">\n\t\t\t\t\t\t<div class=\"elementor-container elementor-column-gap-default\">\n\t\t\t\t\t<div class=\"elementor-column elementor-col-100 elementor-top-column elementor-element elementor-element-a75c78a\" data-id=\"a75c78a\" data-element_type=\"column\" data-e-type=\"column\">\n\t\t\t<div class=\"elementor-column-wrap--a75c78a elementor-widget-wrap elementor-element-populated\">\n\t\t\t\t\t\t<div class=\"elementor-element elementor-element-6b174e2 elementor-align-center elementor-widget elementor-widget-button\" data-id=\"6b174e2\" data-element_type=\"widget\" data-e-type=\"widget\" data-widget_type=\"button.default\">\n\t\t\t\t<div class=\"elementor-widget-container\">\n\t\t\t\t\t\t\t\t\t<div class=\"elementor-button-wrapper\">\n\t\t\t\t\t<a class=\"elementor-button elementor-button-link elementor-size-lg\" href=\"https:\/\/thegobi.eu\/hr\/muj-ucet\/myreferrals\/\">\n\t\t\t\t\t\t<span class=\"elementor-button-content-wrapper\">\n\t\t\t\t\t\t\t\t\t<span class=\"elementor-button-text\">\u017delim preporu\u010diti prijatelja<\/span>\n\t\t\t\t\t<\/span>\n\t\t\t\t\t<\/a>\n\t\t\t\t<\/div>\n\t\t\t\t\t\t\t\t<\/div>\n\t\t\t\t<\/div>\n\t\t\t\t\t<\/div>\n\t\t<\/div>\n\t\t\t\t\t<\/div>\n\t\t<\/section>\n\t\t\t\t<section class=\"elementor-section elementor-top-section elementor-element elementor-element-9dd2c21 elementor-section-boxed elementor-section-height-default elementor-section-height-default\" data-id=\"9dd2c21\" data-element_type=\"section\" data-e-type=\"section\">\n\t\t\t\t\t\t<div class=\"elementor-container elementor-column-gap-no\">\n\t\t\t\t\t<div class=\"elementor-column elementor-col-100 elementor-top-column elementor-element elementor-element-3b1ff2d\" data-id=\"3b1ff2d\" data-element_type=\"column\" data-e-type=\"column\">\n\t\t\t<div class=\"elementor-column-wrap--3b1ff2d elementor-widget-wrap elementor-element-populated\">\n\t\t\t\t\t\t<div class=\"elementor-element elementor-element-1d4f2f7 elementor-widget elementor-widget-text-editor\" data-id=\"1d4f2f7\" data-element_type=\"widget\" data-e-type=\"widget\" data-widget_type=\"text-editor.default\">\n\t\t\t\t<div class=\"elementor-widget-container\">\n\t\t\t\t\t\t\t\t\t<p>Broj preporu\u010denih osoba je neograni\u010den. Ne mo\u017eete preporu\u010diti postoje\u0107eg kupca. Popuste nije mogu\u0107e zbrajati. Kod za popust se automatski \u0161alje u trenutku kada je narud\u017eba preporu\u010denog prijatelja ozna\u010dena kao \u201cZavr\u0161eno\u201d.\u201d<\/p>\t\t\t\t\t\t\t\t<\/div>\n\t\t\t\t<\/div>\n\t\t\t\t\t<\/div>\n\t\t<\/div>\n\t\t\t\t\t<\/div>\n\t\t<\/section>\n\t\t\t\t<\/div>","protected":false},"excerpt":{"rendered":"<p>Doporu\u010dte kamar\u00e1da M\u00e1te r\u00e1di tri\u010dka Gobi? Doporu\u010dte n\u00e1s sv\u00fdm zn\u00e1m\u00fdm, kamar\u00e1d\u016fm, p\u0159\u00edbuzn\u00fdm i koleg\u016fm a my v\u00e1m za ka\u017ed\u00e9ho nov\u00e9ho z\u00e1kazn\u00edka po\u0161leme slevov\u00fd k\u00f3d na 5%. Va\u0161i kamar\u00e1di budou r\u00e1di, \u017ee jste jim doporu\u010dili skv\u011bl\u00fd produkt a vy budete m\u00edt p\u0159\u00ed\u0161t\u00ed n\u00e1kup o n\u011bco levn\u011bj\u0161\u00ed. Jak doporu\u010dit kamar\u00e1da a z\u00edskat slevu? Nejd\u0159\u00edve je pot\u0159eba m\u00edt [&hellip;]<\/p>\n","protected":false},"author":1,"featured_media":0,"parent":0,"menu_order":0,"comment_status":"closed","ping_status":"closed","template":"template-builder.php","meta":{"_acf_changed":false,"footnotes":""},"class_list":["post-178305","page","type-page","status-publish","hentry"],"acf":[],"_links":{"self":[{"href":"https:\/\/thegobi.eu\/hr\/wp-json\/wp\/v2\/pages\/178305","targetHints":{"allow":["GET"]}}],"collection":[{"href":"https:\/\/thegobi.eu\/hr\/wp-json\/wp\/v2\/pages"}],"about":[{"href":"https:\/\/thegobi.eu\/hr\/wp-json\/wp\/v2\/types\/page"}],"author":[{"embeddable":true,"href":"https:\/\/thegobi.eu\/hr\/wp-json\/wp\/v2\/users\/1"}],"replies":[{"embeddable":true,"href":"https:\/\/thegobi.eu\/hr\/wp-json\/wp\/v2\/comments?post=178305"}],"version-history":[{"count":0,"href":"https:\/\/thegobi.eu\/hr\/wp-json\/wp\/v2\/pages\/178305\/revisions"}],"wp:attachment":[{"href":"https:\/\/thegobi.eu\/hr\/wp-json\/wp\/v2\/media?parent=178305"}],"curies":[{"name":"wp","href":"https:\/\/api.w.org\/{rel}","templated":true}]}}