{"id":390065,"date":"2025-04-24T11:33:20","date_gmt":"2025-04-24T09:33:20","guid":{"rendered":"https:\/\/thegobi.eu\/cz-staging\/p-echod-na-rey\/?page_id=390065"},"modified":"2026-02-11T08:28:44","modified_gmt":"2026-02-11T07:28:44","slug":"kola","status":"publish","type":"page","link":"https:\/\/thegobi.eu\/hr\/kola\/","title":{"rendered":"Ko\u0161arica"},"content":{"rendered":"<div data-elementor-type=\"wp-page\" data-elementor-id=\"390065\" class=\"elementor elementor-390065\" data-elementor-post-type=\"page\">\n\t\t\t\t<div class=\"e-con-top elementor-element elementor-element-b5f3e80 e-flex e-con-boxed e-con e-parent\" data-id=\"b5f3e80\" data-element_type=\"container\" data-e-type=\"container\">\n\t\t\t\t\t<div class=\"e-con-inner\">\n\t\t\t\t<div class=\"elementor-element elementor-element-eafb5a6 elementor-widget elementor-widget-reycore-wc-cart\" data-id=\"eafb5a6\" data-element_type=\"widget\" data-e-type=\"widget\" data-widget_type=\"reycore-wc-cart.default\">\n\t\t\t\t<div class=\"elementor-widget-container\">\n\t\t\t\t\t\n\t\t<div class=\"woocommerce rey-cartPage --layout-custom --table-style-1  --totals-sticky\"> <div class=\"woocommerce-notices-wrapper\"><\/div>\n<div class=\"rey-cartPage rey-emptyCart\">\n\n\t<div class=\"rey-emptyCart-icon\">\n\t\t<svg aria-hidden=\"true\" role=\"img\" id=\"rey-icon-bag3-69f772f0aa940\" class=\"rey-icon rey-icon-bag3\" viewbox=\"0 0 322 376\"><g stroke=\"none\" stroke-width=\"1\" fill=\"none\" fill-rule=\"evenodd\">\n            <path d=\"M321.8711,300.957 L303.522,36.4277 C302.041719,15.9414544 285.020071,0.0593928722 264.4805,0 L57.52,0 C36.9804294,0.0593928722 19.9587808,15.9414544 18.4785,36.4277 L0.1289,300.957 C-1.21755381,320.368553 5.55493542,339.467941 18.8293837,353.69504 C32.1038319,367.922139 50.688806,376.00001 70.147,376 L251.853,376 C271.311194,376.00001 289.896168,367.922139 303.170616,353.69504 C316.445065,339.467941 323.217554,320.368553 321.8711,300.957 L321.8711,300.957 Z M281.2358,333.2285 C273.62573,341.360992 262.990788,345.983566 251.853,346 L70.147,346 C59.0060532,345.999675 48.3651702,341.374499 40.7647499,333.228684 C33.1643297,325.082868 29.2864812,314.14747 30.057,303.0332 L48.4062,38.5039 C48.7517988,33.7215957 52.725245,30.0140545 57.52,30 L264.481,30 C269.275716,30.0141067 273.249104,33.7216339 273.5947,38.5039 L291.9439,303.0332 C292.698034,314.145234 288.822287,325.074284 281.2358,333.2285 Z M231,70 L231,98 C231,139.3086 203.5234,166 161,166 C118.4766,166 91,139.3086 91,98 L91,70 C91,61.7157288 97.7157288,55 106,55 C114.284271,55 121,61.7157288 121,70 L121,98 C121,129.4072 142.7524,136 161,136 C179.2476,136 201,129.4072 201,98 L201,70 C201,61.7157288 207.715729,55 216,55 C224.284271,55 231,61.7157288 231,70 Z\" fill=\"currentColor\" fill-rule=\"nonzero\"><\/path><\/g><\/svg>\t<\/div>\n\n\t<div class=\"rey-emptyCart-title\">\n\t\t<h2 data-no-translation=\"\" data-trp-gettext=\"\">Va\u0161a ko\u0161arica je trenutno prazna.<\/h2>\n\t<\/div>\n\n\t<div class=\"rey-emptyCart-content\">\n\n\t\t\n\t<\/div>\n<\/div>\n\t\t<\/div>\t\t\t\t<\/div>\n\t\t\t\t<\/div>\n\t\t\t\t\t<\/div>\n\t\t\t\t<\/div>\n\t\t\t\t<\/div>","protected":false},"excerpt":{"rendered":"<p>You&#8217;re only 561\u00a0K\u010d away from free shipping. Product Price Quantity Subtotal Gobi P\u00e1nsk\u00e9 &#8211; MicroModal &#8211; T\u011blov\u00e9, L Remove 890\u00a0K\u010d Gobi P\u00e1nsk\u00e9 &#8211; MicroModal &#8211; T\u011blov\u00e9, L quantity 890\u00a0K\u010d Core Seamless Crop Zip Color: Green Size: L Barva: B\u00edl\u00e9 Velikost: M Remove 49\u00a0K\u010d Core Seamless Crop Zip quantity 49\u00a0K\u010d Coupon: Apply Update cart Cart totals [&hellip;]<\/p>\n","protected":false},"author":1,"featured_media":0,"parent":0,"menu_order":0,"comment_status":"closed","ping_status":"closed","template":"template-builder.php","meta":{"_acf_changed":false,"footnotes":""},"class_list":["post-390065","page","type-page","status-publish","hentry"],"acf":[],"_links":{"self":[{"href":"https:\/\/thegobi.eu\/hr\/wp-json\/wp\/v2\/pages\/390065","targetHints":{"allow":["GET"]}}],"collection":[{"href":"https:\/\/thegobi.eu\/hr\/wp-json\/wp\/v2\/pages"}],"about":[{"href":"https:\/\/thegobi.eu\/hr\/wp-json\/wp\/v2\/types\/page"}],"author":[{"embeddable":true,"href":"https:\/\/thegobi.eu\/hr\/wp-json\/wp\/v2\/users\/1"}],"replies":[{"embeddable":true,"href":"https:\/\/thegobi.eu\/hr\/wp-json\/wp\/v2\/comments?post=390065"}],"version-history":[{"count":0,"href":"https:\/\/thegobi.eu\/hr\/wp-json\/wp\/v2\/pages\/390065\/revisions"}],"wp:attachment":[{"href":"https:\/\/thegobi.eu\/hr\/wp-json\/wp\/v2\/media?parent=390065"}],"curies":[{"name":"wp","href":"https:\/\/api.w.org\/{rel}","templated":true}]}}