{"id":50449,"date":"2019-07-02T12:39:15","date_gmt":"2019-07-02T10:39:15","guid":{"rendered":"https:\/\/thegobi.eu\/cz-staging\/?page_id=50449"},"modified":"2025-05-16T17:19:48","modified_gmt":"2025-05-16T15:19:48","slug":"zrelost-za-vrata","status":"publish","type":"page","link":"https:\/\/thegobi.eu\/hr\/zrelost-za-vrata\/","title":{"rendered":"BLOG \u2013 Matura je pred vratima!"},"content":{"rendered":"<div data-elementor-type=\"wp-page\" data-elementor-id=\"50449\" class=\"elementor elementor-50449\" data-elementor-post-type=\"page\">\n\t\t\t\t\t\t<section class=\"elementor-section elementor-top-section elementor-element elementor-element-2414b2a9 rey-section-bg--classic elementor-section-boxed elementor-section-height-default elementor-section-height-default\" data-id=\"2414b2a9\" data-element_type=\"section\" data-e-type=\"section\" data-settings=\"{&quot;background_background&quot;:&quot;classic&quot;}\">\n\t\t\t\t\t\t<div class=\"elementor-container elementor-column-gap-no\">\n\t\t\t\t\t<div class=\"elementor-column elementor-col-100 elementor-top-column elementor-element elementor-element-5b9f7dce\" data-id=\"5b9f7dce\" data-element_type=\"column\" data-e-type=\"column\">\n\t\t\t<div class=\"elementor-column-wrap--5b9f7dce elementor-widget-wrap elementor-element-populated\">\n\t\t\t\t\t\t<div class=\"elementor-element elementor-element-27650efb elementor-widget elementor-widget-spacer\" data-id=\"27650efb\" data-element_type=\"widget\" data-e-type=\"widget\" data-widget_type=\"spacer.default\">\n\t\t\t\t<div class=\"elementor-widget-container\">\n\t\t\t\t\t\t\t<div class=\"elementor-spacer\">\n\t\t\t<div class=\"elementor-spacer-inner\"><\/div>\n\t\t<\/div>\n\t\t\t\t\t\t<\/div>\n\t\t\t\t<\/div>\n\t\t\t\t<div class=\"elementor-element elementor-element-9a4ab7f elementor-view-framed elementor-shape-circle elementor-widget elementor-widget-icon\" data-id=\"9a4ab7f\" data-element_type=\"widget\" data-e-type=\"widget\" data-widget_type=\"icon.default\">\n\t\t\t\t<div class=\"elementor-widget-container\">\n\t\t\t\t\t\t\t<div class=\"elementor-icon-wrapper\">\n\t\t\t<div class=\"elementor-icon elementor-animation-pulse\">\n\t\t\t\t\t\t\t<i class=\"fa fa-book\" aria-hidden=\"true\"><\/i>\n\t\t\t\t\t\t<\/div>\n\t\t<\/div>\n\t\t\t\t\t\t<\/div>\n\t\t\t\t<\/div>\n\t\t\t\t<div class=\"elementor-element elementor-element-379f8f7f elementor-widget elementor-widget-heading\" data-id=\"379f8f7f\" data-element_type=\"widget\" data-e-type=\"widget\" data-widget_type=\"heading.default\">\n\t\t\t\t<div class=\"elementor-widget-container\">\n\t\t\t\t\t<h1 class=\"elementor-heading-title elementor-size-default\">Matura je pred vratima!<\/h1>\t\t\t\t<\/div>\n\t\t\t\t<\/div>\n\t\t\t\t\t<\/div>\n\t\t<\/div>\n\t\t\t\t\t<\/div>\n\t\t<\/section>\n\t\t\t\t<section class=\"elementor-section elementor-top-section elementor-element elementor-element-151412f7 elementor-section-boxed elementor-section-height-default elementor-section-height-default\" data-id=\"151412f7\" data-element_type=\"section\" data-e-type=\"section\">\n\t\t\t\t\t\t<div class=\"elementor-container elementor-column-gap-default\">\n\t\t\t\t\t<div class=\"elementor-column elementor-col-100 elementor-top-column elementor-element elementor-element-44fe3efd\" data-id=\"44fe3efd\" data-element_type=\"column\" data-e-type=\"column\">\n\t\t\t<div class=\"elementor-column-wrap--44fe3efd elementor-widget-wrap elementor-element-populated\">\n\t\t\t\t\t\t<div class=\"elementor-element elementor-element-8f69893 elementor-widget elementor-widget-text-editor\" data-id=\"8f69893\" data-element_type=\"widget\" data-e-type=\"widget\" data-widget_type=\"text-editor.default\">\n\t\t\t\t<div class=\"elementor-widget-container\">\n\t\t\t\t\t\t\t\t\t<p><b>Evo ga. Matura. Taj toliko stra\u0161eni ispit zrelosti.<\/b> Ispit zbog kojeg smo do\u017eivjeli ili upravo do\u017eivljavamo nekoliko besanih no\u0107i. Upisali ste zavr\u0161nu, maturantsku godinu i mislite si: ima li dovoljno vremena? No na kraju nekoliko puta zaspite i primijetite da su Bo\u017ei\u0107 odavno pro\u0161li. Pogledate ponovno i ve\u0107 su Uskrs.\u00a0<\/p><p>Razmi\u0161ljate o tome kako \u0107ete u tako kratkom vremenskom razdoblju ugurati u glavu obujam \u010desto vrlo nezanimljivih informacija i oblije vas znoj kad pogledate knjige koje ste trebali pro\u010ditati. Primje\u0107ujete da na njima le\u017ei centimetar pra\u0161ine, a neke se gotovo uop\u0107e ne vide. Jednostavno su nestale. No ono \u0161to nije nestalo, nego se naprotiv poja\u010dava, jest stres. Prije svega, smirenost. Svi to znamo. Sve se mo\u017ee svladati. Poka\u017eimo na \u0161to se usredoto\u010diti prije mature da se doslovno ne poludimo.\u00a0<\/p><ol><li><b>Ne zaboravite na kretanje.<\/b> Iako mislite da nema dovoljno vremena, svakako odvojite vrijeme za \u0161etnju po gradu ili, jo\u0161 bolje, po \u0161umi, tr\u010danje ili jogu. Ne samo da \u0107ete tako bolje otkloniti stres, nego \u0107e vam kretanje pomo\u0107i i ako \u017eelite skinuti poneko kilogramu vi\u0161ka.\u00a0<\/li><li><b>Zamijenite hektolitre kave za vodu<\/b>, ili zeleni \u010daj. Op\u0107e je poznato da je voda za na\u0161e tijelo najbolja, a zeleni \u010daj izvrstan antioksidans. Proturje\u010dite li da \u0107ete bez kave prespavati cijeli ispitni rok? Pripremite si MATCHU. \u010caj bez ikakve kemije, koji poti\u010de pam\u0107enje i koncentraciju te mo\u017ee dobro razbuditi? To je \u010dudo koje \u0107ete zasigurno cijeniti ne samo na maturi.\u00a0<\/li><li><b>Ne zaboravite spavati.<\/b> Za \u010detiri godine u srednjoj \u0161koli ve\u0107 ste primijetili u\u010dite li bolje ujutro, poslijepodne ili nave\u010der. Bilo kako bilo, dobro spavanje neophodno je za tijelo i um.\u00a0<\/li><li><b>Jedite zdravo.<\/b> Zaboravite na \u010dokoladu, \u010dips i druge sli\u010dne grickalice. Jedite puno vo\u0107a i povr\u0107a i ne zaboravite na ora\u0161aste plodove, jer izvrsno poti\u010du pam\u0107enje. Zaista se ne mo\u017eete odre\u0107i \u010dokolade? Ako ne, poslasti\u010dite se barem kvalitetnom \u010dokoladom s visokim udjelom kakaa. Preporu\u010dujem Lindt Excellence s 90% kakaa. Mmm.\u00a0<\/li><li><b>Isklju\u010dite<\/b>. Iako imate osje\u0107aj da vam sve pada na glavu i da ne stignete, nau\u010dite se isklju\u010diti. Oti\u0111ite na sat vremena kod prijateljice, pustite seriju na koju mo\u017eete bezumno zuriti bez potrebe da razmi\u0161ljate, ili jednostavno ne radite ni\u0161ta.\u00a0<\/li><li><b>Planirajte<\/b>. Napravite pregled koliko gradiva morate ugurati u glavu i pa\u017eljivo isplanirajte kada i \u0161to to\u010dno trebate nau\u010diti. Ne zaboravite ostaviti dovoljno vremena za ponavljanje gradiva.\u00a0<\/li><li><b>Nagradite se<\/b>. Na koji god na\u010din. Kupite si omiljene cipele, sanjanu torbicu ili \u017eeljeni parfem. Ako je to mogu\u0107e, nagradite se tijekom cijelog procesa.<\/li><li>\u00a0<b>Pripremite odgovaraju\u0107u odje\u0107u za dan \u201eD\u201c.\u201c<\/b>. Dame, ako ba\u0161 ne spadate me\u0111u one koje bi u desetocentimetarskim potpeticama mogle istr\u010dati maraton i nakon \u0161to obu\u010dete ve\u010dernju haljinu imate osje\u0107aj da \u0107ete se za \u010das sigurno ugu\u0161iti\u00a0<\/li><li><b>Ma daj to<\/b>. Osnova je udobnost. Obucite crne ili sive sve\u010dane hla\u010de i ko\u0161ulju. Preko toga mo\u017eete prebaciti sako ili d\u017eemper. Manje je ponekad vi\u0161e, a u ovom slu\u010daju to vrijedi dvostruko. Budu\u0107i da se na maturi svi, uklju\u010duju\u0107i i \u0161trebere, \u010desto dobro oznojimo, ne zaboravite obu\u0107i <a href=\"https:\/\/thegobi.eu\/hr\/\">majica ispod ko\u0161ulje GOB<\/a>Ja, koje definitivno ne\u0107ete znojiti. Dakle, i sada\u00a0<\/li><li><b>Kraj odugovla\u010denja!<\/b> Kako se to ka\u017ee? S apetitom u posao, a pola je gotovo!<\/li><\/ol>\t\t\t\t\t\t\t\t<\/div>\n\t\t\t\t<\/div>\n\t\t\t\t\t<\/div>\n\t\t<\/div>\n\t\t\t\t\t<\/div>\n\t\t<\/section>\n\t\t\t\t<section class=\"elementor-section elementor-top-section elementor-element elementor-element-c37d674 elementor-section-boxed elementor-section-height-default elementor-section-height-default\" data-id=\"c37d674\" data-element_type=\"section\" data-e-type=\"section\">\n\t\t\t\t\t\t<div class=\"elementor-container elementor-column-gap-default\">\n\t\t\t\t\t<div class=\"elementor-column elementor-col-100 elementor-top-column elementor-element elementor-element-d357f48\" data-id=\"d357f48\" data-element_type=\"column\" data-e-type=\"column\">\n\t\t\t<div class=\"elementor-column-wrap--d357f48 elementor-widget-wrap elementor-element-populated\">\n\t\t\t\t\t\t<div class=\"elementor-element elementor-element-c1e709a elementor-align-justify elementor-widget elementor-widget-button\" data-id=\"c1e709a\" data-element_type=\"widget\" data-e-type=\"widget\" data-widget_type=\"button.default\">\n\t\t\t\t<div class=\"elementor-widget-container\">\n\t\t\t\t\t\t\t\t\t<div class=\"elementor-button-wrapper\">\n\t\t\t\t\t<a class=\"elementor-button elementor-button-link elementor-size-sm\" href=\"https:\/\/thegobi.eu\/hr\/koupit\/\">\n\t\t\t\t\t\t<span class=\"elementor-button-content-wrapper\">\n\t\t\t\t\t\t\t\t\t<span class=\"elementor-button-text\">Kupiti majicu Gobi<\/span>\n\t\t\t\t\t<\/span>\n\t\t\t\t\t<\/a>\n\t\t\t\t<\/div>\n\t\t\t\t\t\t\t\t<\/div>\n\t\t\t\t<\/div>\n\t\t\t\t\t<\/div>\n\t\t<\/div>\n\t\t\t\t\t<\/div>\n\t\t<\/section>\n\t\t\t\t<\/div>","protected":false},"excerpt":{"rendered":"<p>Maturita je za dve\u0159mi! A je to tady. Maturita. Ta tolik ob\u00e1van\u00e1 zkou\u0161ka dosp\u011blosti. Zkou\u0161ka, d\u00edky kter\u00e9 jsme za\u017eili, nebo pr\u00e1v\u011b za\u017e\u00edv\u00e1me, n\u011bkolik bezesn\u00fdch noc\u00ed. Nastoupili jste do posledn\u00edho, maturitn\u00edho ro\u010dn\u00edku a \u0159\u00edkate si, \u010dasu dost? Jen\u017ee nakonec p\u00e1rkr\u00e1t zamkr\u00e1te a v\u0161imnete si, \u017ee V\u00e1noce u\u017e jsou d\u00e1vno pry\u010d. Mrknete znovu a jsou Velikonoce.\u00a0 P\u0159em\u00fd\u0161l\u00edte [&hellip;]<\/p>\n","protected":false},"author":1,"featured_media":0,"parent":0,"menu_order":0,"comment_status":"closed","ping_status":"closed","template":"template-builder.php","meta":{"_acf_changed":false,"footnotes":""},"class_list":["post-50449","page","type-page","status-publish","hentry"],"acf":[],"_links":{"self":[{"href":"https:\/\/thegobi.eu\/hr\/wp-json\/wp\/v2\/pages\/50449","targetHints":{"allow":["GET"]}}],"collection":[{"href":"https:\/\/thegobi.eu\/hr\/wp-json\/wp\/v2\/pages"}],"about":[{"href":"https:\/\/thegobi.eu\/hr\/wp-json\/wp\/v2\/types\/page"}],"author":[{"embeddable":true,"href":"https:\/\/thegobi.eu\/hr\/wp-json\/wp\/v2\/users\/1"}],"replies":[{"embeddable":true,"href":"https:\/\/thegobi.eu\/hr\/wp-json\/wp\/v2\/comments?post=50449"}],"version-history":[{"count":0,"href":"https:\/\/thegobi.eu\/hr\/wp-json\/wp\/v2\/pages\/50449\/revisions"}],"wp:attachment":[{"href":"https:\/\/thegobi.eu\/hr\/wp-json\/wp\/v2\/media?parent=50449"}],"curies":[{"name":"wp","href":"https:\/\/api.w.org\/{rel}","templated":true}]}}