{"id":50881,"date":"2019-07-02T12:52:21","date_gmt":"2019-07-02T10:52:21","guid":{"rendered":"https:\/\/thegobi.eu\/cz-staging\/?page_id=50881"},"modified":"2025-05-16T17:19:48","modified_gmt":"2025-05-16T15:19:48","slug":"kako-se-brinuti-o-kosilici","status":"publish","type":"page","link":"https:\/\/thegobi.eu\/hr\/kako-se-brinuti-o-kosilici\/","title":{"rendered":"BLOG \u2013 Kako se brinuti o ko\u0161ulji"},"content":{"rendered":"<div data-elementor-type=\"wp-page\" data-elementor-id=\"50881\" class=\"elementor elementor-50881\" data-elementor-post-type=\"page\">\n\t\t\t\t\t\t<section class=\"elementor-section elementor-top-section elementor-element elementor-element-2414b2a9 rey-section-bg--classic elementor-section-boxed elementor-section-height-default elementor-section-height-default\" data-id=\"2414b2a9\" data-element_type=\"section\" data-e-type=\"section\" data-settings=\"{&quot;background_background&quot;:&quot;classic&quot;}\">\n\t\t\t\t\t\t<div class=\"elementor-container elementor-column-gap-no\">\n\t\t\t\t\t<div class=\"elementor-column elementor-col-100 elementor-top-column elementor-element elementor-element-5b9f7dce\" data-id=\"5b9f7dce\" data-element_type=\"column\" data-e-type=\"column\">\n\t\t\t<div class=\"elementor-column-wrap--5b9f7dce elementor-widget-wrap elementor-element-populated\">\n\t\t\t\t\t\t<div class=\"elementor-element elementor-element-27650efb elementor-widget elementor-widget-spacer\" data-id=\"27650efb\" data-element_type=\"widget\" data-e-type=\"widget\" data-widget_type=\"spacer.default\">\n\t\t\t\t<div class=\"elementor-widget-container\">\n\t\t\t\t\t\t\t<div class=\"elementor-spacer\">\n\t\t\t<div class=\"elementor-spacer-inner\"><\/div>\n\t\t<\/div>\n\t\t\t\t\t\t<\/div>\n\t\t\t\t<\/div>\n\t\t\t\t<div class=\"elementor-element elementor-element-9a4ab7f elementor-view-framed elementor-shape-circle elementor-widget elementor-widget-icon\" data-id=\"9a4ab7f\" data-element_type=\"widget\" data-e-type=\"widget\" data-widget_type=\"icon.default\">\n\t\t\t\t<div class=\"elementor-widget-container\">\n\t\t\t\t\t\t\t<div class=\"elementor-icon-wrapper\">\n\t\t\t<div class=\"elementor-icon elementor-animation-pulse\">\n\t\t\t\t\t\t\t<i class=\"fa fa-tag\" aria-hidden=\"true\"><\/i>\n\t\t\t\t\t\t<\/div>\n\t\t<\/div>\n\t\t\t\t\t\t<\/div>\n\t\t\t\t<\/div>\n\t\t\t\t<div class=\"elementor-element elementor-element-379f8f7f elementor-widget elementor-widget-heading\" data-id=\"379f8f7f\" data-element_type=\"widget\" data-e-type=\"widget\" data-widget_type=\"heading.default\">\n\t\t\t\t<div class=\"elementor-widget-container\">\n\t\t\t\t\t<h1 class=\"elementor-heading-title elementor-size-default\">Kako se brinuti o ko\u0161ulji<\/h1>\t\t\t\t<\/div>\n\t\t\t\t<\/div>\n\t\t\t\t\t<\/div>\n\t\t<\/div>\n\t\t\t\t\t<\/div>\n\t\t<\/section>\n\t\t\t\t<section class=\"elementor-section elementor-top-section elementor-element elementor-element-151412f7 elementor-section-boxed elementor-section-height-default elementor-section-height-default\" data-id=\"151412f7\" data-element_type=\"section\" data-e-type=\"section\">\n\t\t\t\t\t\t<div class=\"elementor-container elementor-column-gap-default\">\n\t\t\t\t\t<div class=\"elementor-column elementor-col-100 elementor-top-column elementor-element elementor-element-44fe3efd\" data-id=\"44fe3efd\" data-element_type=\"column\" data-e-type=\"column\">\n\t\t\t<div class=\"elementor-column-wrap--44fe3efd elementor-widget-wrap elementor-element-populated\">\n\t\t\t\t\t\t<div class=\"elementor-element elementor-element-8f69893 elementor-widget elementor-widget-text-editor\" data-id=\"8f69893\" data-element_type=\"widget\" data-e-type=\"widget\" data-widget_type=\"text-editor.default\">\n\t\t\t\t<div class=\"elementor-widget-container\">\n\t\t\t\t\t\t\t\t\t<p><b>Sigurno se svakome od vas barem jednom dogodilo da ste kupili novu ko\u0161ulju s namjerom da vam slu\u017ei barem nekoliko sezona.<\/b> Nestalo se. Razloga je moglo biti vi\u0161e. Od neekonomi\u010dnog pranja u obliku neodgovaraju\u0107eg deterd\u017eenta, pogre\u0161no odabrane temperature vode, pretjerane temperature pri peglanju ili tro\u0161enja pri no\u0161enju, kojem se, me\u0111utim, mo\u017ee (djelomi\u010dno) sprije\u010diti.<\/p><ol><li>\u00a0\u010cim nabavite novu ko\u0161ulju, odmah provjerite kako o njoj brinuti. Svaka ko\u0161ulja ima etiketu na kojoj to\u010dno pi\u0161e na koliko stupnjeva je prati i gla\u010dati.\u00a0<\/li><li>Svatim se da se svakome od nas ponekad dogodi da slu\u010dajno oboji odje\u0107u jer zaboravi razdvojiti rublje po bojama i stavi ga u perilicu. Mo\u017eda vam je samorazumljivo da ne perete crnu ko\u0161ulju s bijelom, no ipak vas podsje\u0107amo da, ako \u017eelite osigurati du\u017ei vijek trajanja svoje ko\u0161ulje, nikada ne zaboravite na temeljito razdvajanje rublja.\u00a0<\/li><li>Pri pranju bijelih ko\u0161ulja zaboravite na deterd\u017eent u prahu, gel ili tablete namijenjene tamnom rublju i obrnuto. Pravilni deterd\u017eenti su osnova bez koje se ne mo\u017eete obi\u0107i.\u00a0<\/li><li>Pazite na mrlje od parfema. Op\u0107e je poznato da se parfemi nanose izravno na ko\u017eu, i to na ona mjesta koja su dobro prokrvljena i topla, \u0161to dovodi do boljeg i br\u017eeg razvoja mirisa. Sigurno se, me\u0111utim, na\u0107i i onih koji parfem nanose i na odje\u0107u. Protiv toga. Parfem mo\u017ee na odje\u0107i, osobito svijetlih boja, ostaviti mrlje i time je nepovratno o\u0161tetiti.\u00a0<\/li><li>Izbjegavajte dezodoranse koji ru\u017eno i \u010desto nepovratno obojaju odje\u0107u.\u00a0<\/li><li>Brinete li se da, ako izbjegavate dezodoranse, umjesto toga ne\u0107ete sprije\u010diti znojenje i \u017eute mrlje na ko\u0161ulji? I za to postoji rje\u0161enje. Obucite se <a href=\"https:\/\/thegobi.eu\/hr\/\">majica ispod ko\u0161ulje<\/a> GOBI, koji sprje\u010dava ne samo znojenje va\u0161e ko\u0161ulje, ve\u0107 i neugodne mirise. Podmajicu GOBI mo\u017eete kupiti u tri boje \u2013 bijeloj, tjelesnoj i crnoj. Osigurat \u0107e da va\u0161a ko\u0161ulja ostane suha, bez \u017eutih mrlja i neugodnih mirisa. Tako \u0107ete se osje\u0107ati sigurno, ugodno i udobno.<\/li><\/ol>\t\t\t\t\t\t\t\t<\/div>\n\t\t\t\t<\/div>\n\t\t\t\t\t<\/div>\n\t\t<\/div>\n\t\t\t\t\t<\/div>\n\t\t<\/section>\n\t\t\t\t<section class=\"elementor-section elementor-top-section elementor-element elementor-element-99cd7c9 elementor-section-boxed elementor-section-height-default elementor-section-height-default\" data-id=\"99cd7c9\" data-element_type=\"section\" data-e-type=\"section\">\n\t\t\t\t\t\t<div class=\"elementor-container elementor-column-gap-default\">\n\t\t\t\t\t<div class=\"elementor-column elementor-col-100 elementor-top-column elementor-element elementor-element-5ec2df3\" data-id=\"5ec2df3\" data-element_type=\"column\" data-e-type=\"column\">\n\t\t\t<div class=\"elementor-column-wrap--5ec2df3 elementor-widget-wrap elementor-element-populated\">\n\t\t\t\t\t\t<div class=\"elementor-element elementor-element-35f3a3e elementor-align-justify elementor-widget elementor-widget-button\" data-id=\"35f3a3e\" data-element_type=\"widget\" data-e-type=\"widget\" data-widget_type=\"button.default\">\n\t\t\t\t<div class=\"elementor-widget-container\">\n\t\t\t\t\t\t\t\t\t<div class=\"elementor-button-wrapper\">\n\t\t\t\t\t<a class=\"elementor-button elementor-button-link elementor-size-sm\" href=\"https:\/\/thegobi.eu\/hr\/koupit\/\">\n\t\t\t\t\t\t<span class=\"elementor-button-content-wrapper\">\n\t\t\t\t\t\t\t\t\t<span class=\"elementor-button-text\">Kupiti majicu Gobi<\/span>\n\t\t\t\t\t<\/span>\n\t\t\t\t\t<\/a>\n\t\t\t\t<\/div>\n\t\t\t\t\t\t\t\t<\/div>\n\t\t\t\t<\/div>\n\t\t\t\t\t<\/div>\n\t\t<\/div>\n\t\t\t\t\t<\/div>\n\t\t<\/section>\n\t\t\t\t<\/div>","protected":false},"excerpt":{"rendered":"<p>Jak se starat o ko\u0161ili Ur\u010dit\u011b se ka\u017ed\u00e9mu z v\u00e1s alespo\u0148 jednou stalo, \u017ee jste si po\u0159\u00eddili novou ko\u0161ili s vidinou, \u017ee v\u00e1m bude slou\u017eit p\u011bkn\u00fdch p\u00e1r sez\u00f3n. Nestalo se. D\u016fvod\u016f mohlo b\u00fdt hned n\u011bkolik. Od ne\u0161etrn\u00e9ho pran\u00ed v podob\u011b nevhodn\u00e9ho pr\u00e1\u0161ku, nespr\u00e1vn\u011b zvolen\u00e9 teploty vody, nadm\u011brn\u00e9 teploty p\u0159i \u017eehlen\u00ed, nebo opot\u0159eben\u00ed p\u0159i no\u0161en\u00ed, kter\u00e9mu [&hellip;]<\/p>\n","protected":false},"author":1,"featured_media":0,"parent":0,"menu_order":0,"comment_status":"closed","ping_status":"closed","template":"template-builder.php","meta":{"_acf_changed":false,"footnotes":""},"class_list":["post-50881","page","type-page","status-publish","hentry"],"acf":[],"_links":{"self":[{"href":"https:\/\/thegobi.eu\/hr\/wp-json\/wp\/v2\/pages\/50881","targetHints":{"allow":["GET"]}}],"collection":[{"href":"https:\/\/thegobi.eu\/hr\/wp-json\/wp\/v2\/pages"}],"about":[{"href":"https:\/\/thegobi.eu\/hr\/wp-json\/wp\/v2\/types\/page"}],"author":[{"embeddable":true,"href":"https:\/\/thegobi.eu\/hr\/wp-json\/wp\/v2\/users\/1"}],"replies":[{"embeddable":true,"href":"https:\/\/thegobi.eu\/hr\/wp-json\/wp\/v2\/comments?post=50881"}],"version-history":[{"count":0,"href":"https:\/\/thegobi.eu\/hr\/wp-json\/wp\/v2\/pages\/50881\/revisions"}],"wp:attachment":[{"href":"https:\/\/thegobi.eu\/hr\/wp-json\/wp\/v2\/media?parent=50881"}],"curies":[{"name":"wp","href":"https:\/\/api.w.org\/{rel}","templated":true}]}}