{"id":51184,"date":"2019-07-02T13:02:58","date_gmt":"2019-07-02T11:02:58","guid":{"rendered":"https:\/\/thegobi.eu\/cz-staging\/?page_id=51184"},"modified":"2025-05-16T17:19:49","modified_gmt":"2025-05-16T15:19:49","slug":"nevidljiva-majica-gobi","status":"publish","type":"page","link":"https:\/\/thegobi.eu\/hr\/nevidljiva-majica-gobi\/","title":{"rendered":"BLOG \u2013 Nevidljiva majica Gobi"},"content":{"rendered":"<div data-elementor-type=\"wp-page\" data-elementor-id=\"51184\" class=\"elementor elementor-51184\" data-elementor-post-type=\"page\">\n\t\t\t\t\t\t<section class=\"elementor-section elementor-top-section elementor-element elementor-element-2414b2a9 rey-section-bg--classic elementor-section-boxed elementor-section-height-default elementor-section-height-default\" data-id=\"2414b2a9\" data-element_type=\"section\" data-e-type=\"section\" data-settings=\"{&quot;background_background&quot;:&quot;classic&quot;}\">\n\t\t\t\t\t\t<div class=\"elementor-container elementor-column-gap-no\">\n\t\t\t\t\t<div class=\"elementor-column elementor-col-100 elementor-top-column elementor-element elementor-element-5b9f7dce\" data-id=\"5b9f7dce\" data-element_type=\"column\" data-e-type=\"column\">\n\t\t\t<div class=\"elementor-column-wrap--5b9f7dce elementor-widget-wrap elementor-element-populated\">\n\t\t\t\t\t\t<div class=\"elementor-element elementor-element-27650efb elementor-widget elementor-widget-spacer\" data-id=\"27650efb\" data-element_type=\"widget\" data-e-type=\"widget\" data-widget_type=\"spacer.default\">\n\t\t\t\t<div class=\"elementor-widget-container\">\n\t\t\t\t\t\t\t<div class=\"elementor-spacer\">\n\t\t\t<div class=\"elementor-spacer-inner\"><\/div>\n\t\t<\/div>\n\t\t\t\t\t\t<\/div>\n\t\t\t\t<\/div>\n\t\t\t\t<div class=\"elementor-element elementor-element-9a4ab7f elementor-view-framed elementor-shape-circle elementor-widget elementor-widget-icon\" data-id=\"9a4ab7f\" data-element_type=\"widget\" data-e-type=\"widget\" data-widget_type=\"icon.default\">\n\t\t\t\t<div class=\"elementor-widget-container\">\n\t\t\t\t\t\t\t<div class=\"elementor-icon-wrapper\">\n\t\t\t<div class=\"elementor-icon elementor-animation-pulse\">\n\t\t\t\t\t\t\t<i class=\"fa fa-eye\" aria-hidden=\"true\"><\/i>\n\t\t\t\t\t\t<\/div>\n\t\t<\/div>\n\t\t\t\t\t\t<\/div>\n\t\t\t\t<\/div>\n\t\t\t\t<div class=\"elementor-element elementor-element-379f8f7f elementor-widget elementor-widget-heading\" data-id=\"379f8f7f\" data-element_type=\"widget\" data-e-type=\"widget\" data-widget_type=\"heading.default\">\n\t\t\t\t<div class=\"elementor-widget-container\">\n\t\t\t\t\t<h1 class=\"elementor-heading-title elementor-size-default\">Nevidljiva majica Gobi<\/h1>\t\t\t\t<\/div>\n\t\t\t\t<\/div>\n\t\t\t\t\t<\/div>\n\t\t<\/div>\n\t\t\t\t\t<\/div>\n\t\t<\/section>\n\t\t\t\t<section class=\"elementor-section elementor-top-section elementor-element elementor-element-151412f7 elementor-section-boxed elementor-section-height-default elementor-section-height-default\" data-id=\"151412f7\" data-element_type=\"section\" data-e-type=\"section\">\n\t\t\t\t\t\t<div class=\"elementor-container elementor-column-gap-default\">\n\t\t\t\t\t<div class=\"elementor-column elementor-col-100 elementor-top-column elementor-element elementor-element-44fe3efd\" data-id=\"44fe3efd\" data-element_type=\"column\" data-e-type=\"column\">\n\t\t\t<div class=\"elementor-column-wrap--44fe3efd elementor-widget-wrap elementor-element-populated\">\n\t\t\t\t\t\t<div class=\"elementor-element elementor-element-8f69893 elementor-widget elementor-widget-text-editor\" data-id=\"8f69893\" data-element_type=\"widget\" data-e-type=\"widget\" data-widget_type=\"text-editor.default\">\n\t\t\t\t<div class=\"elementor-widget-container\">\n\t\t\t\t\t\t\t\t\t<p><b>Nekada se bijela majica smatrala neizostavnim dijelom na\u0161e garderobe, dok je za mnoge od nas tako i danas.<\/b> Bijela boja pristaje svemu, tako da se majica mo\u017ee kombinirati na vi\u0161e na\u010dina. Neki bijelu majicu nose i ispod ko\u0161ulje. No mnogi od nas ve\u0107 znaju da postoji majica posebno dizajnirana za no\u0161enje ispod ko\u0161ulje \u2013 GOBI podmajica koja (ne samo) \u0161titi i ne propu\u0161ta znoj.\u00a0<\/p><p>Popularitet<a href=\"https:\/\/thegobi.eu\/hr\/neviditelne-triko-pod-kosili\/\"> tijelom, \u201enevidljivog\u201c majice ispod ko\u0161ulje GOBI<\/a> nelze p\u0159ehl\u00e9dnout. Oproti klasick\u00e9mu b\u00edl\u00e9mu triku m\u00e1 toti\u017e t\u011blov\u00e9 podtriko mnoho v\u00fdhod:<\/p><ol><li><b>Njegova osnovna svrha je za\u0161tita od znojenja, pa je (ne samo) ispod ko\u0161ulje idealan komad odje\u0107e.\u00a0<br \/><\/b><\/li><li><b>Ima prakti\u010dnu, produ\u017eenu du\u017einu.\u00a0<\/b><\/li><li><b>Izra\u0111en je od vrlo kvalitetnog, ugodnog materijala.\u00a0<\/b><\/li><li><b>Kroj mu je uskog kroja, pa savr\u0161eno pristaje.\u00a0<\/b><\/li><li><b>Izrez u obliku slova V osigurava da, \u010dak i ako preferirate ko\u0161ulju s otvorenim gornjim gumbima, nevidljivi top i dalje ostane nevidljiv.\u00a0<\/b><\/li><li><b>Kratki kroj rukava osigurat \u0107e da se ne vidi ispod drugog majice.\u00a0<\/b><\/li><\/ol>\t\t\t\t\t\t\t\t<\/div>\n\t\t\t\t<\/div>\n\t\t\t\t\t<\/div>\n\t\t<\/div>\n\t\t\t\t\t<\/div>\n\t\t<\/section>\n\t\t\t\t<section class=\"elementor-section elementor-top-section elementor-element elementor-element-6c16dec elementor-section-full_width elementor-section-height-default elementor-section-height-default\" data-id=\"6c16dec\" data-element_type=\"section\" data-e-type=\"section\">\n\t\t\t\t\t\t<div class=\"elementor-container elementor-column-gap-default\">\n\t\t\t\t\t<div class=\"elementor-column elementor-col-100 elementor-top-column elementor-element elementor-element-83d15f3\" data-id=\"83d15f3\" data-element_type=\"column\" data-e-type=\"column\">\n\t\t\t<div class=\"elementor-column-wrap--83d15f3 elementor-widget-wrap elementor-element-populated\">\n\t\t\t\t\t\t<div class=\"elementor-element elementor-element-960d84f elementor-skin-carousel elementor-arrows-yes elementor-pagination-type-bullets elementor-pagination-position-outside elementor-widget elementor-widget-media-carousel\" data-id=\"960d84f\" data-element_type=\"widget\" data-e-type=\"widget\" data-settings=\"{&quot;slides_per_view&quot;:&quot;4&quot;,&quot;autoplay_speed&quot;:4000,&quot;space_between&quot;:{&quot;unit&quot;:&quot;px&quot;,&quot;size&quot;:5,&quot;sizes&quot;:[]},&quot;skin&quot;:&quot;carousel&quot;,&quot;effect&quot;:&quot;slide&quot;,&quot;show_arrows&quot;:&quot;yes&quot;,&quot;pagination&quot;:&quot;bullets&quot;,&quot;speed&quot;:500,&quot;autoplay&quot;:&quot;yes&quot;,&quot;loop&quot;:&quot;yes&quot;,&quot;pause_on_hover&quot;:&quot;yes&quot;,&quot;pause_on_interaction&quot;:&quot;yes&quot;,&quot;space_between_tablet&quot;:{&quot;unit&quot;:&quot;px&quot;,&quot;size&quot;:10,&quot;sizes&quot;:[]},&quot;space_between_mobile&quot;:{&quot;unit&quot;:&quot;px&quot;,&quot;size&quot;:10,&quot;sizes&quot;:[]}}\" data-widget_type=\"media-carousel.default\">\n\t\t\t\t<div class=\"elementor-widget-container\">\n\t\t\t\t\t\t\t\t\t<div class=\"elementor-swiper\">\n\t\t\t\t\t<div class=\"elementor-main-swiper swiper\" role=\"region\" aria-roledescription=\"carousel\" aria-label=\"Slajdovi\">\n\t\t\t\t<div class=\"swiper-wrapper\">\n\t\t\t\t\t\t\t\t\t\t\t<div class=\"swiper-slide\" role=\"group\" aria-roledescription=\"slide\">\n\t\t\t\t\t\t\t<a href=\"https:\/\/thegobi.eu\/wp-content\/uploads\/2019\/04\/Gobi-p\u00e1nsk\u00e9-triko-proti-pocen\u00ed-pod-ko\u0161ili-neviditeln\u00e9-t\u011blov\u00e9-7-min.jpg\" data-elementor-open-lightbox=\"yes\" data-elementor-lightbox-slideshow=\"960d84f\" data-elementor-lightbox-title=\"Gobi p\u00e1nsk\u00e9 triko proti pocen\u00ed pod ko\u0161ili neviditeln\u00e9 t\u011blov\u00e9 (7)-min\" data-e-action-hash=\"#elementor-action%3Aaction%3Dlightbox%26settings%3DeyJpZCI6OTgzNywidXJsIjoiaHR0cHM6XC9cL3RoZWdvYmkuZXVcL3dwLWNvbnRlbnRcL3VwbG9hZHNcLzIwMTlcLzA0XC9Hb2JpLXBcdTAwZTFuc2tcdTAwZTktdHJpa28tcHJvdGktcG9jZW5cdTAwZWQtcG9kLWtvXHUwMTYxaWxpLW5ldmlkaXRlbG5cdTAwZTktdFx1MDExYmxvdlx1MDBlOS03LW1pbi1zY2FsZWQuanBnIiwic2xpZGVzaG93IjoiOTYwZDg0ZiJ9\">\t\t<div class=\"elementor-carousel-image lazyload\" role=\"img\" aria-label=\"Gobi mu\u0161ka majica protiv znojenja ispod ko\u0161ulje, nevidljiva, boja tijela (7)-min\" style=\"background-image:inherit\" data-bg-image=\"url(&#039;https:\/\/thegobi.eu\/wp-content\/uploads\/2019\/04\/Gobi-p\u00e1nsk\u00e9-triko-proti-pocen\u00ed-pod-ko\u0161ili-neviditeln\u00e9-t\u011blov\u00e9-7-min-751x1024.jpg&#039;)\">\n\n\t\t\t\n\t\t\t\t\t<\/div>\n\t\t\t\t\t<div class=\"elementor-carousel-image-overlay e-overlay-animation-fade\">\n\t\t\t\t<i class=\"fas fa-eye\"><\/i>\t\t\t<\/div>\n\t\t\t<\/a>\t\t\t\t\t\t<\/div>\n\t\t\t\t\t\t\t\t\t\t\t<div class=\"swiper-slide\" role=\"group\" aria-roledescription=\"slide\">\n\t\t\t\t\t\t\t<a href=\"https:\/\/thegobi.eu\/wp-content\/uploads\/2019\/04\/Gobi-p\u00e1nsk\u00e9-triko-proti-pocen\u00ed-pod-ko\u0161ili-neviditeln\u00e9-t\u011blov\u00e9-4-min.jpg\" data-elementor-open-lightbox=\"yes\" data-elementor-lightbox-slideshow=\"960d84f\" data-elementor-lightbox-title=\"Gobi p\u00e1nsk\u00e9 triko proti pocen\u00ed pod ko\u0161ili neviditeln\u00e9 t\u011blov\u00e9 (4)-min\" data-e-action-hash=\"#elementor-action%3Aaction%3Dlightbox%26settings%3DeyJpZCI6OTgzNCwidXJsIjoiaHR0cHM6XC9cL3RoZWdvYmkuZXVcL3dwLWNvbnRlbnRcL3VwbG9hZHNcLzIwMTlcLzA0XC9Hb2JpLXBcdTAwZTFuc2tcdTAwZTktdHJpa28tcHJvdGktcG9jZW5cdTAwZWQtcG9kLWtvXHUwMTYxaWxpLW5ldmlkaXRlbG5cdTAwZTktdFx1MDExYmxvdlx1MDBlOS00LW1pbi1zY2FsZWQuanBnIiwic2xpZGVzaG93IjoiOTYwZDg0ZiJ9\">\t\t<div class=\"elementor-carousel-image lazyload\" role=\"img\" aria-label=\"Gobi mu\u0161ka majica protiv znojenja ispod ko\u0161ulje, nevidljiva, boja tijela (4)-min\" style=\"background-image:inherit\" data-bg-image=\"url(&#039;https:\/\/thegobi.eu\/wp-content\/uploads\/2019\/04\/Gobi-p\u00e1nsk\u00e9-triko-proti-pocen\u00ed-pod-ko\u0161ili-neviditeln\u00e9-t\u011blov\u00e9-4-min-751x1024.jpg&#039;)\">\n\n\t\t\t\n\t\t\t\t\t<\/div>\n\t\t\t\t\t<div class=\"elementor-carousel-image-overlay e-overlay-animation-fade\">\n\t\t\t\t<i class=\"fas fa-eye\"><\/i>\t\t\t<\/div>\n\t\t\t<\/a>\t\t\t\t\t\t<\/div>\n\t\t\t\t\t\t\t\t\t\t\t<div class=\"swiper-slide\" role=\"group\" aria-roledescription=\"slide\">\n\t\t\t\t\t\t\t<a href=\"https:\/\/thegobi.eu\/wp-content\/uploads\/2019\/04\/Gobi-p\u00e1nsk\u00e9-triko-proti-pocen\u00ed-pod-ko\u0161ili-neviditeln\u00e9-t\u011blov\u00e9-6-min.jpg\" data-elementor-open-lightbox=\"yes\" data-elementor-lightbox-slideshow=\"960d84f\" data-elementor-lightbox-title=\"Gobi p\u00e1nsk\u00e9 triko proti pocen\u00ed pod ko\u0161ili neviditeln\u00e9 t\u011blov\u00e9 (6)-min\" data-e-action-hash=\"#elementor-action%3Aaction%3Dlightbox%26settings%3DeyJpZCI6OTgzNiwidXJsIjoiaHR0cHM6XC9cL3RoZWdvYmkuZXVcL3dwLWNvbnRlbnRcL3VwbG9hZHNcLzIwMTlcLzA0XC9Hb2JpLXBcdTAwZTFuc2tcdTAwZTktdHJpa28tcHJvdGktcG9jZW5cdTAwZWQtcG9kLWtvXHUwMTYxaWxpLW5ldmlkaXRlbG5cdTAwZTktdFx1MDExYmxvdlx1MDBlOS02LW1pbi1zY2FsZWQuanBnIiwic2xpZGVzaG93IjoiOTYwZDg0ZiJ9\">\t\t<div class=\"elementor-carousel-image lazyload\" role=\"img\" aria-label=\"Gobi mu\u0161ka majica protiv znojenja ispod ko\u0161ulje, nevidljiva, boja tijela (6)-min\" style=\"background-image:inherit\" data-bg-image=\"url(&#039;https:\/\/thegobi.eu\/wp-content\/uploads\/2019\/04\/Gobi-p\u00e1nsk\u00e9-triko-proti-pocen\u00ed-pod-ko\u0161ili-neviditeln\u00e9-t\u011blov\u00e9-6-min-1024x679.jpg&#039;)\">\n\n\t\t\t\n\t\t\t\t\t<\/div>\n\t\t\t\t\t<div class=\"elementor-carousel-image-overlay e-overlay-animation-fade\">\n\t\t\t\t<i class=\"fas fa-eye\"><\/i>\t\t\t<\/div>\n\t\t\t<\/a>\t\t\t\t\t\t<\/div>\n\t\t\t\t\t\t\t\t\t\t\t<div class=\"swiper-slide\" role=\"group\" aria-roledescription=\"slide\">\n\t\t\t\t\t\t\t<a href=\"https:\/\/thegobi.eu\/wp-content\/uploads\/2019\/04\/Gobi-p\u00e1nsk\u00e9-triko-proti-pocen\u00ed-pod-ko\u0161ili-neviditeln\u00e9-t\u011blov\u00e9-1-min.jpg\" data-elementor-open-lightbox=\"yes\" data-elementor-lightbox-slideshow=\"960d84f\" data-elementor-lightbox-title=\"Gobi p\u00e1nsk\u00e9 triko proti pocen\u00ed pod ko\u0161ili neviditeln\u00e9 t\u011blov\u00e9 (1)-min\" data-e-action-hash=\"#elementor-action%3Aaction%3Dlightbox%26settings%3DeyJpZCI6OTg1OCwidXJsIjoiaHR0cHM6XC9cL3RoZWdvYmkuZXVcL3dwLWNvbnRlbnRcL3VwbG9hZHNcLzIwMTlcLzA0XC9Hb2JpLXBcdTAwZTFuc2tcdTAwZTktdHJpa28tcHJvdGktcG9jZW5cdTAwZWQtcG9kLWtvXHUwMTYxaWxpLW5ldmlkaXRlbG5cdTAwZTktdFx1MDExYmxvdlx1MDBlOS0xLW1pbi1zY2FsZWQuanBnIiwic2xpZGVzaG93IjoiOTYwZDg0ZiJ9\">\t\t<div class=\"elementor-carousel-image lazyload\" role=\"img\" aria-label=\"Gobi mu\u0161ka majica protiv znojenja ispod ko\u0161ulje, nevidljiva, boja tijela (1)-min\" style=\"background-image:inherit\" data-bg-image=\"url(&#039;https:\/\/thegobi.eu\/wp-content\/uploads\/2019\/04\/Gobi-p\u00e1nsk\u00e9-triko-proti-pocen\u00ed-pod-ko\u0161ili-neviditeln\u00e9-t\u011blov\u00e9-1-min-1024x679.jpg&#039;)\">\n\n\t\t\t\n\t\t\t\t\t<\/div>\n\t\t\t\t\t<div class=\"elementor-carousel-image-overlay e-overlay-animation-fade\">\n\t\t\t\t<i class=\"fas fa-eye\"><\/i>\t\t\t<\/div>\n\t\t\t<\/a>\t\t\t\t\t\t<\/div>\n\t\t\t\t\t\t\t\t\t\t\t<div class=\"swiper-slide\" role=\"group\" aria-roledescription=\"slide\">\n\t\t\t\t\t\t\t<a href=\"https:\/\/thegobi.eu\/wp-content\/uploads\/2019\/04\/Gobi-p\u00e1nsk\u00e9-triko-proti-pocen\u00ed-pod-ko\u0161ili-neviditeln\u00e9-t\u011blov\u00e9-2-min.jpg\" data-elementor-open-lightbox=\"yes\" data-elementor-lightbox-slideshow=\"960d84f\" data-elementor-lightbox-title=\"Gobi p\u00e1nsk\u00e9 triko proti pocen\u00ed pod ko\u0161ili neviditeln\u00e9 t\u011blov\u00e9 (2)-min\" data-e-action-hash=\"#elementor-action%3Aaction%3Dlightbox%26settings%3DeyJpZCI6OTg1OSwidXJsIjoiaHR0cHM6XC9cL3RoZWdvYmkuZXVcL3dwLWNvbnRlbnRcL3VwbG9hZHNcLzIwMTlcLzA0XC9Hb2JpLXBcdTAwZTFuc2tcdTAwZTktdHJpa28tcHJvdGktcG9jZW5cdTAwZWQtcG9kLWtvXHUwMTYxaWxpLW5ldmlkaXRlbG5cdTAwZTktdFx1MDExYmxvdlx1MDBlOS0yLW1pbi1zY2FsZWQuanBnIiwic2xpZGVzaG93IjoiOTYwZDg0ZiJ9\">\t\t<div class=\"elementor-carousel-image lazyload\" role=\"img\" aria-label=\"Gobi mu\u0161ka majica protiv znojenja ispod ko\u0161ulje, nevidljiva, boja tijela (2) min\" style=\"background-image:inherit\" data-bg-image=\"url(&#039;https:\/\/thegobi.eu\/wp-content\/uploads\/2019\/04\/Gobi-p\u00e1nsk\u00e9-triko-proti-pocen\u00ed-pod-ko\u0161ili-neviditeln\u00e9-t\u011blov\u00e9-2-min-1024x679.jpg&#039;)\">\n\n\t\t\t\n\t\t\t\t\t<\/div>\n\t\t\t\t\t<div class=\"elementor-carousel-image-overlay e-overlay-animation-fade\">\n\t\t\t\t<i class=\"fas fa-eye\"><\/i>\t\t\t<\/div>\n\t\t\t<\/a>\t\t\t\t\t\t<\/div>\n\t\t\t\t\t\t\t\t\t<\/div>\n\t\t\t\t\t\t\t\t\t\t\t\t\t\t\t<div class=\"elementor-swiper-button elementor-swiper-button-prev\" role=\"button\" tabindex=\"0\" aria-label=\"Prethodni\">\n\t\t\t\t\t\t\t<i aria-hidden=\"true\" class=\"eicon-chevron-left\"><\/i>\t\t\t\t\t\t<\/div>\n\t\t\t\t\t\t<div class=\"elementor-swiper-button elementor-swiper-button-next\" role=\"button\" tabindex=\"0\" aria-label=\"Sljede\u0107e\">\n\t\t\t\t\t\t\t<i aria-hidden=\"true\" class=\"eicon-chevron-right\"><\/i>\t\t\t\t\t\t<\/div>\n\t\t\t\t\t\t\t\t\t\t\t\t\t\t\t\t<div class=\"swiper-pagination\"><\/div>\n\t\t\t\t\t\t\t\t\t\t\t\t<\/div>\n\t\t\t\t<\/div>\n\t\t\t\t\t\t\t\t<\/div>\n\t\t\t\t<\/div>\n\t\t\t\t\t<\/div>\n\t\t<\/div>\n\t\t\t\t\t<\/div>\n\t\t<\/section>\n\t\t\t\t<section class=\"elementor-section elementor-top-section elementor-element elementor-element-5539ebb elementor-section-boxed elementor-section-height-default elementor-section-height-default\" data-id=\"5539ebb\" data-element_type=\"section\" data-e-type=\"section\">\n\t\t\t\t\t\t<div class=\"elementor-container elementor-column-gap-default\">\n\t\t\t\t\t<div class=\"elementor-column elementor-col-100 elementor-top-column elementor-element elementor-element-5e38f37\" data-id=\"5e38f37\" data-element_type=\"column\" data-e-type=\"column\">\n\t\t\t<div class=\"elementor-column-wrap--5e38f37 elementor-widget-wrap elementor-element-populated\">\n\t\t\t\t\t\t<div class=\"elementor-element elementor-element-4717329 elementor-widget elementor-widget-text-editor\" data-id=\"4717329\" data-element_type=\"widget\" data-e-type=\"widget\" data-widget_type=\"text-editor.default\">\n\t\t\t\t<div class=\"elementor-widget-container\">\n\t\t\t\t\t\t\t\t\t<p>Rastu\u0107u popularnost potko\u0161ulja u boji ko\u017ee kod na\u0161ih kupaca obja\u0161njavamo time \u0161to su \u201emultifunkcionalne\u201c. Ne samo da \u0161tite od znojenja, ve\u0107 su i prakti\u010dan komad odje\u0107e za svakodnevno no\u0161enje. Njihova boja ko\u017ee se stapa i mo\u017eete obu\u0107i bilo koju ko\u0161ulju bez dugog razmi\u0161ljanja. Vi\u0161e ne morate rje\u0161avati situacije kada \u017eelite obu\u0107i svoje omiljene ko\u0161ulje, ali zbog straha od znojenja njihovo no\u0161enje stalno odga\u0111ate na neodre\u0111eno. Ne morate se uvijati pred ogledalom i provjeravati prosvjetljuje li majica ispod ko\u0161ulje, kao \u0161to je sigurno bio slu\u010daj s klasi\u010dnom pamu\u010dnom majicom koju ste dosad nosili. Ne, neprozire i idealno je ispod bijele ko\u0161ulje. Razmi\u0161ljate da vam ko\u0161ulje zapravo previ\u0161e smetaju i da radije nosite POLO majice ili d\u017eempere? Prednost potko\u0161ulje je u tome \u0161to je mo\u017eete obu\u0107i ispod bilo kojeg komada odje\u0107e. Mo\u017eete je koristiti i za sport. Kad uzmete u obzir da \u0107ete se sigurno oznojiti dok prela\u017eete devet rupa na golf terenu, znat \u0107ete i da se va\u0161e omiljeno POLO majice sigurno ne\u0107e smo\u010diti znojem. Njegov kroj osim toga jam\u010di savr\u0161eno pristajanje. Ako osim prakti\u010dnosti i funkcionalnosti preferirate i kvalitetne materijale, onda je podmajica GOBI komad koji \u0107ete zasigurno zavoljeti. Uostalom, ne mo\u017eete odoljeti bezvremenskoj klasi\u010dnoj kombinaciji crne i bijele boje? Imamo rje\u0161enje u obliku crne i bijele varijante potko\u0161ulje GOBI. Zbunili smo vas i ne znate koju boju odabrati? Nabavite sve tri. Vjerujemo da ne\u0107ete po\u017ealiti.<\/p>\t\t\t\t\t\t\t\t<\/div>\n\t\t\t\t<\/div>\n\t\t\t\t\t<\/div>\n\t\t<\/div>\n\t\t\t\t\t<\/div>\n\t\t<\/section>\n\t\t\t\t<section class=\"elementor-section elementor-top-section elementor-element elementor-element-9d93260 elementor-section-boxed elementor-section-height-default elementor-section-height-default\" data-id=\"9d93260\" data-element_type=\"section\" data-e-type=\"section\">\n\t\t\t\t\t\t<div class=\"elementor-container elementor-column-gap-default\">\n\t\t\t\t\t<div class=\"elementor-column elementor-col-100 elementor-top-column elementor-element elementor-element-35edab3\" data-id=\"35edab3\" data-element_type=\"column\" data-e-type=\"column\">\n\t\t\t<div class=\"elementor-column-wrap--35edab3 elementor-widget-wrap elementor-element-populated\">\n\t\t\t\t\t\t<div class=\"elementor-element elementor-element-f2d42cb elementor-align-justify elementor-widget elementor-widget-button\" data-id=\"f2d42cb\" data-element_type=\"widget\" data-e-type=\"widget\" data-widget_type=\"button.default\">\n\t\t\t\t<div class=\"elementor-widget-container\">\n\t\t\t\t\t\t\t\t\t<div class=\"elementor-button-wrapper\">\n\t\t\t\t\t<a class=\"elementor-button elementor-button-link elementor-size-sm\" href=\"https:\/\/thegobi.eu\/hr\/koupit\/\">\n\t\t\t\t\t\t<span class=\"elementor-button-content-wrapper\">\n\t\t\t\t\t\t\t\t\t<span class=\"elementor-button-text\">Kupiti majicu Gobi<\/span>\n\t\t\t\t\t<\/span>\n\t\t\t\t\t<\/a>\n\t\t\t\t<\/div>\n\t\t\t\t\t\t\t\t<\/div>\n\t\t\t\t<\/div>\n\t\t\t\t\t<\/div>\n\t\t<\/div>\n\t\t\t\t\t<\/div>\n\t\t<\/section>\n\t\t\t\t<\/div>","protected":false},"excerpt":{"rendered":"<p>Neviditeln\u00e9 tri\u010dko Gobi D\u0159\u00edve bylo b\u00edl\u00e9 triko pova\u017eov\u00e1no za nezbytnost na\u0161eho \u0161atn\u00edku, a pro mnoho z n\u00e1s nezbytnost\u00ed st\u00e1le je. B\u00edl\u00e1 barva se hod\u00ed ke v\u0161emu a triko tak lze kombinovat na v\u00edce zp\u016fsob\u016f. N\u011bkte\u0159\u00ed nos\u00ed b\u00edl\u00e9 triko i pod ko\u0161ili. Ur\u010dit\u011b u\u017e ale mnoho z n\u00e1s v\u00ed, \u017ee existuje triko, kter\u00e9 je pod ko\u0161ili [&hellip;]<\/p>\n","protected":false},"author":1,"featured_media":0,"parent":0,"menu_order":0,"comment_status":"closed","ping_status":"closed","template":"template-builder.php","meta":{"_acf_changed":false,"footnotes":""},"class_list":["post-51184","page","type-page","status-publish","hentry"],"acf":[],"_links":{"self":[{"href":"https:\/\/thegobi.eu\/hr\/wp-json\/wp\/v2\/pages\/51184","targetHints":{"allow":["GET"]}}],"collection":[{"href":"https:\/\/thegobi.eu\/hr\/wp-json\/wp\/v2\/pages"}],"about":[{"href":"https:\/\/thegobi.eu\/hr\/wp-json\/wp\/v2\/types\/page"}],"author":[{"embeddable":true,"href":"https:\/\/thegobi.eu\/hr\/wp-json\/wp\/v2\/users\/1"}],"replies":[{"embeddable":true,"href":"https:\/\/thegobi.eu\/hr\/wp-json\/wp\/v2\/comments?post=51184"}],"version-history":[{"count":0,"href":"https:\/\/thegobi.eu\/hr\/wp-json\/wp\/v2\/pages\/51184\/revisions"}],"wp:attachment":[{"href":"https:\/\/thegobi.eu\/hr\/wp-json\/wp\/v2\/media?parent=51184"}],"curies":[{"name":"wp","href":"https:\/\/api.w.org\/{rel}","templated":true}]}}