{"id":56091,"date":"2019-07-02T15:47:15","date_gmt":"2019-07-02T13:47:15","guid":{"rendered":"https:\/\/thegobi.eu\/cz-staging\/?page_id=56091"},"modified":"2025-05-16T17:19:49","modified_gmt":"2025-05-16T15:19:49","slug":"iza-kulisa-gobi","status":"publish","type":"page","link":"https:\/\/thegobi.eu\/hr\/iza-kulisa-gobi\/","title":{"rendered":"BLOG \u2013 Iza kulisa Gobi"},"content":{"rendered":"<div data-elementor-type=\"wp-page\" data-elementor-id=\"56091\" class=\"elementor elementor-56091\" data-elementor-post-type=\"page\">\n\t\t\t\t\t\t<section class=\"elementor-section elementor-top-section elementor-element elementor-element-2414b2a9 rey-section-bg--classic elementor-section-boxed elementor-section-height-default elementor-section-height-default\" data-id=\"2414b2a9\" data-element_type=\"section\" data-e-type=\"section\" data-settings=\"{&quot;background_background&quot;:&quot;classic&quot;}\">\n\t\t\t\t\t\t<div class=\"elementor-container elementor-column-gap-no\">\n\t\t\t\t\t<div class=\"elementor-column elementor-col-100 elementor-top-column elementor-element elementor-element-5b9f7dce\" data-id=\"5b9f7dce\" data-element_type=\"column\" data-e-type=\"column\">\n\t\t\t<div class=\"elementor-column-wrap--5b9f7dce elementor-widget-wrap elementor-element-populated\">\n\t\t\t\t\t\t<div class=\"elementor-element elementor-element-27650efb elementor-widget elementor-widget-spacer\" data-id=\"27650efb\" data-element_type=\"widget\" data-e-type=\"widget\" data-widget_type=\"spacer.default\">\n\t\t\t\t<div class=\"elementor-widget-container\">\n\t\t\t\t\t\t\t<div class=\"elementor-spacer\">\n\t\t\t<div class=\"elementor-spacer-inner\"><\/div>\n\t\t<\/div>\n\t\t\t\t\t\t<\/div>\n\t\t\t\t<\/div>\n\t\t\t\t<div class=\"elementor-element elementor-element-9a4ab7f elementor-view-framed elementor-shape-circle elementor-widget elementor-widget-icon\" data-id=\"9a4ab7f\" data-element_type=\"widget\" data-e-type=\"widget\" data-widget_type=\"icon.default\">\n\t\t\t\t<div class=\"elementor-widget-container\">\n\t\t\t\t\t\t\t<div class=\"elementor-icon-wrapper\">\n\t\t\t<div class=\"elementor-icon elementor-animation-pulse\">\n\t\t\t\t\t\t\t<i class=\"fa fa-camera\" aria-hidden=\"true\"><\/i>\n\t\t\t\t\t\t<\/div>\n\t\t<\/div>\n\t\t\t\t\t\t<\/div>\n\t\t\t\t<\/div>\n\t\t\t\t<div class=\"elementor-element elementor-element-379f8f7f elementor-widget elementor-widget-heading\" data-id=\"379f8f7f\" data-element_type=\"widget\" data-e-type=\"widget\" data-widget_type=\"heading.default\">\n\t\t\t\t<div class=\"elementor-widget-container\">\n\t\t\t\t\t<h1 class=\"elementor-heading-title elementor-size-default\">Iza kulisa Gobi<\/h1>\t\t\t\t<\/div>\n\t\t\t\t<\/div>\n\t\t\t\t\t<\/div>\n\t\t<\/div>\n\t\t\t\t\t<\/div>\n\t\t<\/section>\n\t\t\t\t<section class=\"elementor-section elementor-top-section elementor-element elementor-element-151412f7 elementor-section-boxed elementor-section-height-default elementor-section-height-default\" data-id=\"151412f7\" data-element_type=\"section\" data-e-type=\"section\">\n\t\t\t\t\t\t<div class=\"elementor-container elementor-column-gap-default\">\n\t\t\t\t\t<div class=\"elementor-column elementor-col-50 elementor-top-column elementor-element elementor-element-44fe3efd\" data-id=\"44fe3efd\" data-element_type=\"column\" data-e-type=\"column\">\n\t\t\t<div class=\"elementor-column-wrap--44fe3efd elementor-widget-wrap elementor-element-populated\">\n\t\t\t\t\t\t<div class=\"elementor-element elementor-element-8f69893 elementor-widget elementor-widget-text-editor\" data-id=\"8f69893\" data-element_type=\"widget\" data-e-type=\"widget\" data-widget_type=\"text-editor.default\">\n\t\t\t\t<div class=\"elementor-widget-container\">\n\t\t\t\t\t\t\t\t\t<p><b>Danas bismo vas rado poveli da zavirite iza kulisa na\u0161e marke.<\/b> Budu\u0107i da interes za GOBI majice neprestano raste, \u017eelimo postupno raditi ne samo na pro\u0161irenju asortimana, nego i na pobolj\u0161anju web-stranica, \u010diji su sastavni dio, naravno, fotografije proizvoda. Upravo su fotografije za nas trenutno na prvom mjestu.\u00a0<\/p><p>Na\u0161 trenutni cilj je pro\u0161iriti marku GOBI na europsko tr\u017ei\u0161te. Stoga su fotografije bolje kvalitete neophodan dio. Za utorak, 22.3. 2019. osigurali smo tim profesionalaca, u kojem su bili fotograf, modna stilistica, viza\u017eistica i modeli. Fotografiranje je odr\u017eano u Pragu i zahvaljuju\u0107i ovom sjajnom timu nije nedostajalo vrlo ugodne i prijateljske atmosfere. Prvo smo se usredoto\u010dili na fotografije samog proizvoda. Kod mu\u0161karaca smo fotografirali majice u bijeloj, boji ko\u017ee i crnoj boji. Kod \u017eena zasad samo u bijeloj, ali i ovdje planiramo gore navedeno pro\u0161irenje asortimana, o kojem \u0107emo vas pravovremeno obavijestiti. U druge faze fotografiranja bacili smo se na takozvane 'dizajnerske' fotografije (kako da to nazovem?). Tijekom fotografiranja modeli su izmijenili mnogo odjevnih kombinacija i poza. Sada je na nama da odaberemo najbolje fotografije i postavimo ih na web.\u00a0<\/p><p>Vjerujemo da \u0107e vam ove fotografije bolje i detaljnije pribli\u017eiti na\u0161 proizvod i veselimo se va\u0161im reakcijama. Jo\u0161 jednom bismo \u017eeljeli zahvaliti sjajnom timu koji je sudjelovao u izradi novih fotografija. Bila je to na\u0161a prva suradnja s tim timom, ali vjerujemo da sigurno ne\u0107e biti posljednja.<\/p>\t\t\t\t\t\t\t\t<\/div>\n\t\t\t\t<\/div>\n\t\t\t\t\t<\/div>\n\t\t<\/div>\n\t\t\t\t<div class=\"elementor-column elementor-col-50 elementor-top-column elementor-element elementor-element-716d4af\" data-id=\"716d4af\" data-element_type=\"column\" data-e-type=\"column\">\n\t\t\t<div class=\"elementor-column-wrap--716d4af elementor-widget-wrap elementor-element-populated\">\n\t\t\t\t\t\t<div class=\"elementor-element elementor-element-ab00046 elementor-widget elementor-widget-image\" data-id=\"ab00046\" data-element_type=\"widget\" data-e-type=\"widget\" data-widget_type=\"image.default\">\n\t\t\t\t<div class=\"elementor-widget-container\">\n\t\t\t\t\t\t\t\t\t\t\t\t\t\t\t<img decoding=\"async\" width=\"333\" height=\"500\" data-src=\"https:\/\/thegobi.eu\/wp-content\/uploads\/2019\/04\/Gobi-triko-pod-ko\u0161ili-outfit.jpg\" class=\"attachment-large size-large wp-image-10097 lazyload\" alt=\"\" data-srcset=\"https:\/\/thegobi.eu\/wp-content\/uploads\/2019\/04\/Gobi-triko-pod-ko\u0161ili-outfit.jpg 333w, https:\/\/thegobi.eu\/wp-content\/uploads\/2019\/04\/Gobi-triko-pod-ko\u0161ili-outfit-100x150.jpg 100w, https:\/\/thegobi.eu\/wp-content\/uploads\/2019\/04\/Gobi-triko-pod-ko\u0161ili-outfit-300x450.jpg 300w, https:\/\/thegobi.eu\/wp-content\/uploads\/2019\/04\/Gobi-triko-pod-ko\u0161ili-outfit-200x300.jpg 200w\" data-sizes=\"auto\" src=\"data:image\/svg+xml;base64,PHN2ZyB3aWR0aD0iMSIgaGVpZ2h0PSIxIiB4bWxucz0iaHR0cDovL3d3dy53My5vcmcvMjAwMC9zdmciPjwvc3ZnPg==\" style=\"--smush-placeholder-width: 333px; --smush-placeholder-aspect-ratio: 333\/500;\" data-original-sizes=\"(max-width: 333px) 100vw, 333px\" \/>\t\t\t\t\t\t\t\t\t\t\t\t\t\t\t<\/div>\n\t\t\t\t<\/div>\n\t\t\t\t<div class=\"elementor-element elementor-element-91eba6d elementor-widget elementor-widget-image\" data-id=\"91eba6d\" data-element_type=\"widget\" data-e-type=\"widget\" data-widget_type=\"image.default\">\n\t\t\t\t<div class=\"elementor-widget-container\">\n\t\t\t\t\t\t\t\t\t\t\t\t\t\t\t<img decoding=\"async\" width=\"751\" height=\"1024\" data-src=\"https:\/\/thegobi.eu\/wp-content\/uploads\/2019\/04\/Gobi-p\u00e1nsk\u00e9-triko-proti-pocen\u00ed-pod-ko\u0161ili-b\u00edl\u00e9-5-min-751x1024.jpg\" class=\"attachment-large size-large wp-image-9848 lazyload\" alt=\"Gobi \u017eenski majica protiv znojenja ispod ko\u0161ulje bijela\" data-srcset=\"https:\/\/thegobi.eu\/wp-content\/uploads\/2019\/04\/Gobi-p\u00e1nsk\u00e9-triko-proti-pocen\u00ed-pod-ko\u0161ili-b\u00edl\u00e9-5-min-751x1024.jpg 751w, https:\/\/thegobi.eu\/wp-content\/uploads\/2019\/04\/Gobi-p\u00e1nsk\u00e9-triko-proti-pocen\u00ed-pod-ko\u0161ili-b\u00edl\u00e9-5-min-scaled-100x136.jpg 100w, https:\/\/thegobi.eu\/wp-content\/uploads\/2019\/04\/Gobi-p\u00e1nsk\u00e9-triko-proti-pocen\u00ed-pod-ko\u0161ili-b\u00edl\u00e9-5-min-scaled-800x1091.jpg 800w, https:\/\/thegobi.eu\/wp-content\/uploads\/2019\/04\/Gobi-p\u00e1nsk\u00e9-triko-proti-pocen\u00ed-pod-ko\u0161ili-b\u00edl\u00e9-5-min-220x300.jpg 220w, https:\/\/thegobi.eu\/wp-content\/uploads\/2019\/04\/Gobi-p\u00e1nsk\u00e9-triko-proti-pocen\u00ed-pod-ko\u0161ili-b\u00edl\u00e9-5-min-768x1047.jpg 768w, https:\/\/thegobi.eu\/wp-content\/uploads\/2019\/04\/Gobi-p\u00e1nsk\u00e9-triko-proti-pocen\u00ed-pod-ko\u0161ili-b\u00edl\u00e9-5-min-300x409.jpg 300w, https:\/\/thegobi.eu\/wp-content\/uploads\/2019\/04\/Gobi-p\u00e1nsk\u00e9-triko-proti-pocen\u00ed-pod-ko\u0161ili-b\u00edl\u00e9-5-min-600x818.jpg 600w, https:\/\/thegobi.eu\/wp-content\/uploads\/2019\/04\/Gobi-p\u00e1nsk\u00e9-triko-proti-pocen\u00ed-pod-ko\u0161ili-b\u00edl\u00e9-5-min-scaled.jpg 1877w\" data-sizes=\"auto\" src=\"data:image\/svg+xml;base64,PHN2ZyB3aWR0aD0iMSIgaGVpZ2h0PSIxIiB4bWxucz0iaHR0cDovL3d3dy53My5vcmcvMjAwMC9zdmciPjwvc3ZnPg==\" style=\"--smush-placeholder-width: 751px; --smush-placeholder-aspect-ratio: 751\/1024;\" data-original-sizes=\"(max-width: 751px) 100vw, 751px\" \/>\t\t\t\t\t\t\t\t\t\t\t\t\t\t\t<\/div>\n\t\t\t\t<\/div>\n\t\t\t\t\t<\/div>\n\t\t<\/div>\n\t\t\t\t\t<\/div>\n\t\t<\/section>\n\t\t\t\t<section class=\"elementor-section elementor-top-section elementor-element elementor-element-200feb4 elementor-section-boxed elementor-section-height-default elementor-section-height-default\" data-id=\"200feb4\" data-element_type=\"section\" data-e-type=\"section\">\n\t\t\t\t\t\t<div class=\"elementor-container elementor-column-gap-default\">\n\t\t\t\t\t<div class=\"elementor-column elementor-col-100 elementor-top-column elementor-element elementor-element-631e4a2\" data-id=\"631e4a2\" data-element_type=\"column\" data-e-type=\"column\">\n\t\t\t<div class=\"elementor-column-wrap--631e4a2 elementor-widget-wrap elementor-element-populated\">\n\t\t\t\t\t\t<div class=\"elementor-element elementor-element-a15b5fc elementor-align-justify elementor-widget elementor-widget-button\" data-id=\"a15b5fc\" data-element_type=\"widget\" data-e-type=\"widget\" data-widget_type=\"button.default\">\n\t\t\t\t<div class=\"elementor-widget-container\">\n\t\t\t\t\t\t\t\t\t<div class=\"elementor-button-wrapper\">\n\t\t\t\t\t<a class=\"elementor-button elementor-button-link elementor-size-sm\" href=\"https:\/\/thegobi.eu\/hr\/koupit\/\">\n\t\t\t\t\t\t<span class=\"elementor-button-content-wrapper\">\n\t\t\t\t\t\t\t\t\t<span class=\"elementor-button-text\">Kupiti majicu Gobi<\/span>\n\t\t\t\t\t<\/span>\n\t\t\t\t\t<\/a>\n\t\t\t\t<\/div>\n\t\t\t\t\t\t\t\t<\/div>\n\t\t\t\t<\/div>\n\t\t\t\t\t<\/div>\n\t\t<\/div>\n\t\t\t\t\t<\/div>\n\t\t<\/section>\n\t\t\t\t<\/div>","protected":false},"excerpt":{"rendered":"<p>Ze z\u00e1kulis\u00ed Gobi Dnes bychom v\u00e1s r\u00e1di vzali nahl\u00e9dnout do z\u00e1kulis\u00ed na\u0161\u00ed zna\u010dky. Proto\u017ee z\u00e1jem o trika GOBI neust\u00e1le nar\u016fst\u00e1, chceme postupn\u011b zapracovat nejen na roz\u0161\u00ed\u0159en\u00ed sortimentu, ale i na zdokonalen\u00ed webov\u00fdch str\u00e1nek, jejich\u017e sou\u010d\u00e1st\u00ed jsou samoz\u0159ejm\u011b fotografie produkt\u016f. Pr\u00e1v\u011b fotografie jsou pro n\u00e1s v tuto chv\u00edli \u010d\u00edslo jedna.\u00a0 Na\u0161im aktu\u00e1ln\u00edm c\u00edlem je roz\u0161\u00ed\u0159it zna\u010dku [&hellip;]<\/p>\n","protected":false},"author":1,"featured_media":0,"parent":0,"menu_order":0,"comment_status":"closed","ping_status":"closed","template":"template-builder.php","meta":{"_acf_changed":false,"footnotes":""},"class_list":["post-56091","page","type-page","status-publish","hentry"],"acf":[],"_links":{"self":[{"href":"https:\/\/thegobi.eu\/hr\/wp-json\/wp\/v2\/pages\/56091","targetHints":{"allow":["GET"]}}],"collection":[{"href":"https:\/\/thegobi.eu\/hr\/wp-json\/wp\/v2\/pages"}],"about":[{"href":"https:\/\/thegobi.eu\/hr\/wp-json\/wp\/v2\/types\/page"}],"author":[{"embeddable":true,"href":"https:\/\/thegobi.eu\/hr\/wp-json\/wp\/v2\/users\/1"}],"replies":[{"embeddable":true,"href":"https:\/\/thegobi.eu\/hr\/wp-json\/wp\/v2\/comments?post=56091"}],"version-history":[{"count":0,"href":"https:\/\/thegobi.eu\/hr\/wp-json\/wp\/v2\/pages\/56091\/revisions"}],"wp:attachment":[{"href":"https:\/\/thegobi.eu\/hr\/wp-json\/wp\/v2\/media?parent=56091"}],"curies":[{"name":"wp","href":"https:\/\/api.w.org\/{rel}","templated":true}]}}