{"id":9472,"date":"2019-04-06T18:39:36","date_gmt":"2019-04-06T16:39:36","guid":{"rendered":"https:\/\/mojegobi.sk\/?page_id=9472"},"modified":"2026-02-11T08:29:10","modified_gmt":"2026-02-11T07:29:10","slug":"o-nama","status":"publish","type":"page","link":"https:\/\/thegobi.eu\/hr\/o-nama\/","title":{"rendered":"O nama"},"content":{"rendered":"<div data-elementor-type=\"wp-page\" data-elementor-id=\"9472\" class=\"elementor elementor-9472\" data-elementor-post-type=\"page\">\n\t\t\t\t\t\t<section class=\"elementor-section elementor-top-section elementor-element elementor-element-f15c48c rey-section-bg--classic elementor-section-boxed elementor-section-height-default elementor-section-height-default\" data-id=\"f15c48c\" data-element_type=\"section\" data-e-type=\"section\" data-settings=\"{&quot;background_background&quot;:&quot;classic&quot;}\">\n\t\t\t\t\t\t<div class=\"elementor-container elementor-column-gap-no\">\n\t\t\t\t\t<div class=\"elementor-column elementor-col-100 elementor-top-column elementor-element elementor-element-622d0a5\" data-id=\"622d0a5\" data-element_type=\"column\" data-e-type=\"column\">\n\t\t\t<div class=\"elementor-column-wrap--622d0a5 elementor-widget-wrap elementor-element-populated\">\n\t\t\t\t\t\t<div class=\"elementor-element elementor-element-321541c elementor-widget elementor-widget-heading\" data-id=\"321541c\" data-element_type=\"widget\" data-e-type=\"widget\" data-widget_type=\"heading.default\">\n\t\t\t\t<div class=\"elementor-widget-container\">\n\t\t\t\t\t<h1 class=\"elementor-heading-title elementor-size-default\">Kako je nastao Gobi<\/h1>\t\t\t\t<\/div>\n\t\t\t\t<\/div>\n\t\t\t\t\t<\/div>\n\t\t<\/div>\n\t\t\t\t\t<\/div>\n\t\t<\/section>\n\t\t\t\t<section class=\"elementor-section elementor-top-section elementor-element elementor-element-6198983 rey-section-bg--classic elementor-reverse-mobile elementor-hidden-desktop elementor-hidden-tablet elementor-section-boxed elementor-section-height-default elementor-section-height-default\" data-id=\"6198983\" data-element_type=\"section\" data-e-type=\"section\" data-settings=\"{&quot;background_background&quot;:&quot;classic&quot;}\">\n\t\t\t\t\t\t<div class=\"elementor-container elementor-column-gap-default\">\n\t\t\t\t\t<div class=\"elementor-column elementor-col-50 elementor-top-column elementor-element elementor-element-37b2d92 rey-colbg--classic\" data-id=\"37b2d92\" data-element_type=\"column\" data-e-type=\"column\" data-settings=\"{&quot;background_background&quot;:&quot;classic&quot;}\">\n\t\t\t<div class=\"elementor-column-wrap--37b2d92 elementor-widget-wrap elementor-element-populated\">\n\t\t\t\t\t\t<div class=\"elementor-element elementor-element-0fd77d1 elementor-widget elementor-widget-heading\" data-id=\"0fd77d1\" data-element_type=\"widget\" data-e-type=\"widget\" data-widget_type=\"heading.default\">\n\t\t\t\t<div class=\"elementor-widget-container\">\n\t\t\t\t\t<h1 class=\"elementor-heading-title elementor-size-default\">Po\u010deli smo 2016. godine...<\/h1>\t\t\t\t<\/div>\n\t\t\t\t<\/div>\n\t\t\t\t<section class=\"elementor-section elementor-inner-section elementor-element elementor-element-c23d931 elementor-section-boxed elementor-section-height-default elementor-section-height-default\" data-id=\"c23d931\" data-element_type=\"section\" data-e-type=\"section\">\n\t\t\t\t\t\t<div class=\"elementor-container elementor-column-gap-no\">\n\t\t\t\t\t<div class=\"elementor-column elementor-col-100 elementor-inner-column elementor-element elementor-element-5dfe107\" data-id=\"5dfe107\" data-element_type=\"column\" data-e-type=\"column\">\n\t\t\t<div class=\"elementor-column-wrap--5dfe107 elementor-widget-wrap elementor-element-populated\">\n\t\t\t\t\t\t<div class=\"elementor-element elementor-element-752c7d8 elementor-widget elementor-widget-text-editor\" data-id=\"752c7d8\" data-element_type=\"widget\" data-e-type=\"widget\" data-widget_type=\"text-editor.default\">\n\t\t\t\t<div class=\"elementor-widget-container\">\n\t\t\t\t\t\t\t\t\t<p>Poku\u0161aj stvaranja&nbsp;<a href=\"https:\/\/thegobi.eu\/hr\/\">savr\u0161enog trikota\u017ea ispod ko\u0161ulje<\/a>&nbsp;&nbsp;Nastala iz na\u0161e vlastite potrebe koju u \u010ce\u0161koj Republici nije bilo mogu\u0107e zadovoljiti. Vi\u0161e nam nije bilo zabavno nositi ispod ko\u0161ulje rastegnute pamu\u010dne majice koje su se jednostavno upotile i brinuti se da \u0107emo nakon nekoliko sati u pazusima imati neugledne \u201emape\u201c. Iz straha da se gornji sloj ne navla\u017ei, ograni\u010dili smo se isklju\u010divo na bijele i crne ko\u0161ulje, a bilo koja druga kombinacija boja nije dolazila u obzir.<\/p>\n<p>U godini <b>2016<\/b> Stoga smo se odlu\u010dili izraditi majicu za no\u0161enje ispod ko\u0161ulje koja \u0107e ispuniti sve na\u0161e zamisli o savr\u0161enoj majici za no\u0161enje ispod ko\u0161ulje. Gotovo nam je godinu dana trebalo da osmislimo i izradimo proizvod kojim smo bili zaista zadovoljni i spremni ga ponuditi na\u0161im kupcima.<\/p>\n<p><br><\/p>\t\t\t\t\t\t\t\t<\/div>\n\t\t\t\t<\/div>\n\t\t\t\t\t<\/div>\n\t\t<\/div>\n\t\t\t\t\t<\/div>\n\t\t<\/section>\n\t\t\t\t\t<\/div>\n\t\t<\/div>\n\t\t\t\t<div class=\"elementor-column elementor-col-50 elementor-top-column elementor-element elementor-element-4f9c8e1 rey-colbg--classic\" data-id=\"4f9c8e1\" data-element_type=\"column\" data-e-type=\"column\" data-settings=\"{&quot;background_background&quot;:&quot;classic&quot;}\">\n\t\t\t<div class=\"elementor-column-wrap--4f9c8e1 elementor-widget-wrap elementor-element-populated\">\n\t\t\t\t\t\t<div class=\"elementor-element elementor-element-7d1d6a3 elementor-widget elementor-widget-image\" data-id=\"7d1d6a3\" data-element_type=\"widget\" data-e-type=\"widget\" data-widget_type=\"image.default\">\n\t\t\t\t<div class=\"elementor-widget-container\">\n\t\t\t\t\t\t\t\t\t\t\t\t\t\t\t<img decoding=\"async\" width=\"750\" height=\"750\" data-src=\"https:\/\/thegobi.eu\/wp-content\/uploads\/2022\/10\/Gobi-tricko-proti-poceni-panske-onas.jpg\" class=\"attachment-large size-large wp-image-381260 lazyload\" alt=\"\" data-srcset=\"https:\/\/thegobi.eu\/wp-content\/uploads\/2022\/10\/Gobi-tricko-proti-poceni-panske-onas.jpg 750w, https:\/\/thegobi.eu\/wp-content\/uploads\/2022\/10\/Gobi-tricko-proti-poceni-panske-onas-100x100.jpg 100w, https:\/\/thegobi.eu\/wp-content\/uploads\/2022\/10\/Gobi-tricko-proti-poceni-panske-onas-300x300.jpg 300w, https:\/\/thegobi.eu\/wp-content\/uploads\/2022\/10\/Gobi-tricko-proti-poceni-panske-onas-150x150.jpg 150w, https:\/\/thegobi.eu\/wp-content\/uploads\/2022\/10\/Gobi-tricko-proti-poceni-panske-onas-600x600.jpg 600w\" data-sizes=\"auto\" src=\"data:image\/svg+xml;base64,PHN2ZyB3aWR0aD0iMSIgaGVpZ2h0PSIxIiB4bWxucz0iaHR0cDovL3d3dy53My5vcmcvMjAwMC9zdmciPjwvc3ZnPg==\" style=\"--smush-placeholder-width: 750px; --smush-placeholder-aspect-ratio: 750\/750;\" data-original-sizes=\"(max-width: 750px) 100vw, 750px\" \/>\t\t\t\t\t\t\t\t\t\t\t\t\t\t\t<\/div>\n\t\t\t\t<\/div>\n\t\t\t\t\t<\/div>\n\t\t<\/div>\n\t\t\t\t\t<\/div>\n\t\t<\/section>\n\t\t\t\t<section class=\"elementor-section elementor-top-section elementor-element elementor-element-97e06aa rey-section-bg--classic elementor-hidden-desktop elementor-hidden-tablet elementor-section-boxed elementor-section-height-default elementor-section-height-default\" data-id=\"97e06aa\" data-element_type=\"section\" data-e-type=\"section\" data-settings=\"{&quot;background_background&quot;:&quot;classic&quot;}\">\n\t\t\t\t\t\t<div class=\"elementor-container elementor-column-gap-default\">\n\t\t\t\t\t<div class=\"elementor-column elementor-col-50 elementor-top-column elementor-element elementor-element-c4d7d8e rey-colbg--classic\" data-id=\"c4d7d8e\" data-element_type=\"column\" data-e-type=\"column\" data-settings=\"{&quot;background_background&quot;:&quot;classic&quot;}\">\n\t\t\t<div class=\"elementor-column-wrap--c4d7d8e elementor-widget-wrap elementor-element-populated\">\n\t\t\t\t\t\t<div class=\"elementor-element elementor-element-75ce19b elementor-widget elementor-widget-image\" data-id=\"75ce19b\" data-element_type=\"widget\" data-e-type=\"widget\" data-widget_type=\"image.default\">\n\t\t\t\t<div class=\"elementor-widget-container\">\n\t\t\t\t\t\t\t\t\t\t\t\t\t\t\t<img decoding=\"async\" width=\"750\" height=\"718\" data-src=\"https:\/\/thegobi.eu\/wp-content\/uploads\/2022\/10\/Gobi-tricko-proti-poceni-technologie2.jpg\" class=\"attachment-large size-large wp-image-381248 lazyload\" alt=\"\" data-srcset=\"https:\/\/thegobi.eu\/wp-content\/uploads\/2022\/10\/Gobi-tricko-proti-poceni-technologie2.jpg 750w, https:\/\/thegobi.eu\/wp-content\/uploads\/2022\/10\/Gobi-tricko-proti-poceni-technologie2-100x96.jpg 100w, https:\/\/thegobi.eu\/wp-content\/uploads\/2022\/10\/Gobi-tricko-proti-poceni-technologie2-300x287.jpg 300w, https:\/\/thegobi.eu\/wp-content\/uploads\/2022\/10\/Gobi-tricko-proti-poceni-technologie2-600x574.jpg 600w\" data-sizes=\"auto\" src=\"data:image\/svg+xml;base64,PHN2ZyB3aWR0aD0iMSIgaGVpZ2h0PSIxIiB4bWxucz0iaHR0cDovL3d3dy53My5vcmcvMjAwMC9zdmciPjwvc3ZnPg==\" style=\"--smush-placeholder-width: 750px; --smush-placeholder-aspect-ratio: 750\/718;\" data-original-sizes=\"(max-width: 750px) 100vw, 750px\" \/>\t\t\t\t\t\t\t\t\t\t\t\t\t\t\t<\/div>\n\t\t\t\t<\/div>\n\t\t\t\t\t<\/div>\n\t\t<\/div>\n\t\t\t\t<div class=\"elementor-column elementor-col-50 elementor-top-column elementor-element elementor-element-41f2513 rey-colbg--classic\" data-id=\"41f2513\" data-element_type=\"column\" data-e-type=\"column\" data-settings=\"{&quot;background_background&quot;:&quot;classic&quot;}\">\n\t\t\t<div class=\"elementor-column-wrap--41f2513 elementor-widget-wrap elementor-element-populated\">\n\t\t\t\t\t\t<section class=\"elementor-section elementor-inner-section elementor-element elementor-element-76d0714 elementor-section-boxed elementor-section-height-default elementor-section-height-default\" data-id=\"76d0714\" data-element_type=\"section\" data-e-type=\"section\">\n\t\t\t\t\t\t<div class=\"elementor-container elementor-column-gap-no\">\n\t\t\t\t\t<div class=\"elementor-column elementor-col-100 elementor-inner-column elementor-element elementor-element-a206c92\" data-id=\"a206c92\" data-element_type=\"column\" data-e-type=\"column\">\n\t\t\t<div class=\"elementor-column-wrap--a206c92 elementor-widget-wrap elementor-element-populated\">\n\t\t\t\t\t\t<div class=\"elementor-element elementor-element-dbe8921 elementor-widget elementor-widget-text-editor\" data-id=\"dbe8921\" data-element_type=\"widget\" data-e-type=\"widget\" data-widget_type=\"text-editor.default\">\n\t\t\t\t<div class=\"elementor-widget-container\">\n\t\t\t\t\t\t\t\t\t<p><\/p>\n<p>Na\u0161e majice morale su ispuniti nekoliko osnovnih uvjeta:<\/p>\n<ul>\n<li><strong>Muselo pouzdano za\u0161tititi od proki\u0161njavanja gornji sloj odje\u0107e (ko\u0161ulju, majicu s dugim rukavima, lagani d\u017eemper\u2026).<\/strong><\/li>\n<li><strong>Morao je imati dubok dekolte kako bi se mogla nositi ko\u0161ulja, a majica ostala skrivena.<\/strong><\/li>\n<li><strong>Moralo je biti izra\u0111eno od vrhunskog, tijesno priljubljenog materijala, nje\u017enog na dodir.<\/strong><\/li>\n<li><strong>Muselo savr\u0161eno pristajati i dr\u017eati se na svom mjestu.&nbsp;<\/strong><\/li>\n<li><strong>Moralo je imati dug vijek trajanja. Izdr\u017eati niz pranja, a da se ne skupi, ne istegne ili ne izgubi na u\u010dinkovitosti.<\/strong><\/li>\n<\/ul>\n<p><strong>\u010cvrsto vjerujemo da smo uspjeli i da \u0107e Gobi postati neizostavan dio va\u0161e garderobe.&nbsp;<\/strong><\/p>\t\t\t\t\t\t\t\t<\/div>\n\t\t\t\t<\/div>\n\t\t\t\t<div class=\"elementor-element elementor-element-6e383a2 elementor-align-left elementor-mobile-align-center elementor-widget elementor-widget-button\" data-id=\"6e383a2\" data-element_type=\"widget\" data-e-type=\"widget\" data-widget_type=\"button.default\">\n\t\t\t\t<div class=\"elementor-widget-container\">\n\t\t\t\t\t\t\t\t\t<div class=\"elementor-button-wrapper\">\n\t\t\t\t\t<a class=\"elementor-button elementor-size-lg\" role=\"button\">\n\t\t\t\t\t\t<span class=\"elementor-button-content-wrapper\">\n\t\t\t\t\t\t\t\t\t<span class=\"elementor-button-text\">Kupiti majicu Gobi<\/span>\n\t\t\t\t\t<\/span>\n\t\t\t\t\t<\/a>\n\t\t\t\t<\/div>\n\t\t\t\t\t\t\t\t<\/div>\n\t\t\t\t<\/div>\n\t\t\t\t\t<\/div>\n\t\t<\/div>\n\t\t\t\t\t<\/div>\n\t\t<\/section>\n\t\t\t\t\t<\/div>\n\t\t<\/div>\n\t\t\t\t\t<\/div>\n\t\t<\/section>\n\t\t\t\t<section class=\"elementor-section elementor-top-section elementor-element elementor-element-e193352 rey-section-bg--classic elementor-reverse-mobile elementor-hidden-mobile elementor-section-boxed elementor-section-height-default elementor-section-height-default\" data-id=\"e193352\" data-element_type=\"section\" data-e-type=\"section\" data-settings=\"{&quot;background_background&quot;:&quot;classic&quot;}\">\n\t\t\t\t\t\t<div class=\"elementor-container elementor-column-gap-default\">\n\t\t\t\t\t<div class=\"elementor-column elementor-col-50 elementor-top-column elementor-element elementor-element-38fe0d1 rey-colbg--classic\" data-id=\"38fe0d1\" data-element_type=\"column\" data-e-type=\"column\" data-settings=\"{&quot;background_background&quot;:&quot;classic&quot;}\">\n\t\t\t<div class=\"elementor-column-wrap--38fe0d1 elementor-widget-wrap elementor-element-populated\">\n\t\t\t\t\t\t<div class=\"elementor-element elementor-element-38b0adc elementor-widget elementor-widget-heading\" data-id=\"38b0adc\" data-element_type=\"widget\" data-e-type=\"widget\" data-widget_type=\"heading.default\">\n\t\t\t\t<div class=\"elementor-widget-container\">\n\t\t\t\t\t<h1 class=\"elementor-heading-title elementor-size-default\">Po\u010deli smo 2016. godine...<\/h1>\t\t\t\t<\/div>\n\t\t\t\t<\/div>\n\t\t\t\t<section class=\"elementor-section elementor-inner-section elementor-element elementor-element-16b6f42 elementor-section-boxed elementor-section-height-default elementor-section-height-default\" data-id=\"16b6f42\" data-element_type=\"section\" data-e-type=\"section\">\n\t\t\t\t\t\t<div class=\"elementor-container elementor-column-gap-no\">\n\t\t\t\t\t<div class=\"elementor-column elementor-col-100 elementor-inner-column elementor-element elementor-element-cc8dc7c\" data-id=\"cc8dc7c\" data-element_type=\"column\" data-e-type=\"column\">\n\t\t\t<div class=\"elementor-column-wrap--cc8dc7c elementor-widget-wrap elementor-element-populated\">\n\t\t\t\t\t\t<div class=\"elementor-element elementor-element-f52eca5 elementor-widget elementor-widget-text-editor\" data-id=\"f52eca5\" data-element_type=\"widget\" data-e-type=\"widget\" data-widget_type=\"text-editor.default\">\n\t\t\t\t<div class=\"elementor-widget-container\">\n\t\t\t\t\t\t\t\t\t<p>Poku\u0161aj stvaranja&nbsp;<a href=\"https:\/\/thegobi.eu\/hr\/\">savr\u0161enog trikota\u017ea ispod ko\u0161ulje<\/a>&nbsp;&nbsp;Nastala iz na\u0161e vlastite potrebe koju u \u010ce\u0161koj Republici nije bilo mogu\u0107e zadovoljiti. Vi\u0161e nam nije bilo zabavno nositi ispod ko\u0161ulje rastegnute pamu\u010dne majice koje su se jednostavno upotile i brinuti se da \u0107emo nakon nekoliko sati u pazusima imati neugledne \u201emape\u201c. Iz straha da se gornji sloj ne navla\u017ei, ograni\u010dili smo se isklju\u010divo na bijele i crne ko\u0161ulje, a bilo koja druga kombinacija boja nije dolazila u obzir.<\/p>\n<p>U godini <b>2016<\/b> Stoga smo se odlu\u010dili izraditi majicu za no\u0161enje ispod ko\u0161ulje koja \u0107e ispuniti sve na\u0161e zamisli o savr\u0161enoj majici za no\u0161enje ispod ko\u0161ulje. Gotovo nam je godinu dana trebalo da osmislimo i izradimo proizvod kojim smo bili zaista zadovoljni i spremni ga ponuditi na\u0161im kupcima.<\/p>\n<p><br><\/p>\t\t\t\t\t\t\t\t<\/div>\n\t\t\t\t<\/div>\n\t\t\t\t\t<\/div>\n\t\t<\/div>\n\t\t\t\t\t<\/div>\n\t\t<\/section>\n\t\t\t\t\t<\/div>\n\t\t<\/div>\n\t\t\t\t<div class=\"elementor-column elementor-col-50 elementor-top-column elementor-element elementor-element-0293487 rey-colbg--classic\" data-id=\"0293487\" data-element_type=\"column\" data-e-type=\"column\" data-settings=\"{&quot;background_background&quot;:&quot;classic&quot;}\">\n\t\t\t<div class=\"elementor-column-wrap--0293487 elementor-widget-wrap elementor-element-populated\">\n\t\t\t\t\t\t<div class=\"elementor-element elementor-element-854be0e elementor-widget elementor-widget-image\" data-id=\"854be0e\" data-element_type=\"widget\" data-e-type=\"widget\" data-widget_type=\"image.default\">\n\t\t\t\t<div class=\"elementor-widget-container\">\n\t\t\t\t\t\t\t\t\t\t\t\t\t\t\t<img decoding=\"async\" width=\"750\" height=\"750\" data-src=\"https:\/\/thegobi.eu\/wp-content\/uploads\/2022\/10\/Gobi-tricko-proti-poceni-panske-onas.jpg\" class=\"attachment-large size-large wp-image-381260 lazyload\" alt=\"\" data-srcset=\"https:\/\/thegobi.eu\/wp-content\/uploads\/2022\/10\/Gobi-tricko-proti-poceni-panske-onas.jpg 750w, https:\/\/thegobi.eu\/wp-content\/uploads\/2022\/10\/Gobi-tricko-proti-poceni-panske-onas-100x100.jpg 100w, https:\/\/thegobi.eu\/wp-content\/uploads\/2022\/10\/Gobi-tricko-proti-poceni-panske-onas-300x300.jpg 300w, https:\/\/thegobi.eu\/wp-content\/uploads\/2022\/10\/Gobi-tricko-proti-poceni-panske-onas-150x150.jpg 150w, https:\/\/thegobi.eu\/wp-content\/uploads\/2022\/10\/Gobi-tricko-proti-poceni-panske-onas-600x600.jpg 600w\" data-sizes=\"auto\" src=\"data:image\/svg+xml;base64,PHN2ZyB3aWR0aD0iMSIgaGVpZ2h0PSIxIiB4bWxucz0iaHR0cDovL3d3dy53My5vcmcvMjAwMC9zdmciPjwvc3ZnPg==\" style=\"--smush-placeholder-width: 750px; --smush-placeholder-aspect-ratio: 750\/750;\" data-original-sizes=\"(max-width: 750px) 100vw, 750px\" \/>\t\t\t\t\t\t\t\t\t\t\t\t\t\t\t<\/div>\n\t\t\t\t<\/div>\n\t\t\t\t\t<\/div>\n\t\t<\/div>\n\t\t\t\t\t<\/div>\n\t\t<\/section>\n\t\t\t\t<section class=\"elementor-section elementor-top-section elementor-element elementor-element-db0a3f4 rey-section-bg--classic elementor-hidden-mobile elementor-section-boxed elementor-section-height-default elementor-section-height-default\" data-id=\"db0a3f4\" data-element_type=\"section\" data-e-type=\"section\" data-settings=\"{&quot;background_background&quot;:&quot;classic&quot;}\">\n\t\t\t\t\t\t<div class=\"elementor-container elementor-column-gap-default\">\n\t\t\t\t\t<div class=\"elementor-column elementor-col-50 elementor-top-column elementor-element elementor-element-6d43b09 rey-colbg--classic\" data-id=\"6d43b09\" data-element_type=\"column\" data-e-type=\"column\" data-settings=\"{&quot;background_background&quot;:&quot;classic&quot;}\">\n\t\t\t<div class=\"elementor-column-wrap--6d43b09 elementor-widget-wrap elementor-element-populated\">\n\t\t\t\t\t\t<div class=\"elementor-element elementor-element-9722a64 elementor-widget elementor-widget-image\" data-id=\"9722a64\" data-element_type=\"widget\" data-e-type=\"widget\" data-widget_type=\"image.default\">\n\t\t\t\t<div class=\"elementor-widget-container\">\n\t\t\t\t\t\t\t\t\t\t\t\t\t\t\t<img decoding=\"async\" width=\"750\" height=\"718\" data-src=\"https:\/\/thegobi.eu\/wp-content\/uploads\/2022\/10\/Gobi-tricko-proti-poceni-technologie2.jpg\" class=\"attachment-large size-large wp-image-381248 lazyload\" alt=\"\" data-srcset=\"https:\/\/thegobi.eu\/wp-content\/uploads\/2022\/10\/Gobi-tricko-proti-poceni-technologie2.jpg 750w, https:\/\/thegobi.eu\/wp-content\/uploads\/2022\/10\/Gobi-tricko-proti-poceni-technologie2-100x96.jpg 100w, https:\/\/thegobi.eu\/wp-content\/uploads\/2022\/10\/Gobi-tricko-proti-poceni-technologie2-300x287.jpg 300w, https:\/\/thegobi.eu\/wp-content\/uploads\/2022\/10\/Gobi-tricko-proti-poceni-technologie2-600x574.jpg 600w\" data-sizes=\"auto\" src=\"data:image\/svg+xml;base64,PHN2ZyB3aWR0aD0iMSIgaGVpZ2h0PSIxIiB4bWxucz0iaHR0cDovL3d3dy53My5vcmcvMjAwMC9zdmciPjwvc3ZnPg==\" style=\"--smush-placeholder-width: 750px; --smush-placeholder-aspect-ratio: 750\/718;\" data-original-sizes=\"(max-width: 750px) 100vw, 750px\" \/>\t\t\t\t\t\t\t\t\t\t\t\t\t\t\t<\/div>\n\t\t\t\t<\/div>\n\t\t\t\t\t<\/div>\n\t\t<\/div>\n\t\t\t\t<div class=\"elementor-column elementor-col-50 elementor-top-column elementor-element elementor-element-0446a1f rey-colbg--classic\" data-id=\"0446a1f\" data-element_type=\"column\" data-e-type=\"column\" data-settings=\"{&quot;background_background&quot;:&quot;classic&quot;}\">\n\t\t\t<div class=\"elementor-column-wrap--0446a1f elementor-widget-wrap elementor-element-populated\">\n\t\t\t\t\t\t<section class=\"elementor-section elementor-inner-section elementor-element elementor-element-701061c elementor-section-boxed elementor-section-height-default elementor-section-height-default\" data-id=\"701061c\" data-element_type=\"section\" data-e-type=\"section\">\n\t\t\t\t\t\t<div class=\"elementor-container elementor-column-gap-no\">\n\t\t\t\t\t<div class=\"elementor-column elementor-col-100 elementor-inner-column elementor-element elementor-element-298cd0b\" data-id=\"298cd0b\" data-element_type=\"column\" data-e-type=\"column\">\n\t\t\t<div class=\"elementor-column-wrap--298cd0b elementor-widget-wrap elementor-element-populated\">\n\t\t\t\t\t\t<div class=\"elementor-element elementor-element-1e35ec8 elementor-widget elementor-widget-text-editor\" data-id=\"1e35ec8\" data-element_type=\"widget\" data-e-type=\"widget\" data-widget_type=\"text-editor.default\">\n\t\t\t\t<div class=\"elementor-widget-container\">\n\t\t\t\t\t\t\t\t\t<p><\/p>\n<p>Na\u0161e majice morale su ispuniti nekoliko osnovnih uvjeta:<\/p>\n<ul>\n<li><strong>Muselo pouzdano za\u0161tititi od proki\u0161njavanja gornji sloj odje\u0107e (ko\u0161ulju, majicu s dugim rukavima, lagani d\u017eemper\u2026).<\/strong><\/li>\n<li><strong>Morao je imati dubok dekolte kako bi se mogla nositi ko\u0161ulja, a majica ostala skrivena.<\/strong><\/li>\n<li><strong>Moralo je biti izra\u0111eno od vrhunskog, tijesno priljubljenog materijala, nje\u017enog na dodir.<\/strong><\/li>\n<li><strong>Muselo savr\u0161eno pristajati i dr\u017eati se na svom mjestu.&nbsp;<\/strong><\/li>\n<li><strong>Moralo je imati dug vijek trajanja. Izdr\u017eati niz pranja, a da se ne skupi, ne istegne ili ne izgubi na u\u010dinkovitosti.<\/strong><\/li>\n<\/ul>\n<p><strong>\u010cvrsto vjerujemo da smo uspjeli i da \u0107e Gobi postati neizostavan dio va\u0161e garderobe.&nbsp;<\/strong><\/p>\t\t\t\t\t\t\t\t<\/div>\n\t\t\t\t<\/div>\n\t\t\t\t<div class=\"elementor-element elementor-element-3793ba0 elementor-align-left elementor-mobile-align-center elementor-widget elementor-widget-button\" data-id=\"3793ba0\" data-element_type=\"widget\" data-e-type=\"widget\" data-widget_type=\"button.default\">\n\t\t\t\t<div class=\"elementor-widget-container\">\n\t\t\t\t\t\t\t\t\t<div class=\"elementor-button-wrapper\">\n\t\t\t\t\t<a class=\"elementor-button elementor-size-lg\" role=\"button\">\n\t\t\t\t\t\t<span class=\"elementor-button-content-wrapper\">\n\t\t\t\t\t\t\t\t\t<span class=\"elementor-button-text\">Kupiti majicu Gobi<\/span>\n\t\t\t\t\t<\/span>\n\t\t\t\t\t<\/a>\n\t\t\t\t<\/div>\n\t\t\t\t\t\t\t\t<\/div>\n\t\t\t\t<\/div>\n\t\t\t\t\t<\/div>\n\t\t<\/div>\n\t\t\t\t\t<\/div>\n\t\t<\/section>\n\t\t\t\t\t<\/div>\n\t\t<\/div>\n\t\t\t\t\t<\/div>\n\t\t<\/section>\n\t\t\t\t<\/div>","protected":false},"excerpt":{"rendered":"<p>Jak vzniklo Gobi Za\u010dali jsme v roce 2016&#8230; N\u00e1pad na vytvo\u0159en\u00ed&nbsp;dokonal\u00e9ho trika pod ko\u0161ili&nbsp;&nbsp;vznikl z na\u0161\u00ed vlastn\u00ed pot\u0159eby, kterou nebylo v \u010cesk\u00e9 republice&nbsp;jak naplnit. U\u017e n\u00e1s nebavilo nosit pod ko\u0161ili vytahan\u00e1 bavln\u011bn\u00e1 trika, kter\u00e1 se jednodu\u0161e propotila, a ob\u00e1vat se, \u017ee budeme m\u00edt po p\u00e1r hodin\u00e1ch v podpa\u017e\u00ed nevzhledn\u00e9 \u201emapy\u201c. Kv\u016fli strachu z propocen\u00ed vrchn\u00ed [&hellip;]<\/p>\n","protected":false},"author":1,"featured_media":0,"parent":0,"menu_order":0,"comment_status":"closed","ping_status":"closed","template":"template-builder.php","meta":{"_acf_changed":false,"footnotes":""},"class_list":["post-9472","page","type-page","status-publish","hentry"],"acf":[],"_links":{"self":[{"href":"https:\/\/thegobi.eu\/hr\/wp-json\/wp\/v2\/pages\/9472","targetHints":{"allow":["GET"]}}],"collection":[{"href":"https:\/\/thegobi.eu\/hr\/wp-json\/wp\/v2\/pages"}],"about":[{"href":"https:\/\/thegobi.eu\/hr\/wp-json\/wp\/v2\/types\/page"}],"author":[{"embeddable":true,"href":"https:\/\/thegobi.eu\/hr\/wp-json\/wp\/v2\/users\/1"}],"replies":[{"embeddable":true,"href":"https:\/\/thegobi.eu\/hr\/wp-json\/wp\/v2\/comments?post=9472"}],"version-history":[{"count":0,"href":"https:\/\/thegobi.eu\/hr\/wp-json\/wp\/v2\/pages\/9472\/revisions"}],"wp:attachment":[{"href":"https:\/\/thegobi.eu\/hr\/wp-json\/wp\/v2\/media?parent=9472"}],"curies":[{"name":"wp","href":"https:\/\/api.w.org\/{rel}","templated":true}]}}