{"id":9504,"date":"2019-04-07T07:45:37","date_gmt":"2019-04-07T05:45:37","guid":{"rendered":"https:\/\/mojegobi.sk\/?page_id=9504"},"modified":"2026-02-25T08:36:22","modified_gmt":"2026-02-25T07:36:22","slug":"zamjena-i-povrat","status":"publish","type":"page","link":"https:\/\/thegobi.eu\/hr\/zamjena-i-povrat\/","title":{"rendered":"Zamjena i povrat"},"content":{"rendered":"<div data-elementor-type=\"wp-page\" data-elementor-id=\"9504\" class=\"elementor elementor-9504\" data-elementor-post-type=\"page\">\n\t\t\t\t<div class=\"e-con-top elementor-element elementor-element-cf3d9ab e-flex e-con-boxed e-con e-parent\" data-id=\"cf3d9ab\" data-element_type=\"container\" data-e-type=\"container\">\n\t\t\t\t\t<div class=\"e-con-inner\">\n\t\t<div class=\"elementor-element elementor-element-2d11a63 e-con-full e-flex e-con e-child\" data-id=\"2d11a63\" data-element_type=\"container\" data-e-type=\"container\">\n\t\t\t\t<div class=\"elementor-element elementor-element-38cfdfb elementor-widget elementor-widget-heading\" data-id=\"38cfdfb\" data-element_type=\"widget\" data-e-type=\"widget\" data-widget_type=\"heading.default\">\n\t\t\t\t<div class=\"elementor-widget-container\">\n\t\t\t\t\t<h1 class=\"elementor-heading-title elementor-size-default\">Zamjena i povrat<\/h1>\t\t\t\t<\/div>\n\t\t\t\t<\/div>\n\t\t\t\t<\/div>\n\t\t\t\t\t<\/div>\n\t\t\t\t<\/div>\n\t\t\t\t<section class=\"elementor-section elementor-top-section elementor-element elementor-element-8d45365 elementor-section-content-middle elementor-section-boxed elementor-section-height-default elementor-section-height-default\" data-id=\"8d45365\" data-element_type=\"section\" data-e-type=\"section\">\n\t\t\t\t\t\t<div class=\"elementor-container elementor-column-gap-default\">\n\t\t\t\t\t<div class=\"elementor-column elementor-col-50 elementor-top-column elementor-element elementor-element-e0d168c\" data-id=\"e0d168c\" data-element_type=\"column\" data-e-type=\"column\">\n\t\t\t<div class=\"elementor-column-wrap--e0d168c elementor-widget-wrap elementor-element-populated\">\n\t\t\t\t\t\t<div class=\"elementor-element elementor-element-0577b6d elementor-view-default elementor-widget elementor-widget-icon\" data-id=\"0577b6d\" data-element_type=\"widget\" data-e-type=\"widget\" data-widget_type=\"icon.default\">\n\t\t\t\t<div class=\"elementor-widget-container\">\n\t\t\t\t\t\t\t<div class=\"elementor-icon-wrapper\">\n\t\t\t<div class=\"elementor-icon\">\n\t\t\t<i aria-hidden=\"true\" class=\"fas fa-undo\"><\/i>\t\t\t<\/div>\n\t\t<\/div>\n\t\t\t\t\t\t<\/div>\n\t\t\t\t<\/div>\n\t\t\t\t\t<\/div>\n\t\t<\/div>\n\t\t\t\t<div class=\"elementor-column elementor-col-50 elementor-top-column elementor-element elementor-element-db30547 rey-colbg--classic\" data-id=\"db30547\" data-element_type=\"column\" data-e-type=\"column\" data-settings=\"{&quot;background_background&quot;:&quot;classic&quot;}\">\n\t\t\t<div class=\"elementor-column-wrap--db30547 elementor-widget-wrap elementor-element-populated\">\n\t\t\t\t\t\t<div class=\"elementor-element elementor-element-7bd90f4 elementor-widget elementor-widget-heading\" data-id=\"7bd90f4\" data-element_type=\"widget\" data-e-type=\"widget\" data-widget_type=\"heading.default\">\n\t\t\t\t<div class=\"elementor-widget-container\">\n\t\t\t\t\t<h2 class=\"elementor-heading-title elementor-size-default\">Zamjena veli\u010dine <\/h2>\t\t\t\t<\/div>\n\t\t\t\t<\/div>\n\t\t\t\t<div class=\"elementor-element elementor-element-54a987e elementor-widget elementor-widget-text-editor\" data-id=\"54a987e\" data-element_type=\"widget\" data-e-type=\"widget\" data-widget_type=\"text-editor.default\">\n\t\t\t\t<div class=\"elementor-widget-container\">\n\t\t\t\t\t\t\t\t\t<p data-start=\"0\" data-end=\"303\"><strong data-start=\"0\" data-end=\"68\">Ne odgovara vam veli\u010dina? Ako vam je majica preuska ili pre\u0161iroka?<\/strong><br data-start=\"68\" data-end=\"71\" \/>Rado \u0107emo vam ga besplatno zamijeniti, tako da vam izvrsno pristaje. Robu mo\u017eete zamijeniti do 14 dana od preuzimanja. Roba mora biti nekori\u0161tena, neoprana, u izvornom stanju s etiketama i originalnom pakiranju.<\/p><p data-start=\"305\" data-end=\"537\"><strong data-start=\"305\" data-end=\"326\">Kako to u\u010diniti?<\/strong><br data-start=\"326\" data-end=\"329\" \/>Molimo vas da zahtjev za zamjenu artikla napi\u0161ete na papiru i da nam cijeli paket po\u0161aljete zajedno s ra\u010dunom na adresu:\u00a0<br data-start=\"463\" data-end=\"466\" data-is-only-node=\"\" \/><strong data-start=\"466\" data-end=\"537\">Packeta International s.r.o - HR post (NSC) \/\n96629342 \/\nPo\u0161tanska 9 \/\n10410 Velika Gorica<\/strong><\/p><p data-start=\"539\" data-end=\"642\" data-is-last-node=\"\" data-is-only-node=\"\">Nakon toga obavijestit \u0107emo Vas o preuzimanju i odmah besplatno poslati \u017eeljenu veli\u010dinu.\u00a0<\/p>\t\t\t\t\t\t\t\t<\/div>\n\t\t\t\t<\/div>\n\t\t\t\t\t<\/div>\n\t\t<\/div>\n\t\t\t\t\t<\/div>\n\t\t<\/section>\n\t\t\t\t<section class=\"elementor-section elementor-top-section elementor-element elementor-element-1dd7678 rey-section-bg--classic elementor-hidden-desktop elementor-hidden-tablet elementor-hidden-mobile elementor-section-boxed elementor-section-height-default elementor-section-height-default\" data-id=\"1dd7678\" data-element_type=\"section\" data-e-type=\"section\" data-settings=\"{&quot;background_background&quot;:&quot;classic&quot;}\">\n\t\t\t\t\t\t<div class=\"elementor-container elementor-column-gap-default\">\n\t\t\t\t\t<div class=\"elementor-column elementor-col-50 elementor-top-column elementor-element elementor-element-e48c08b\" data-id=\"e48c08b\" data-element_type=\"column\" data-e-type=\"column\">\n\t\t\t<div class=\"elementor-column-wrap--e48c08b elementor-widget-wrap elementor-element-populated\">\n\t\t\t\t\t\t<div class=\"elementor-element elementor-element-d9c42a4 elementor-view-default elementor-widget elementor-widget-icon\" data-id=\"d9c42a4\" data-element_type=\"widget\" data-e-type=\"widget\" data-widget_type=\"icon.default\">\n\t\t\t\t<div class=\"elementor-widget-container\">\n\t\t\t\t\t\t\t<div class=\"elementor-icon-wrapper\">\n\t\t\t<div class=\"elementor-icon\">\n\t\t\t<i aria-hidden=\"true\" class=\"fas fa-truck\"><\/i>\t\t\t<\/div>\n\t\t<\/div>\n\t\t\t\t\t\t<\/div>\n\t\t\t\t<\/div>\n\t\t\t\t\t<\/div>\n\t\t<\/div>\n\t\t\t\t<div class=\"elementor-column elementor-col-50 elementor-top-column elementor-element elementor-element-0798227\" data-id=\"0798227\" data-element_type=\"column\" data-e-type=\"column\">\n\t\t\t<div class=\"elementor-column-wrap--0798227 elementor-widget-wrap elementor-element-populated\">\n\t\t\t\t\t\t<div class=\"elementor-element elementor-element-175f6d4 elementor-widget elementor-widget-heading\" data-id=\"175f6d4\" data-element_type=\"widget\" data-e-type=\"widget\" data-widget_type=\"heading.default\">\n\t\t\t\t<div class=\"elementor-widget-container\">\n\t\t\t\t\t<h2 class=\"elementor-heading-title elementor-size-default\">Dostava<\/h2>\t\t\t\t<\/div>\n\t\t\t\t<\/div>\n\t\t\t\t<div class=\"elementor-element elementor-element-e4da027 elementor-widget elementor-widget-text-editor\" data-id=\"e4da027\" data-element_type=\"widget\" data-e-type=\"widget\" data-widget_type=\"text-editor.default\">\n\t\t\t\t<div class=\"elementor-widget-container\">\n\t\t\t\t\t\t\t\t\t<h3 style=\"font-size: 1.66667rem; font-style: normal;\"><b>Z\u00e1silkovna<\/b><\/h3><ul><li>Po\u0161iljka \u0107e biti dostavljena u Z\u00e1silkovny odjel za preuzimanje.<\/li><li>Odabirete preuzimateljsku lokaciju s popisa prilikom izrade narud\u017ebe.<\/li><li>Cijena dostave je 69 CZK.<\/li><li>Pri narud\u017ebi 2 ili vi\u0161e majica dostava je besplatna.<\/li><li>Dostava obi\u010dno traje 2 radna dana.<\/li><\/ul><h3><b>\u010ce\u0161ka po\u0161ta<\/b><\/h3><ul><li>Po\u0161iljka \u0107e biti dostavljena \u010ce\u0161kom po\u0161tom.<\/li><li>Po\u0161iljka se \u0161alje kao preporu\u010deno pismo.<\/li><li>Cijena dostave je <b>99<\/b><strong>\u00a0K\u010d.<\/strong><\/li><li>Pri narud\u017ebi 2 ili vi\u0161e trikova dostava je besplatna.\u00a0<strong>BESPLATNO.<\/strong><\/li><li>Dostava obi\u010dno traje 1-2 radna dana.<\/li><li>Paketi se dostavljaju radnim danima, u uobi\u010dajeno vrijeme dostave koje \u010cesk\u00e1 po\u0161ta nudi u toj lokalnosti.<\/li><li>U neuspje\u0161nom poku\u0161aju dostave paket se ostavlja na najbli\u017eoj po\u0161ti.<\/li><\/ul><h3><b>DORU\u010cEN\u00cd NA SLOVENSKO<\/b><\/h3><ul><li>Za dostavu na Slova\u010dko, molimo posjetite na\u0161u slova\u010dku web stranicu.\u00a0<b>www.mojegobi.sk<\/b><\/li><\/ul>\t\t\t\t\t\t\t\t<\/div>\n\t\t\t\t<\/div>\n\t\t\t\t\t<\/div>\n\t\t<\/div>\n\t\t\t\t\t<\/div>\n\t\t<\/section>\n\t\t\t\t<section class=\"elementor-section elementor-top-section elementor-element elementor-element-2022b4c elementor-section-content-middle rey-section-bg--classic elementor-hidden-desktop elementor-hidden-tablet elementor-hidden-mobile elementor-section-boxed elementor-section-height-default elementor-section-height-default\" data-id=\"2022b4c\" data-element_type=\"section\" data-e-type=\"section\" data-settings=\"{&quot;background_background&quot;:&quot;classic&quot;}\">\n\t\t\t\t\t\t<div class=\"elementor-container elementor-column-gap-default\">\n\t\t\t\t\t<div class=\"elementor-column elementor-col-50 elementor-top-column elementor-element elementor-element-83395a0\" data-id=\"83395a0\" data-element_type=\"column\" data-e-type=\"column\">\n\t\t\t<div class=\"elementor-column-wrap--83395a0 elementor-widget-wrap elementor-element-populated\">\n\t\t\t\t\t\t<div class=\"elementor-element elementor-element-fe6cb6b elementor-view-default elementor-widget elementor-widget-icon\" data-id=\"fe6cb6b\" data-element_type=\"widget\" data-e-type=\"widget\" data-widget_type=\"icon.default\">\n\t\t\t\t<div class=\"elementor-widget-container\">\n\t\t\t\t\t\t\t<div class=\"elementor-icon-wrapper\">\n\t\t\t<div class=\"elementor-icon\">\n\t\t\t<i aria-hidden=\"true\" class=\"far fa-money-bill-alt\"><\/i>\t\t\t<\/div>\n\t\t<\/div>\n\t\t\t\t\t\t<\/div>\n\t\t\t\t<\/div>\n\t\t\t\t\t<\/div>\n\t\t<\/div>\n\t\t\t\t<div class=\"elementor-column elementor-col-50 elementor-top-column elementor-element elementor-element-f344a51\" data-id=\"f344a51\" data-element_type=\"column\" data-e-type=\"column\">\n\t\t\t<div class=\"elementor-column-wrap--f344a51 elementor-widget-wrap elementor-element-populated\">\n\t\t\t\t\t\t<div class=\"elementor-element elementor-element-53a816c elementor-widget elementor-widget-heading\" data-id=\"53a816c\" data-element_type=\"widget\" data-e-type=\"widget\" data-widget_type=\"heading.default\">\n\t\t\t\t<div class=\"elementor-widget-container\">\n\t\t\t\t\t<h2 class=\"elementor-heading-title elementor-size-default\">Pla\u0107anje<\/h2>\t\t\t\t<\/div>\n\t\t\t\t<\/div>\n\t\t\t\t<div class=\"elementor-element elementor-element-6ef2bcc elementor-widget elementor-widget-text-editor\" data-id=\"6ef2bcc\" data-element_type=\"widget\" data-e-type=\"widget\" data-widget_type=\"text-editor.default\">\n\t\t\t\t<div class=\"elementor-widget-container\">\n\t\t\t\t\t\t\t\t\t<ul><li>Ako ste odabrali pla\u0107anje prilikom dostave, po\u0161iljku pla\u0107ate izravno po\u0161tanskom dostavlja\u010du.<\/li><li>Uplata po primitku napla\u0107uje se u iznosu od 39 CZK s PDV-om.<\/li><li>U slu\u010daju predaje na po\u0161ti platit \u0107ete slu\u017ebeniku na \u0161alteru.<\/li><li>Platbu je mogu\u0107e izvr\u0161iti gotovinom ili karticom na \u0161alteru po\u0161te.<\/li><li>Uplatu je tako\u0111er mogu\u0107e besplatno izvr\u0161iti prijenosom na na\u0161 bankovni ra\u010dun ili ekspresnim prijenosom.<\/li><li>Uplatu je tako\u0111er mogu\u0107e besplatno izvr\u0161iti pla\u0107anjem karticom putem platne kapije Comgate.<\/li><\/ul>\t\t\t\t\t\t\t\t<\/div>\n\t\t\t\t<\/div>\n\t\t\t\t\t<\/div>\n\t\t<\/div>\n\t\t\t\t\t<\/div>\n\t\t<\/section>\n\t\t\t\t<section class=\"elementor-section elementor-top-section elementor-element elementor-element-8758765 elementor-section-content-middle elementor-hidden-desktop elementor-hidden-tablet elementor-hidden-mobile elementor-section-boxed elementor-section-height-default elementor-section-height-default\" data-id=\"8758765\" data-element_type=\"section\" data-e-type=\"section\">\n\t\t\t\t\t\t<div class=\"elementor-container elementor-column-gap-default\">\n\t\t\t\t\t<div class=\"elementor-column elementor-col-50 elementor-top-column elementor-element elementor-element-eaf97d5\" data-id=\"eaf97d5\" data-element_type=\"column\" data-e-type=\"column\">\n\t\t\t<div class=\"elementor-column-wrap--eaf97d5 elementor-widget-wrap elementor-element-populated\">\n\t\t\t\t\t\t<div class=\"elementor-element elementor-element-a0a35f9 elementor-view-default elementor-widget elementor-widget-icon\" data-id=\"a0a35f9\" data-element_type=\"widget\" data-e-type=\"widget\" data-widget_type=\"icon.default\">\n\t\t\t\t<div class=\"elementor-widget-container\">\n\t\t\t\t\t\t\t<div class=\"elementor-icon-wrapper\">\n\t\t\t<div class=\"elementor-icon\">\n\t\t\t<i aria-hidden=\"true\" class=\"fas fa-undo\"><\/i>\t\t\t<\/div>\n\t\t<\/div>\n\t\t\t\t\t\t<\/div>\n\t\t\t\t<\/div>\n\t\t\t\t\t<\/div>\n\t\t<\/div>\n\t\t\t\t<div class=\"elementor-column elementor-col-50 elementor-top-column elementor-element elementor-element-ff22cf6\" data-id=\"ff22cf6\" data-element_type=\"column\" data-e-type=\"column\">\n\t\t\t<div class=\"elementor-column-wrap--ff22cf6 elementor-widget-wrap elementor-element-populated\">\n\t\t\t\t\t\t<div class=\"elementor-element elementor-element-20053ab elementor-widget elementor-widget-heading\" data-id=\"20053ab\" data-element_type=\"widget\" data-e-type=\"widget\" data-widget_type=\"heading.default\">\n\t\t\t\t<div class=\"elementor-widget-container\">\n\t\t\t\t\t<h2 class=\"elementor-heading-title elementor-size-default\">Povrat \/ Zamjena<\/h2>\t\t\t\t<\/div>\n\t\t\t\t<\/div>\n\t\t\t\t<div class=\"elementor-element elementor-element-baae0fc elementor-widget elementor-widget-text-editor\" data-id=\"baae0fc\" data-element_type=\"widget\" data-e-type=\"widget\" data-widget_type=\"text-editor.default\">\n\t\t\t\t<div class=\"elementor-widget-container\">\n\t\t\t\t\t\t\t\t\t<p>Neodgovara vam na\u0161a majica? Nema problema. Robu mo\u017eete vratiti ili zamijeniti u roku od 14 dana od preuzimanja bez navo\u0111enja razloga. Roba mora biti neiskori\u0161tena, neoprana, u izvornom stanju, s etiketom i u originalnom pakiranju. Mo\u017eete nam je poslati na nekoliko na\u010dina.<\/p><h3>Vra\u0107anje putem Z\u00e1silkovne <b>(besplatno)<\/b><\/h3><ul><li>Neispravnu robu zapakirajte kao paket.<\/li><li>U paket stavite kopiju ra\u010duna i kratak popratni dopis s zahtjevom za zamjenu ili povrat.<\/li><li>Odaberite najbli\u017eu Z\u00e1silkovnu s predajnim mjestom na\u00a0<a href=\"https:\/\/www.zasilkovna.cz\/pobocky\">https:\/\/www.zasilkovna.cz\/pobocky<\/a><\/li><li>Na \u0161alteru diktirajte broj: <b>96511255<\/b><\/li><li>Osoblje \u0107e preuzeti paket i <b>Besplatno<\/b> ode\u0161le.<\/li><li>Za nekoliko dana, \u010dim paket stigne, dobit \u0107ete e-mail s potvrdom o preuzimanju.<\/li><\/ul><h3>Povrat po\u0161tom i drugim prijevoznicima<\/h3><p>Ako vam ne odgovara povrat putem Z\u00e1silkovny, mo\u017eete iskoristiti drugi na\u010din slanja robe. Pakiranu robu s kopijom fakture i kratkim popratnim pismom s zahtjevom za zamjenu ili povrat po\u0161aljite na adresu na\u0161e urednice:\u00a0<span style=\"font-size: 16px; font-weight: bold;\">Easy Company d.o.o. \u2013 <\/span><b>Karlovo n\u00e1m\u011bst\u00ed 317\/5, 120 00 Prag \u2013 Nov\u00e9 M\u011bsto<\/b><\/p>\t\t\t\t\t\t\t\t<\/div>\n\t\t\t\t<\/div>\n\t\t\t\t\t<\/div>\n\t\t<\/div>\n\t\t\t\t\t<\/div>\n\t\t<\/section>\n\t\t\t\t<section class=\"elementor-section elementor-top-section elementor-element elementor-element-4dba5dd elementor-section-content-middle elementor-section-boxed elementor-section-height-default elementor-section-height-default\" data-id=\"4dba5dd\" data-element_type=\"section\" data-e-type=\"section\">\n\t\t\t\t\t\t<div class=\"elementor-container elementor-column-gap-default\">\n\t\t\t\t\t<div class=\"elementor-column elementor-col-50 elementor-top-column elementor-element elementor-element-248ba73\" data-id=\"248ba73\" data-element_type=\"column\" data-e-type=\"column\">\n\t\t\t<div class=\"elementor-column-wrap--248ba73 elementor-widget-wrap elementor-element-populated\">\n\t\t\t\t\t\t<div class=\"elementor-element elementor-element-f7526d3 elementor-view-default elementor-widget elementor-widget-icon\" data-id=\"f7526d3\" data-element_type=\"widget\" data-e-type=\"widget\" data-widget_type=\"icon.default\">\n\t\t\t\t<div class=\"elementor-widget-container\">\n\t\t\t\t\t\t\t<div class=\"elementor-icon-wrapper\">\n\t\t\t<div class=\"elementor-icon\">\n\t\t\t<i aria-hidden=\"true\" class=\"fas fa-backward\"><\/i>\t\t\t<\/div>\n\t\t<\/div>\n\t\t\t\t\t\t<\/div>\n\t\t\t\t<\/div>\n\t\t\t\t\t<\/div>\n\t\t<\/div>\n\t\t\t\t<div class=\"elementor-column elementor-col-50 elementor-top-column elementor-element elementor-element-a83b84f rey-colbg--classic\" data-id=\"a83b84f\" data-element_type=\"column\" data-e-type=\"column\" data-settings=\"{&quot;background_background&quot;:&quot;classic&quot;}\">\n\t\t\t<div class=\"elementor-column-wrap--a83b84f elementor-widget-wrap elementor-element-populated\">\n\t\t\t\t\t\t<div class=\"elementor-element elementor-element-b7f6e7d elementor-widget elementor-widget-heading\" data-id=\"b7f6e7d\" data-element_type=\"widget\" data-e-type=\"widget\" data-widget_type=\"heading.default\">\n\t\t\t\t<div class=\"elementor-widget-container\">\n\t\t\t\t\t<h2 class=\"elementor-heading-title elementor-size-default\">Povrat<\/h2>\t\t\t\t<\/div>\n\t\t\t\t<\/div>\n\t\t\t\t<div class=\"elementor-element elementor-element-d34efd5 elementor-mobile-align-justify elementor-widget elementor-widget-button\" data-id=\"d34efd5\" data-element_type=\"widget\" data-e-type=\"widget\" data-widget_type=\"button.default\">\n\t\t\t\t<div class=\"elementor-widget-container\">\n\t\t\t\t\t\t\t\t\t<div class=\"elementor-button-wrapper\">\n\t\t\t\t\t<a class=\"elementor-button elementor-button-link elementor-size-lg\" href=\"https:\/\/thegobi.eu\/wp-content\/uploads\/2026\/02\/Gobi-Return-EU.pdf\">\n\t\t\t\t\t\t<span class=\"elementor-button-content-wrapper\">\n\t\t\t\t\t\t<span class=\"elementor-button-icon\">\n\t\t\t\t<i aria-hidden=\"true\" class=\"fas fa-download\"><\/i>\t\t\t<\/span>\n\t\t\t\t\t\t\t\t\t<span class=\"elementor-button-text\">OBRAZAC ZA POVRAT ROBE<\/span>\n\t\t\t\t\t<\/span>\n\t\t\t\t\t<\/a>\n\t\t\t\t<\/div>\n\t\t\t\t\t\t\t\t<\/div>\n\t\t\t\t<\/div>\n\t\t\t\t<div class=\"elementor-element elementor-element-07ca66e elementor-widget elementor-widget-text-editor\" data-id=\"07ca66e\" data-element_type=\"widget\" data-e-type=\"widget\" data-widget_type=\"text-editor.default\">\n\t\t\t\t<div class=\"elementor-widget-container\">\n\t\t\t\t\t\t\t\t\t<p data-start=\"0\" data-end=\"161\">Ako vam proizvod ne odgovara, rado \u0107emo ga besplatno zamijeniti za drugu veli\u010dinu. Ukoliko proizvod \u017eelite vratiti, molimo slijedite dolje navedene upute.<\/p><p data-start=\"163\" data-end=\"345\">Roba mora biti nekori\u0161tena, neoprana, u izvornom stanju s etiketama i originalnim pakiranjem.<\/p><p data-start=\"347\" data-end=\"417\"><strong data-start=\"347\" data-end=\"417\">Packeta International s.r.o - HR post (NSC) \/\n96629342 \/\nPo\u0161tanska 9 \/\n10410 Velika Gorica<\/strong><\/p><p data-start=\"419\" data-end=\"476\" data-is-last-node=\"\" data-is-only-node=\"\"><strong data-start=\"419\" data-end=\"429\">E-po\u0161ta:<\/strong> <a class=\"decorated-link cursor-pointer\" rel=\"noopener\" data-start=\"430\" data-end=\"446\">info@thegobi.eu<\/a><br data-start=\"446\" data-end=\"449\" \/><strong data-start=\"449\" data-end=\"459\">Telefon:<\/strong> +420 703 501 496<\/p>\t\t\t\t\t\t\t\t<\/div>\n\t\t\t\t<\/div>\n\t\t\t\t\t<\/div>\n\t\t<\/div>\n\t\t\t\t\t<\/div>\n\t\t<\/section>\n\t\t\t\t<\/div>","protected":false},"excerpt":{"rendered":"<p>Exchange and return Product exchange The size is not just right? Is the product too tight or too loose?We\u2019ll be happy to exchange it for free so it fits you perfectly. You can exchange the item within 14 days of receipt. The product must be unused, unwashed, in its original condition, with tags attached and [&hellip;]<\/p>\n","protected":false},"author":1,"featured_media":0,"parent":0,"menu_order":0,"comment_status":"closed","ping_status":"closed","template":"template-builder.php","meta":{"_acf_changed":false,"footnotes":""},"class_list":["post-9504","page","type-page","status-publish","hentry"],"acf":[],"_links":{"self":[{"href":"https:\/\/thegobi.eu\/hr\/wp-json\/wp\/v2\/pages\/9504","targetHints":{"allow":["GET"]}}],"collection":[{"href":"https:\/\/thegobi.eu\/hr\/wp-json\/wp\/v2\/pages"}],"about":[{"href":"https:\/\/thegobi.eu\/hr\/wp-json\/wp\/v2\/types\/page"}],"author":[{"embeddable":true,"href":"https:\/\/thegobi.eu\/hr\/wp-json\/wp\/v2\/users\/1"}],"replies":[{"embeddable":true,"href":"https:\/\/thegobi.eu\/hr\/wp-json\/wp\/v2\/comments?post=9504"}],"version-history":[{"count":6,"href":"https:\/\/thegobi.eu\/hr\/wp-json\/wp\/v2\/pages\/9504\/revisions"}],"predecessor-version":[{"id":399580,"href":"https:\/\/thegobi.eu\/hr\/wp-json\/wp\/v2\/pages\/9504\/revisions\/399580"}],"wp:attachment":[{"href":"https:\/\/thegobi.eu\/hr\/wp-json\/wp\/v2\/media?parent=9504"}],"curies":[{"name":"wp","href":"https:\/\/api.w.org\/{rel}","templated":true}]}}