{"id":234472,"date":"2019-11-06T09:50:15","date_gmt":"2019-11-06T08:50:15","guid":{"rendered":"https:\/\/thegobi.eu\/cz-staging\/?post_type=product&#038;p=234472"},"modified":"2025-08-07T01:26:54","modified_gmt":"2025-08-06T23:26:54","slug":"poslat-cemo-vam-darkovy-poklon-bon-na-adresu","status":"publish","type":"product","link":"https:\/\/thegobi.eu\/hr\/proizvod\/poslat-cemo-vam-darkovy-poklon-bon-na-adresu\/","title":{"rendered":"Poklon-bon (tiskani)"},"content":{"rendered":"","protected":false},"excerpt":{"rendered":"<ul>\n<li>Poklon-bon mo\u017ee biti u bilo kojem iznosu koji je vi\u0161ekratnik. <strong>890,-K\u010d<\/strong> (cijena jedne majice).<\/li>\n<li>Ako na primjer \u017eelite vau\u010der za <strong>3 majice<\/strong>, stavite u ko\u0161aricu 3 komada poklon-bonova.<\/li>\n<li>Nakon uplate, kupon \u0107e vam biti poslan na adresu koju ste odabrali. Za dvije kupone dostava je besplatna.<strong> besplatno<\/strong>.<\/li>\n<li>Na nalogu \u0107e biti ispunjen <strong>stubak iznosa<\/strong> a <strong>stub koda<\/strong> darovni bon. Primatelj darovnog bona mo\u017ee obaviti kupnju i iskoristiti kod koji \u0107e mu automatski umanjiti iznos narud\u017ebe za iznos naveden na bonu.<\/li>\n<\/ul>","protected":false},"featured_media":233903,"comment_status":"open","ping_status":"closed","template":"","meta":{"_acf_changed":false},"product_cat":[46],"product_tag":[45],"class_list":{"0":"post-234472","1":"product","2":"type-product","3":"status-publish","4":"has-post-thumbnail","6":"product_cat-poukazy","7":"product_tag-voucher-offline","9":"first","10":"instock","11":"taxable","12":"shipping-taxable","13":"purchasable","14":"product-type-simple","swatches":"rey-swatches","show_selected":"","stretch_labels":"rey-swatches--stretch-labels"},"acf":[],"_links":{"self":[{"href":"https:\/\/thegobi.eu\/hr\/wp-json\/wp\/v2\/product\/234472","targetHints":{"allow":["GET"]}}],"collection":[{"href":"https:\/\/thegobi.eu\/hr\/wp-json\/wp\/v2\/product"}],"about":[{"href":"https:\/\/thegobi.eu\/hr\/wp-json\/wp\/v2\/types\/product"}],"replies":[{"embeddable":true,"href":"https:\/\/thegobi.eu\/hr\/wp-json\/wp\/v2\/comments?post=234472"}],"wp:featuredmedia":[{"embeddable":true,"href":"https:\/\/thegobi.eu\/hr\/wp-json\/wp\/v2\/media\/233903"}],"wp:attachment":[{"href":"https:\/\/thegobi.eu\/hr\/wp-json\/wp\/v2\/media?parent=234472"}],"wp:term":[{"taxonomy":"product_cat","embeddable":true,"href":"https:\/\/thegobi.eu\/hr\/wp-json\/wp\/v2\/product_cat?post=234472"},{"taxonomy":"product_tag","embeddable":true,"href":"https:\/\/thegobi.eu\/hr\/wp-json\/wp\/v2\/product_tag?post=234472"}],"curies":[{"name":"wp","href":"https:\/\/api.w.org\/{rel}","templated":true}]}}