{"id":376766,"date":"2021-12-09T10:13:46","date_gmt":"2021-12-09T09:13:46","guid":{"rendered":"https:\/\/thegobi.eu\/cz-staging\/?post_type=product&#038;p=376766"},"modified":"2026-03-03T16:22:50","modified_gmt":"2026-03-03T15:22:50","slug":"gobi-trunks-muski-mikromodal","status":"publish","type":"product","link":"https:\/\/thegobi.eu\/hr\/proizvod\/gobi-trunks-muski-mikromodal\/","title":{"rendered":"Gobi BOKSERICE\u2013 Mu\u0161ke MicroModal"},"content":{"rendered":"<p data-start=\"100\" data-end=\"268\">Mu\u0161ke \u0161iroke bokserice Gobi predstavljaju 100% za\u0161titu od znojenja na zadnjem djelu. Zahvaljuju\u0107i nepropusnom integriranom dijelu, va\u0161e hla\u010de ostat \u0107e savr\u0161ene tijekom cijelog dana. Kratke hla\u010de Gobi djeluju kao pouzdana barijera \u010dak i u slu\u010daju pretjeranog znojenja i uvijek dr\u017ee gornji sloj odje\u0107e bez tragova znojenja.<\/p>\n<p data-start=\"415\" data-end=\"548\"><strong>\u010ceka vas naporan dan na poslu, duga ve\u010der s prijateljima ili romanti\u010dno dru\u017eenje u dvoje? Na Gobi se mo\u017eete pouzdati u svakoj situaciji!<\/strong><\/p>","protected":false},"excerpt":{"rendered":"<p>\u2714 Blokiraju znoj u podru\u010dju stra\u017enjice<br data-start=\"110\" data-end=\"113\" \/>\u2714 Nosite svijetle hla\u010de bez ikakve brige od znojenja<br data-start=\"171\" data-end=\"174\" \/>\u2714 Proizvedeno od ultra finog MicroModala<\/p>","protected":false},"featured_media":393043,"comment_status":"open","ping_status":"closed","template":"","meta":{"_acf_changed":false},"product_cat":[23,111,106,107],"product_tag":[113],"class_list":{"0":"post-376766","1":"product","2":"type-product","3":"status-publish","4":"has-post-thumbnail","6":"product_cat-mens","7":"product_cat-micromodal","8":"product_cat-sweatproof-clothing","9":"product_cat-sweatproof-trunks","10":"product_tag-panske","11":"pa_sizes-l","12":"pa_sizes-m","13":"pa_sizes-s","14":"pa_sizes-xl","15":"pa_sizes-xl-2","17":"first","18":"instock","19":"taxable","20":"shipping-taxable","21":"purchasable","22":"product-type-variable","23":"has-default-attributes","swatches":"rey-swatches","show_selected":"","stretch_labels":"rey-swatches--stretch-labels"},"acf":[],"_links":{"self":[{"href":"https:\/\/thegobi.eu\/hr\/wp-json\/wp\/v2\/product\/376766","targetHints":{"allow":["GET"]}}],"collection":[{"href":"https:\/\/thegobi.eu\/hr\/wp-json\/wp\/v2\/product"}],"about":[{"href":"https:\/\/thegobi.eu\/hr\/wp-json\/wp\/v2\/types\/product"}],"replies":[{"embeddable":true,"href":"https:\/\/thegobi.eu\/hr\/wp-json\/wp\/v2\/comments?post=376766"}],"wp:featuredmedia":[{"embeddable":true,"href":"https:\/\/thegobi.eu\/hr\/wp-json\/wp\/v2\/media\/393043"}],"wp:attachment":[{"href":"https:\/\/thegobi.eu\/hr\/wp-json\/wp\/v2\/media?parent=376766"}],"wp:term":[{"taxonomy":"product_cat","embeddable":true,"href":"https:\/\/thegobi.eu\/hr\/wp-json\/wp\/v2\/product_cat?post=376766"},{"taxonomy":"product_tag","embeddable":true,"href":"https:\/\/thegobi.eu\/hr\/wp-json\/wp\/v2\/product_tag?post=376766"}],"curies":[{"name":"wp","href":"https:\/\/api.w.org\/{rel}","templated":true}]}}