{"id":387042,"date":"2024-10-08T13:50:50","date_gmt":"2024-10-08T11:50:50","guid":{"rendered":"https:\/\/thegobi.eu\/cz-staging\/?post_type=product&#038;p=387042"},"modified":"2026-04-30T00:12:13","modified_gmt":"2026-04-29T22:12:13","slug":"gobi-original-muski-mikromodal","status":"publish","type":"product","link":"https:\/\/thegobi.eu\/hr\/proizvod\/gobi-original-muski-mikromodal\/","title":{"rendered":"Gobi ORIGINAL \u2013 Mu\u0161ka MicroModal"},"content":{"rendered":"<p data-start=\"100\" data-end=\"298\">Mu\u0161ka nevidljiva majica Gobi predstavlja 100% za\u0161titu od znojenja. Zahvaljuju\u0107i nepropusnim integriranim dijelovima ispod pazuha, va\u0161a \u0107e ko\u0161ulja ostati savr\u0161ena tijekom cijelog dana. Majica boje tijela ispod ko\u0161ulje Gobi djeluje kao pouzdana barijera \u010dak i u slu\u010daju pretjeranog znojenja i uvijek dr\u017ei gornji sloj odje\u0107e bez tragova znojenja ispod pazuha.<\/p>\n<p data-start=\"462\" data-end=\"570\"><strong>\u010ceka vas naporan dan na poslu, duga ve\u010der s prijateljima ili romanti\u010dno dru\u017eenje u dvoje? Na Gobi se mo\u017eete pouzdati u svakoj situaciji!<\/strong><\/p>","protected":false},"excerpt":{"rendered":"<p data-start=\"65\" data-end=\"98\">Potko\u0161ulja koja ti \u010duva le\u0111a.<\/p>\n<p data-start=\"100\" data-end=\"233\">\ud83d\udca7 Blokira znoj<br data-start=\"140\" data-end=\"143\" \/>\ud83c\udf3f Blokira neugodne mirise<br data-start=\"160\" data-end=\"163\" \/>\ud83d\udc54 Ispod ko\u0161ulje nevidljiva<br data-start=\"192\" data-end=\"195\" \/>\ud83d\udd25 Produljuje vijek trajanja odje\u0107e<\/p>","protected":false},"featured_media":399082,"comment_status":"open","ping_status":"closed","template":"","meta":{"_acf_changed":false},"product_cat":[23,111,103],"product_tag":[113],"class_list":{"0":"post-387042","1":"product","2":"type-product","3":"status-publish","4":"has-post-thumbnail","6":"product_cat-mens","7":"product_cat-micromodal","8":"product_cat-sweatproof-undershirts","9":"product_tag-panske","10":"pa_sizes-l","11":"pa_sizes-m","12":"pa_sizes-s","13":"pa_sizes-xl","14":"pa_sizes-xl-2","16":"first","17":"instock","18":"taxable","19":"shipping-taxable","20":"purchasable","21":"product-type-variable","22":"has-default-attributes","swatches":"rey-swatches","show_selected":"","stretch_labels":"rey-swatches--stretch-labels"},"acf":[],"_links":{"self":[{"href":"https:\/\/thegobi.eu\/hr\/wp-json\/wp\/v2\/product\/387042","targetHints":{"allow":["GET"]}}],"collection":[{"href":"https:\/\/thegobi.eu\/hr\/wp-json\/wp\/v2\/product"}],"about":[{"href":"https:\/\/thegobi.eu\/hr\/wp-json\/wp\/v2\/types\/product"}],"replies":[{"embeddable":true,"href":"https:\/\/thegobi.eu\/hr\/wp-json\/wp\/v2\/comments?post=387042"}],"wp:featuredmedia":[{"embeddable":true,"href":"https:\/\/thegobi.eu\/hr\/wp-json\/wp\/v2\/media\/399082"}],"wp:attachment":[{"href":"https:\/\/thegobi.eu\/hr\/wp-json\/wp\/v2\/media?parent=387042"}],"wp:term":[{"taxonomy":"product_cat","embeddable":true,"href":"https:\/\/thegobi.eu\/hr\/wp-json\/wp\/v2\/product_cat?post=387042"},{"taxonomy":"product_tag","embeddable":true,"href":"https:\/\/thegobi.eu\/hr\/wp-json\/wp\/v2\/product_tag?post=387042"}],"curies":[{"name":"wp","href":"https:\/\/api.w.org\/{rel}","templated":true}]}}