{"id":387073,"date":"2024-10-08T14:24:46","date_gmt":"2024-10-08T12:24:46","guid":{"rendered":"https:\/\/thegobi.eu\/cz-staging\/?post_type=product&#038;p=387073"},"modified":"2026-05-01T07:31:07","modified_gmt":"2026-05-01T05:31:07","slug":"gobi-original-zenski-pamuk","status":"publish","type":"product","link":"https:\/\/thegobi.eu\/hr\/proizvod\/gobi-original-zenski-pamuk\/","title":{"rendered":"Gobi ORIGINAL \u2013 \u017denski pamuk"},"content":{"rendered":"<p data-start=\"105\" data-end=\"304\">\u017denska nevidljiva majica Gobi boje tijela predstavlja 100% za\u0161titu od znojenja. Zahvaljuju\u0107i nepropusnim integriranim dijelovima ispod pazuha, va\u0161a \u0107e ko\u0161ulja ostati savr\u0161ena tijekom cijelog dana. Majica ispod ko\u0161ulje Gobi djeluje kao pouzdana barijera \u010dak i u slu\u010daju pretjeranog znojenja i uvijek dr\u017ei gornji sloj odje\u0107e bez tragova znojenja ispod pazuha.<\/p>\n<p data-start=\"463\" data-end=\"571\"><strong>\u010ceka vas naporan dan na poslu, duga ve\u010der s prijateljima ili romanti\u010dno dru\u017eenje u dvoje? Na Gobi se mo\u017eete pouzdati u svakoj situaciji!<\/strong><\/p>","protected":false},"excerpt":{"rendered":"<p data-start=\"65\" data-end=\"98\">Potko\u0161ulja koja ti \u010duva le\u0111a.<\/p>\n<p data-start=\"100\" data-end=\"233\">\ud83d\udca7 Blokira znoj<br data-start=\"140\" data-end=\"143\" \/>\ud83c\udf3f Blokira neugodne mirise<br data-start=\"160\" data-end=\"163\" \/>\ud83d\udc54 Ispod ko\u0161ulje nevidljiva<br data-start=\"192\" data-end=\"195\" \/>\ud83d\udd25 Produljuje vijek trajanja odje\u0107e<\/p>","protected":false},"featured_media":399081,"comment_status":"open","ping_status":"closed","template":"","meta":{"_acf_changed":false},"product_cat":[112,103,31],"product_tag":[114],"class_list":{"0":"post-387073","1":"product","2":"type-product","3":"status-publish","4":"has-post-thumbnail","6":"product_cat-cotton","7":"product_cat-sweatproof-undershirts","8":"product_cat-womens","9":"product_tag-damske","10":"pa_sizes-l","11":"pa_sizes-m","12":"pa_sizes-s","13":"pa_sizes-xl","14":"pa_sizes-xs","16":"first","17":"instock","18":"taxable","19":"shipping-taxable","20":"purchasable","21":"product-type-variable","22":"has-default-attributes","swatches":"rey-swatches","show_selected":"","stretch_labels":"rey-swatches--stretch-labels"},"acf":[],"_links":{"self":[{"href":"https:\/\/thegobi.eu\/hr\/wp-json\/wp\/v2\/product\/387073","targetHints":{"allow":["GET"]}}],"collection":[{"href":"https:\/\/thegobi.eu\/hr\/wp-json\/wp\/v2\/product"}],"about":[{"href":"https:\/\/thegobi.eu\/hr\/wp-json\/wp\/v2\/types\/product"}],"replies":[{"embeddable":true,"href":"https:\/\/thegobi.eu\/hr\/wp-json\/wp\/v2\/comments?post=387073"}],"wp:featuredmedia":[{"embeddable":true,"href":"https:\/\/thegobi.eu\/hr\/wp-json\/wp\/v2\/media\/399081"}],"wp:attachment":[{"href":"https:\/\/thegobi.eu\/hr\/wp-json\/wp\/v2\/media?parent=387073"}],"wp:term":[{"taxonomy":"product_cat","embeddable":true,"href":"https:\/\/thegobi.eu\/hr\/wp-json\/wp\/v2\/product_cat?post=387073"},{"taxonomy":"product_tag","embeddable":true,"href":"https:\/\/thegobi.eu\/hr\/wp-json\/wp\/v2\/product_tag?post=387073"}],"curies":[{"name":"wp","href":"https:\/\/api.w.org\/{rel}","templated":true}]}}