{"id":387845,"date":"2024-11-13T13:39:16","date_gmt":"2024-11-13T12:39:16","guid":{"rendered":"https:\/\/thegobi.eu\/cz-staging\/?post_type=product&#038;p=387845"},"modified":"2026-03-03T16:00:06","modified_gmt":"2026-03-03T15:00:06","slug":"zastitni-grudnjak-za-dojenje","status":"publish","type":"product","link":"https:\/\/thegobi.eu\/hr\/proizvod\/zastitni-grudnjak-za-dojenje\/","title":{"rendered":"Gobi NEST"},"content":{"rendered":"<p data-start=\"103\" data-end=\"285\">Gobi grudnjak za dojenje predstavlja 100% za\u0161titu od curenja maj\u010dinog mlijeka.<br data-start=\"175\" data-end=\"178\" \/>Zahvaljuju\u0107i nepropusnim integriranim dijelovima u ko\u0161aricama, vanjska strana grudnjaka uvijek ostaje suha. Gobi grudnjak funkcionira kao pouzdana barijera i gornji sloj odje\u0107e uvijek sa\u010duva bez ikakvih znakova curenja.<\/p>\n<p data-start=\"388\" data-end=\"426\"><strong>Na Gobi se mo\u017eete pouzdati u svakoj situaciji!<\/strong><\/p>","protected":false},"excerpt":{"rendered":"<p data-start=\"75\" data-end=\"94\">Grudnjak za dojenje koji:<\/p>\n<p data-start=\"96\" data-end=\"192\">\u2714 Blokira maj\u010dino mlijeko<br data-start=\"124\" data-end=\"127\" \/>\u2714 \u0160titi va\u0161u odje\u0107u<br data-start=\"151\" data-end=\"154\" \/>\u2714 Prirodni mekani materijal<br data-start=\"175\" data-end=\"178\" \/>\u2714 Sportski kroj<\/p>","protected":false},"featured_media":393124,"comment_status":"open","ping_status":"closed","template":"","meta":{"_acf_changed":false},"product_cat":[105,31],"product_tag":[114],"class_list":{"0":"post-387845","1":"product","2":"type-product","3":"status-publish","4":"has-post-thumbnail","6":"product_cat-protective-nursing-bra","7":"product_cat-womens","8":"product_tag-damske","9":"pa_sizes-l-xl","10":"pa_sizes-s-m","12":"first","13":"instock","14":"taxable","15":"shipping-taxable","16":"purchasable","17":"product-type-variable","swatches":"rey-swatches","show_selected":"","stretch_labels":"rey-swatches--stretch-labels"},"acf":[],"_links":{"self":[{"href":"https:\/\/thegobi.eu\/hr\/wp-json\/wp\/v2\/product\/387845","targetHints":{"allow":["GET"]}}],"collection":[{"href":"https:\/\/thegobi.eu\/hr\/wp-json\/wp\/v2\/product"}],"about":[{"href":"https:\/\/thegobi.eu\/hr\/wp-json\/wp\/v2\/types\/product"}],"replies":[{"embeddable":true,"href":"https:\/\/thegobi.eu\/hr\/wp-json\/wp\/v2\/comments?post=387845"}],"wp:featuredmedia":[{"embeddable":true,"href":"https:\/\/thegobi.eu\/hr\/wp-json\/wp\/v2\/media\/393124"}],"wp:attachment":[{"href":"https:\/\/thegobi.eu\/hr\/wp-json\/wp\/v2\/media?parent=387845"}],"wp:term":[{"taxonomy":"product_cat","embeddable":true,"href":"https:\/\/thegobi.eu\/hr\/wp-json\/wp\/v2\/product_cat?post=387845"},{"taxonomy":"product_tag","embeddable":true,"href":"https:\/\/thegobi.eu\/hr\/wp-json\/wp\/v2\/product_tag?post=387845"}],"curies":[{"name":"wp","href":"https:\/\/api.w.org\/{rel}","templated":true}]}}