{"id":388038,"date":"2024-11-18T15:19:14","date_gmt":"2024-11-18T14:19:14","guid":{"rendered":"https:\/\/thegobi.eu\/cz-staging\/?post_type=product&#038;p=388038"},"modified":"2026-03-18T18:04:19","modified_gmt":"2026-03-18T17:04:19","slug":"muski-merino-150-g-m%c2%b2","status":"publish","type":"product","link":"https:\/\/thegobi.eu\/hr\/proizvod\/muski-merino-150-g-m%c2%b2\/","title":{"rendered":"Mu\u0161ka merino \u2013 150 g\/m\u00b2"},"content":{"rendered":"<p>Lak\u0161a merino vuna od <strong>izdr\u017eljive mje\u0161avine 87% Merino vuna \/ 13% Najlon.<\/strong>Savr\u0161eni prvi sloj do bla\u017eeg vremena. Ne miri\u0161e po znoju i prekrasno je mekan. Izvrstan suputnik za va\u0161e naredno putovanje.<\/p>\n<p><strong>Na Gobi mo\u017eete biti pouzdani u svakoj situaciji!<\/strong><\/p>","protected":false},"excerpt":{"rendered":"<p>\u2714 150 g\/m\u00b2 Merino<br data-start=\"15\" data-end=\"18\" \/>\u2714 Savr\u0161eni prvi sloj za prolje\u0107e \/ jesen<br data-start=\"55\" data-end=\"58\" \/>\u2714 Ne miri\u0161e po znoju<\/p>","protected":false},"featured_media":393116,"comment_status":"open","ping_status":"closed","template":"","meta":{"_acf_changed":false},"product_cat":[23,104],"product_tag":[113],"class_list":{"0":"post-388038","1":"product","2":"type-product","3":"status-publish","4":"has-post-thumbnail","6":"product_cat-mens","7":"product_cat-merino","8":"product_tag-panske","9":"pa_sizes-l","10":"pa_sizes-m","11":"pa_sizes-s","12":"pa_sizes-xl","13":"pa_sizes-xl-2","15":"first","16":"instock","17":"taxable","18":"shipping-taxable","19":"purchasable","20":"product-type-variable","swatches":"rey-swatches","show_selected":"","stretch_labels":"rey-swatches--stretch-labels"},"acf":[],"_links":{"self":[{"href":"https:\/\/thegobi.eu\/hr\/wp-json\/wp\/v2\/product\/388038","targetHints":{"allow":["GET"]}}],"collection":[{"href":"https:\/\/thegobi.eu\/hr\/wp-json\/wp\/v2\/product"}],"about":[{"href":"https:\/\/thegobi.eu\/hr\/wp-json\/wp\/v2\/types\/product"}],"replies":[{"embeddable":true,"href":"https:\/\/thegobi.eu\/hr\/wp-json\/wp\/v2\/comments?post=388038"}],"wp:featuredmedia":[{"embeddable":true,"href":"https:\/\/thegobi.eu\/hr\/wp-json\/wp\/v2\/media\/393116"}],"wp:attachment":[{"href":"https:\/\/thegobi.eu\/hr\/wp-json\/wp\/v2\/media?parent=388038"}],"wp:term":[{"taxonomy":"product_cat","embeddable":true,"href":"https:\/\/thegobi.eu\/hr\/wp-json\/wp\/v2\/product_cat?post=388038"},{"taxonomy":"product_tag","embeddable":true,"href":"https:\/\/thegobi.eu\/hr\/wp-json\/wp\/v2\/product_tag?post=388038"}],"curies":[{"name":"wp","href":"https:\/\/api.w.org\/{rel}","templated":true}]}}