{"id":388128,"date":"2024-11-18T21:03:16","date_gmt":"2024-11-18T20:03:16","guid":{"rendered":"https:\/\/thegobi.eu\/cz-staging\/?post_type=product&#038;p=388128"},"modified":"2026-03-18T18:03:35","modified_gmt":"2026-03-18T17:03:35","slug":"zenski-merino-200-g-m%c2%b2","status":"publish","type":"product","link":"https:\/\/thegobi.eu\/hr\/proizvod\/zenski-merino-200-g-m%c2%b2\/","title":{"rendered":"\u017denska merino \u2013 200 g\/m\u00b2"},"content":{"rendered":"<p data-start=\"0\" data-end=\"254\">100% MERINO vuna u ve\u0107oj gramaturi. Izvrstan prvi sloj za hladno vrijeme. Ne miri\u0161e po znoju, prekrasno je mekan i izdr\u017eljiv. Va\u0161 savr\u0161eni pratitelj za pravu zimu. Na skija\u0161ke staze ili samo u \u0161etnju sa psom u snje\u017eni krajolik.<\/p>\n<p data-start=\"256\" data-end=\"296\" data-is-last-node=\"\" data-is-only-node=\"\"><strong>Na Gobi mo\u017eete biti pouzdani u svakoj situaciji!<\/strong><\/p>","protected":false},"excerpt":{"rendered":"<p>\u2714 200 g\/m\u00b2 Merino<br data-start=\"15\" data-end=\"18\" \/>\u2714 Topli prvi sloj za jesen \/ zimu<br data-start=\"52\" data-end=\"55\" \/>\u2714 Ne miri\u0161e po znoju<\/p>","protected":false},"featured_media":393114,"comment_status":"open","ping_status":"closed","template":"","meta":{"_acf_changed":false},"product_cat":[104,31],"product_tag":[114],"class_list":{"0":"post-388128","1":"product","2":"type-product","3":"status-publish","4":"has-post-thumbnail","6":"product_cat-merino","7":"product_cat-womens","8":"product_tag-damske","9":"pa_sizes-l","10":"pa_sizes-m","11":"pa_sizes-s","12":"pa_sizes-xl","13":"pa_sizes-xl-2","15":"first","16":"instock","17":"taxable","18":"shipping-taxable","19":"purchasable","20":"product-type-variable","swatches":"rey-swatches","show_selected":"","stretch_labels":"rey-swatches--stretch-labels"},"acf":[],"_links":{"self":[{"href":"https:\/\/thegobi.eu\/hr\/wp-json\/wp\/v2\/product\/388128","targetHints":{"allow":["GET"]}}],"collection":[{"href":"https:\/\/thegobi.eu\/hr\/wp-json\/wp\/v2\/product"}],"about":[{"href":"https:\/\/thegobi.eu\/hr\/wp-json\/wp\/v2\/types\/product"}],"replies":[{"embeddable":true,"href":"https:\/\/thegobi.eu\/hr\/wp-json\/wp\/v2\/comments?post=388128"}],"wp:featuredmedia":[{"embeddable":true,"href":"https:\/\/thegobi.eu\/hr\/wp-json\/wp\/v2\/media\/393114"}],"wp:attachment":[{"href":"https:\/\/thegobi.eu\/hr\/wp-json\/wp\/v2\/media?parent=388128"}],"wp:term":[{"taxonomy":"product_cat","embeddable":true,"href":"https:\/\/thegobi.eu\/hr\/wp-json\/wp\/v2\/product_cat?post=388128"},{"taxonomy":"product_tag","embeddable":true,"href":"https:\/\/thegobi.eu\/hr\/wp-json\/wp\/v2\/product_tag?post=388128"}],"curies":[{"name":"wp","href":"https:\/\/api.w.org\/{rel}","templated":true}]}}