{"id":395686,"date":"2025-11-13T17:56:42","date_gmt":"2025-11-13T16:56:42","guid":{"rendered":"https:\/\/thegobi.eu\/cz-staging\/?post_type=product&#038;p=395686"},"modified":"2026-03-03T15:56:16","modified_gmt":"2026-03-03T14:56:16","slug":"gobi-urban-muski-mikromodal","status":"publish","type":"product","link":"https:\/\/thegobi.eu\/hr\/proizvod\/gobi-urban-muski-mikromodal\/","title":{"rendered":"Gobi URBAN \u2013 Mu\u0161ka MicroModal"},"content":{"rendered":"<p data-start=\"93\" data-end=\"196\">Klasi\u010dna Gobi majica pru\u017ea potpunu za\u0161titu od znojenja ispod pazuha \u2014 i nitko to ne\u0107e primijetiti. Integrirana nepropusna membrana sa unutarnje strane rukava u svakom trenutku odr\u017eava vanjski sloj suhim. Tkanina je nevjerojatno mekana i oboga\u0107ena antibakterijskom obradom za svje\u017einu tijekom cijelog dana.<\/p>\n<p data-start=\"399\" data-end=\"529\"><strong>\u010ceka vas naporan dan na poslu, duga ve\u010der s prijateljima ili romanti\u010dno dru\u017eenje u dvoje? <\/strong><strong>Na Gobi se mo\u017eete pouzdati u svakoj situaciji!<\/strong><\/p>","protected":false},"excerpt":{"rendered":"<p data-start=\"97\" data-end=\"185\">Klasi\u010dna svakodnevna majica koju mo\u017eete nositi s povjerenjem \u2014 \u010dak i kada podignete ruke. S unutarnje strane dodali smo na\u0161u trostruku membranu za za\u0161titu od znoja \u2014 tanku, funkcionalnu i potpuno diskretnu. Izra\u0111ena od ultra mekane mje\u0161avine Lenzing\u2122 MicroModal i pamuka s antibakterijskom obradom.<\/p>\n<p data-start=\"397\" data-end=\"510\">\u2714 Diskretno blokira znoj<br data-start=\"422\" data-end=\"425\" \/>\u2714Blokira neugodne mirise<br data-start=\"438\" data-end=\"441\" \/>\u2714 Antibakterijska tkanina<br data-start=\"463\" data-end=\"466\" \/>\u2714 Izra\u0111eno od ultrameke mikro-modalne i pamu\u010dne mje\u0161avine<\/p>","protected":false},"featured_media":399068,"comment_status":"open","ping_status":"closed","template":"","meta":{"_acf_changed":false},"product_cat":[123,23,111],"product_tag":[113],"class_list":{"0":"post-395686","1":"product","2":"type-product","3":"status-publish","4":"has-post-thumbnail","6":"product_cat-everyday-sweatproof-t-shirts","7":"product_cat-mens","8":"product_cat-micromodal","9":"product_tag-panske","10":"pa_sizes-l","11":"pa_sizes-m","12":"pa_sizes-s","13":"pa_sizes-xl","14":"pa_sizes-xl-2","16":"first","17":"instock","18":"taxable","19":"shipping-taxable","20":"purchasable","21":"product-type-variable","22":"has-default-attributes","swatches":"rey-swatches","show_selected":"","stretch_labels":"rey-swatches--stretch-labels"},"acf":[],"_links":{"self":[{"href":"https:\/\/thegobi.eu\/hr\/wp-json\/wp\/v2\/product\/395686","targetHints":{"allow":["GET"]}}],"collection":[{"href":"https:\/\/thegobi.eu\/hr\/wp-json\/wp\/v2\/product"}],"about":[{"href":"https:\/\/thegobi.eu\/hr\/wp-json\/wp\/v2\/types\/product"}],"replies":[{"embeddable":true,"href":"https:\/\/thegobi.eu\/hr\/wp-json\/wp\/v2\/comments?post=395686"}],"wp:featuredmedia":[{"embeddable":true,"href":"https:\/\/thegobi.eu\/hr\/wp-json\/wp\/v2\/media\/399068"}],"wp:attachment":[{"href":"https:\/\/thegobi.eu\/hr\/wp-json\/wp\/v2\/media?parent=395686"}],"wp:term":[{"taxonomy":"product_cat","embeddable":true,"href":"https:\/\/thegobi.eu\/hr\/wp-json\/wp\/v2\/product_cat?post=395686"},{"taxonomy":"product_tag","embeddable":true,"href":"https:\/\/thegobi.eu\/hr\/wp-json\/wp\/v2\/product_tag?post=395686"}],"curies":[{"name":"wp","href":"https:\/\/api.w.org\/{rel}","templated":true}]}}