{"id":178305,"date":"2019-07-22T13:49:56","date_gmt":"2019-07-22T11:49:56","guid":{"rendered":"https:\/\/thegobi.eu\/cz-staging\/?page_id=178305"},"modified":"2025-05-16T17:19:50","modified_gmt":"2025-05-16T15:19:50","slug":"doporucte-kamarada","status":"publish","type":"page","link":"https:\/\/thegobi.eu\/si\/doporucte-kamarada\/","title":{"rendered":"Priporo\u010dite kamar\u00e1da"},"content":{"rendered":"<div data-elementor-type=\"wp-page\" data-elementor-id=\"178305\" class=\"elementor elementor-178305\" data-elementor-post-type=\"page\">\n\t\t\t\t\t\t<section class=\"elementor-section elementor-top-section elementor-element elementor-element-40eea0b elementor-section-boxed elementor-section-height-default elementor-section-height-default\" data-id=\"40eea0b\" data-element_type=\"section\" data-e-type=\"section\">\n\t\t\t\t\t\t<div class=\"elementor-container elementor-column-gap-no\">\n\t\t\t\t\t<div class=\"elementor-column elementor-col-100 elementor-top-column elementor-element elementor-element-27a2508\" data-id=\"27a2508\" data-element_type=\"column\" data-e-type=\"column\">\n\t\t\t<div class=\"elementor-column-wrap--27a2508 elementor-widget-wrap elementor-element-populated\">\n\t\t\t\t\t\t<div class=\"elementor-element elementor-element-553cce6 elementor-widget elementor-widget-spacer\" data-id=\"553cce6\" data-element_type=\"widget\" data-e-type=\"widget\" data-widget_type=\"spacer.default\">\n\t\t\t\t<div class=\"elementor-widget-container\">\n\t\t\t\t\t\t\t<div class=\"elementor-spacer\">\n\t\t\t<div class=\"elementor-spacer-inner\"><\/div>\n\t\t<\/div>\n\t\t\t\t\t\t<\/div>\n\t\t\t\t<\/div>\n\t\t\t\t<div class=\"elementor-element elementor-element-af268bb elementor-widget elementor-widget-heading\" data-id=\"af268bb\" data-element_type=\"widget\" data-e-type=\"widget\" data-widget_type=\"heading.default\">\n\t\t\t\t<div class=\"elementor-widget-container\">\n\t\t\t\t\t<h1 class=\"elementor-heading-title elementor-size-default\">Priporo\u010dite kamar\u00e1da <\/h1>\t\t\t\t<\/div>\n\t\t\t\t<\/div>\n\t\t\t\t<div class=\"elementor-element elementor-element-e8a6b62 elementor-widget elementor-widget-text-editor\" data-id=\"e8a6b62\" data-element_type=\"widget\" data-e-type=\"widget\" data-widget_type=\"text-editor.default\">\n\t\t\t\t<div class=\"elementor-widget-container\">\n\t\t\t\t\t\t\t\t\t<p><b>Imate radi tri\u010dka Gobi?<\/b> Priporo\u010dite nam svoj znan\u00fdm, kamar\u00e1d\u016fm, p\u0159\u00edbuzn\u00fdm i koleg\u016fm a my vam za vsakega novega z\u00e1kazn\u00edka po\u0161leme slevov\u00fd k\u00f3d na 5%. Va\u0161i kamar\u00e1di bodo radi, da ste jim priporo\u010dili odli\u010den izdelek in vi boste imeli svoj nakup o nekaj cenej\u0161ih.<\/p>\t\t\t\t\t\t\t\t<\/div>\n\t\t\t\t<\/div>\n\t\t\t\t\t<\/div>\n\t\t<\/div>\n\t\t\t\t\t<\/div>\n\t\t<\/section>\n\t\t\t\t<section class=\"elementor-section elementor-top-section elementor-element elementor-element-e0ae6b4 elementor-section-boxed elementor-section-height-default elementor-section-height-default\" data-id=\"e0ae6b4\" data-element_type=\"section\" data-e-type=\"section\">\n\t\t\t\t\t\t<div class=\"elementor-container elementor-column-gap-no\">\n\t\t\t\t\t<div class=\"elementor-column elementor-col-100 elementor-top-column elementor-element elementor-element-44ff02f\" data-id=\"44ff02f\" data-element_type=\"column\" data-e-type=\"column\">\n\t\t\t<div class=\"elementor-column-wrap--44ff02f elementor-widget-wrap elementor-element-populated\">\n\t\t\t\t\t\t<div class=\"elementor-element elementor-element-9c3b667 elementor-widget elementor-widget-image\" data-id=\"9c3b667\" data-element_type=\"widget\" data-e-type=\"widget\" data-widget_type=\"image.default\">\n\t\t\t\t<div class=\"elementor-widget-container\">\n\t\t\t\t\t\t\t\t\t\t\t\t\t\t\t<img decoding=\"async\" width=\"1300\" height=\"400\" data-src=\"https:\/\/thegobi.eu\/wp-content\/uploads\/2019\/07\/mojegobi.cz-doporuc-kamarada.jpg\" class=\"attachment-full size-full wp-image-179196 lazyload\" alt=\"\" data-srcset=\"https:\/\/thegobi.eu\/wp-content\/uploads\/2019\/07\/mojegobi.cz-doporuc-kamarada.jpg 1300w, https:\/\/thegobi.eu\/wp-content\/uploads\/2019\/07\/mojegobi.cz-doporuc-kamarada-100x31.jpg 100w, https:\/\/thegobi.eu\/wp-content\/uploads\/2019\/07\/mojegobi.cz-doporuc-kamarada-800x246.jpg 800w, https:\/\/thegobi.eu\/wp-content\/uploads\/2019\/07\/mojegobi.cz-doporuc-kamarada-300x92.jpg 300w, https:\/\/thegobi.eu\/wp-content\/uploads\/2019\/07\/mojegobi.cz-doporuc-kamarada-768x236.jpg 768w, https:\/\/thegobi.eu\/wp-content\/uploads\/2019\/07\/mojegobi.cz-doporuc-kamarada-1024x315.jpg 1024w, https:\/\/thegobi.eu\/wp-content\/uploads\/2019\/07\/mojegobi.cz-doporuc-kamarada-600x185.jpg 600w\" data-sizes=\"auto\" src=\"data:image\/svg+xml;base64,PHN2ZyB3aWR0aD0iMSIgaGVpZ2h0PSIxIiB4bWxucz0iaHR0cDovL3d3dy53My5vcmcvMjAwMC9zdmciPjwvc3ZnPg==\" style=\"--smush-placeholder-width: 1300px; --smush-placeholder-aspect-ratio: 1300\/400;\" data-original-sizes=\"(max-width: 1300px) 100vw, 1300px\" \/>\t\t\t\t\t\t\t\t\t\t\t\t\t\t\t<\/div>\n\t\t\t\t<\/div>\n\t\t\t\t<div class=\"elementor-element elementor-element-d8e9d68 elementor-widget elementor-widget-heading\" data-id=\"d8e9d68\" data-element_type=\"widget\" data-e-type=\"widget\" data-widget_type=\"heading.default\">\n\t\t\t\t<div class=\"elementor-widget-container\">\n\t\t\t\t\t<h2 class=\"elementor-heading-title elementor-size-default\">Kako priporo\u010diti kamar\u00e1da in pridobiti slevu? <\/h2>\t\t\t\t<\/div>\n\t\t\t\t<\/div>\n\t\t\t\t\t<\/div>\n\t\t<\/div>\n\t\t\t\t\t<\/div>\n\t\t<\/section>\n\t\t\t\t<section class=\"elementor-section elementor-top-section elementor-element elementor-element-a2ea353 elementor-section-boxed elementor-section-height-default elementor-section-height-default\" data-id=\"a2ea353\" data-element_type=\"section\" data-e-type=\"section\">\n\t\t\t\t\t\t<div class=\"elementor-container elementor-column-gap-no\">\n\t\t\t\t\t<div class=\"elementor-column elementor-col-100 elementor-top-column elementor-element elementor-element-05fd386\" data-id=\"05fd386\" data-element_type=\"column\" data-e-type=\"column\">\n\t\t\t<div class=\"elementor-column-wrap--05fd386 elementor-widget-wrap elementor-element-populated\">\n\t\t\t\t\t\t<div class=\"elementor-element elementor-element-7c6c31b elementor-widget elementor-widget-text-editor\" data-id=\"7c6c31b\" data-element_type=\"widget\" data-e-type=\"widget\" data-widget_type=\"text-editor.default\">\n\t\t\t\t<div class=\"elementor-widget-container\">\n\t\t\t\t\t\t\t\t\t<ol>\n<li>Nejd\u0159\u00edve je treba imeti ustvarjen ra\u010dun. Ra\u010dun si lahko preprosto ustvarite <a href=\"https:\/\/thegobi.eu\/si\/muj-ucet\/\">ZDE.<\/a>&nbsp;(Imate \u017ee ustvarjen ra\u010dun? <a href=\"https:\/\/thegobi.eu\/si\/muj-ucet\/\">Prijavite se<\/a>)<\/li>\n<li>V sekciji \u201c<a href=\"https:\/\/thegobi.eu\/si\/muj-ucet\/\">M\u016fj \u00fa\u010det<\/a>\u201d pod z\u00e1lo\u017ekou \u201c<a href=\"https:\/\/thegobi.eu\/si\/muj-ucet\/myreferrals\/\">Priporo\u010dite kamar\u00e1da<\/a>\u201d najdete svoj unik\u00e1tn\u00ed odkaz leading na na\u0161e spletne strani. Ta odkaz lahko sd\u00edlet se sv\u00fdmi kamar\u00e1dy.<\/li>\n<li>\u010ce se priporo\u010den\u00fd kamar\u00e1d proklikne p\u0159es v\u00e1\u0161 unik\u00e1tn\u00ed odkaz a following nakoup\u00ed, automatically se vam vygeneruje k\u00f3d na slevu <b>5%.<\/b> Ta slevov\u00fd k\u00f3d vid\u00edte v sekciji \u201c<a href=\"https:\/\/thegobi.eu\/si\/muj-ucet\/myreferrals\/\">Priporo\u010dite kamar\u00e1da<\/a>\u201d in tudi vi ga samodejno od\u0161leme na va\u0161 elektronski naslov.<\/li>\n<\/ol>\t\t\t\t\t\t\t\t<\/div>\n\t\t\t\t<\/div>\n\t\t\t\t\t<\/div>\n\t\t<\/div>\n\t\t\t\t\t<\/div>\n\t\t<\/section>\n\t\t\t\t<section class=\"elementor-section elementor-top-section elementor-element elementor-element-dcd5add elementor-section-boxed elementor-section-height-default elementor-section-height-default\" data-id=\"dcd5add\" data-element_type=\"section\" data-e-type=\"section\">\n\t\t\t\t\t\t<div class=\"elementor-container elementor-column-gap-default\">\n\t\t\t\t\t<div class=\"elementor-column elementor-col-100 elementor-top-column elementor-element elementor-element-a75c78a\" data-id=\"a75c78a\" data-element_type=\"column\" data-e-type=\"column\">\n\t\t\t<div class=\"elementor-column-wrap--a75c78a elementor-widget-wrap elementor-element-populated\">\n\t\t\t\t\t\t<div class=\"elementor-element elementor-element-6b174e2 elementor-align-center elementor-widget elementor-widget-button\" data-id=\"6b174e2\" data-element_type=\"widget\" data-e-type=\"widget\" data-widget_type=\"button.default\">\n\t\t\t\t<div class=\"elementor-widget-container\">\n\t\t\t\t\t\t\t\t\t<div class=\"elementor-button-wrapper\">\n\t\t\t\t\t<a class=\"elementor-button elementor-button-link elementor-size-lg\" href=\"https:\/\/thegobi.eu\/si\/muj-ucet\/myreferrals\/\">\n\t\t\t\t\t\t<span class=\"elementor-button-content-wrapper\">\n\t\t\t\t\t\t\t\t\t<span class=\"elementor-button-text\">Chci priporo\u010diti kamar\u00e1da<\/span>\n\t\t\t\t\t<\/span>\n\t\t\t\t\t<\/a>\n\t\t\t\t<\/div>\n\t\t\t\t\t\t\t\t<\/div>\n\t\t\t\t<\/div>\n\t\t\t\t\t<\/div>\n\t\t<\/div>\n\t\t\t\t\t<\/div>\n\t\t<\/section>\n\t\t\t\t<section class=\"elementor-section elementor-top-section elementor-element elementor-element-9dd2c21 elementor-section-boxed elementor-section-height-default elementor-section-height-default\" data-id=\"9dd2c21\" data-element_type=\"section\" data-e-type=\"section\">\n\t\t\t\t\t\t<div class=\"elementor-container elementor-column-gap-no\">\n\t\t\t\t\t<div class=\"elementor-column elementor-col-100 elementor-top-column elementor-element elementor-element-3b1ff2d\" data-id=\"3b1ff2d\" data-element_type=\"column\" data-e-type=\"column\">\n\t\t\t<div class=\"elementor-column-wrap--3b1ff2d elementor-widget-wrap elementor-element-populated\">\n\t\t\t\t\t\t<div class=\"elementor-element elementor-element-1d4f2f7 elementor-widget elementor-widget-text-editor\" data-id=\"1d4f2f7\" data-element_type=\"widget\" data-e-type=\"widget\" data-widget_type=\"text-editor.default\">\n\t\t\t\t<div class=\"elementor-widget-container\">\n\t\t\t\t\t\t\t\t\t<p>\u0160tevilo priporo\u010denih oseb je neomezen\u00fd. Nelze priporo\u010diti obstoje\u010dega uporabnika. Slevy n\u00ed mo\u017eno s\u010d\u00edtat. Slevov\u00fd k\u00f3d je automatically odesl\u00e1n ve chv\u00edli, when je objedn\u00e1vka priporo\u010denega kamar\u00e1da ozna\u010dena kot \u201cDokon\u010dena\u201d<\/p>\t\t\t\t\t\t\t\t<\/div>\n\t\t\t\t<\/div>\n\t\t\t\t\t<\/div>\n\t\t<\/div>\n\t\t\t\t\t<\/div>\n\t\t<\/section>\n\t\t\t\t<\/div>","protected":false},"excerpt":{"rendered":"<p>Doporu\u010dte kamar\u00e1da M\u00e1te r\u00e1di tri\u010dka Gobi? Doporu\u010dte n\u00e1s sv\u00fdm zn\u00e1m\u00fdm, kamar\u00e1d\u016fm, p\u0159\u00edbuzn\u00fdm i koleg\u016fm a my v\u00e1m za ka\u017ed\u00e9ho nov\u00e9ho z\u00e1kazn\u00edka po\u0161leme slevov\u00fd k\u00f3d na 5%. Va\u0161i kamar\u00e1di budou r\u00e1di, \u017ee jste jim doporu\u010dili skv\u011bl\u00fd produkt a vy budete m\u00edt p\u0159\u00ed\u0161t\u00ed n\u00e1kup o n\u011bco levn\u011bj\u0161\u00ed. Jak doporu\u010dit kamar\u00e1da a z\u00edskat slevu? Nejd\u0159\u00edve je pot\u0159eba m\u00edt [&hellip;]<\/p>\n","protected":false},"author":1,"featured_media":0,"parent":0,"menu_order":0,"comment_status":"closed","ping_status":"closed","template":"template-builder.php","meta":{"_acf_changed":false,"footnotes":""},"class_list":["post-178305","page","type-page","status-publish","hentry"],"acf":[],"_links":{"self":[{"href":"https:\/\/thegobi.eu\/si\/wp-json\/wp\/v2\/pages\/178305","targetHints":{"allow":["GET"]}}],"collection":[{"href":"https:\/\/thegobi.eu\/si\/wp-json\/wp\/v2\/pages"}],"about":[{"href":"https:\/\/thegobi.eu\/si\/wp-json\/wp\/v2\/types\/page"}],"author":[{"embeddable":true,"href":"https:\/\/thegobi.eu\/si\/wp-json\/wp\/v2\/users\/1"}],"replies":[{"embeddable":true,"href":"https:\/\/thegobi.eu\/si\/wp-json\/wp\/v2\/comments?post=178305"}],"version-history":[{"count":0,"href":"https:\/\/thegobi.eu\/si\/wp-json\/wp\/v2\/pages\/178305\/revisions"}],"wp:attachment":[{"href":"https:\/\/thegobi.eu\/si\/wp-json\/wp\/v2\/media?parent=178305"}],"curies":[{"name":"wp","href":"https:\/\/api.w.org\/{rel}","templated":true}]}}