{"id":3,"date":"2019-04-03T11:17:31","date_gmt":"2019-04-03T09:17:31","guid":{"rendered":"http:\/\/mojegobi.sk\/?page_id=3"},"modified":"2026-02-11T08:47:53","modified_gmt":"2026-02-11T07:47:53","slug":"politika-zasebnosti","status":"publish","type":"page","link":"https:\/\/thegobi.eu\/si\/politika-zasebnosti\/","title":{"rendered":"Politika zasebnosti"},"content":{"rendered":"<h3 class=\"wp-block-heading\">I. Osnovna dolo\u010dila<\/h3>\r\n<ol>\r\n<li>Spr\u00e1vcem osebnih podatkov podle \u010dl. 4 bod 7 Uredbe Evropskega parlamenta in Sveta (EU) 2016\/679 o varstvu fizi\u010dnih oseb v zvezi s se obdelovanjem osebnih podatkov a voln\u00e9m pohybu teh podatkov (Further jen: \u201eGDPR\u201d) je spole\u010dnost\u00a0<strong>Easy Company s.r.o.,<\/strong> I\u010c 24250651, se s\u00eddlem Podolsk\u00e1 1487\/8a, 147 00 Praha(Further jen:<strong>\u00a0\u201eSpr\u00e1vce\u201c<\/strong>).<\/li>\r\n<li>Kontaktni podatki Spr\u00e1vce so:<br \/><strong>Naslov:<\/strong><\/li>\r\n<li><strong>Easy Company s.r.o.,<\/strong> I\u010c 24250651, se s\u00eddlem Podolsk\u00e1 1487\/8a, 147 00 Praha<br \/><strong>E-po\u0161tni naslov:<\/strong>\u00a0info@mojegobi.cz<br \/><strong>Telefon:<\/strong> +420 703 501 496<\/li>\r\n<li>Osobn\u00edmi \u00fadaji se razumejo vse informacije o identificiranih ali identificirajo\u010dih fizi\u010dnih osebah; identifikaovatelnou fizickou osobou je fizick\u00e1 oseba, katero je mogo\u010de neposredno \u010di nep\u0159\u00edmo identificirati, zejm\u00e9na odkazem na ur\u010dit\u00fd identifik\u00e1tor, nap\u0159\u00edklad jm\u00e9no, identifika\u010dn\u00ed \u010d\u00edslo, loka\u010dn\u00ed \u00fadaje, s\u00ed\u0165ov\u00fd identifik\u00e1tor nebo na jeden \u010di ve\u010d posebnih prvk\u016f fyzick\u00e9, fyziologick\u00e9, genetick\u00e9, psychick\u00e9, ekonomick\u00e9, kulturn\u00ed ali spole\u010densk\u00e9 identity t\u00e9to fyzick\u00e9 osebe.<\/li>\r\n<li>Spr\u00e1vce nejmenoval pov\u011b\u0159ence za za\u0161\u010dito osebnih podatkov.<\/li>\r\n<\/ol>\r\n<h3>II. Zdroje in kategorije obdelovanih osebnih podatkov<\/h3>\r\n<ol>\r\n<li>Spr\u00e1vce zpracov\u00e1v\u00e1 osobn\u00ed \u00fadaje, kter\u00e9 ste mu poskytl\/a ali osebne podatke, kter\u00e9 spr\u00e1vce z\u00edskal na podlagi pln\u011bn\u00ed Va\u0161\u00ed objedn\u00e1vky.<\/li>\r\n<li>Spr\u00e1vce zpracov\u00e1v\u00e1 Va\u0161e identifikacijske in kontaktne podatke ter podatke nezbytn\u00e9 pro pln\u011bn\u00ed pogodbe, vklju\u010dno z elektronskim sklopom \u201ecookie\u201c.<\/li>\r\n<li>\u010ce ste se prijavil k odb\u011bru na\u0161ega glasila, Spr\u00e1vce pak obdelov\u00e1v\u00e1 Va\u0161i emailovou adresu a \u010dasov\u00fd z\u00e1znam, when k soglasju se zas\u00edl\u00e1n\u00edm komer\u010dn\u00edch ponudek vztahuj\u00edc\u00edch se ke zbo\u017e\u00ed nab\u00edzen\u00e9mu v eshopu www.mojegobi.cz occurred.<\/li>\r\n<\/ol>\r\n<h3>III. Zakonn\u00fd d\u00f4vod a \u00fa\u010del zpracov\u00e1n\u00ed osobn\u00edch \u00fadaj\u016f<\/h3>\r\n<p>1. Zakonn\u00fdm razlogom zpracov\u00e1n\u00ed osebnih podatkov je<\/p>\r\n<ul>\r\n<li>pln\u011bn\u00ed pogodbe med V\u00e1mi in Spr\u00e1vcem po \u010dl. 6 odst. 1 p\u00edsm. b) Splo\u0161ne uredbe o varstvu podatkov,<\/li>\r\n<li>opr\u00e1vn\u011bn\u00fd z\u00e1jem Spr\u00e1vce na poskytov\u00e1n\u00ed p\u0159\u00edm\u00e9ho marketingu (zejm\u00e9na pro zas\u00edl\u00e1n\u00ed obchodn\u00edch sd\u011blen\u00ed a newsletter\u016f) podle \u010dl. 6 odst. 1 p\u00edsm. f) GDPR,<\/li>\r\n<li>opr\u00e1vn\u011bn\u00fd z\u00e1jem Spr\u00e1vce spo\u010d\u00edvaj\u00edc\u00ed v komunikaci s potencialnim z\u00e1kaznikom\/nav\u0161t\u011bvnikom strani po vypln\u011bn\u00ed kontaktn\u00edho formul\u00e1\u0159e,<\/li>\r\n<li>V\u00e1\u0161 s\u00fahlas se zpracov\u00e1n\u00edm pro namene poskytov\u00e1n\u00ed p\u0159\u00edm\u00e9ho marketingu (zejm\u00e9na pro zas\u00edl\u00e1n\u00ed obchodn\u00edch sd\u011blen\u00ed a newsletter\u016f) podle \u010dl. 6 odst. 1 p\u00edsm. a) GDPR ve spojen\u00ed s \u00a7 7 odst. 2 z\u00e1kona \u010d. 480\/2004 Sb. o nekaterih storitvah informacijske dru\u017ebe v primeru, da nedo\u0161lo k naro\u010dilu blaga ali storitev.<\/li>\r\n<\/ul>\r\n<p>2. U\u010delem obdelati osebne podatke je<\/p>\r\n<ul>\r\n<li>vy\u0159\u00edzen\u00ed Va\u0161\u00ed naro\u010dil a v\u00fdkon pr\u00e1v a povinnost\u00ed vypl\u00fdvaj\u00edc\u00edch ze smluvn\u00edho vztahu mezi V\u00e1mi a Spr\u00e1vcem; pri naro\u010dce so zahtevani osebni podatki, ki so potrebni za \u00fasp\u011b\u0161n\u00e9 vy\u0159\u00edzen\u00ed objedn\u00e1vky (ime in naslov, kontakt), poskytnut\u00ed osobn\u00edch \u00fadaj\u016f je nutn\u00fdm po\u017eadavkem pro uzav\u0159en\u00ed a pln\u011bn\u00ed smlouvy, bez poskytnut\u00ed osobn\u00edch \u00fadaj\u016f n\u00ed mo\u017eno smlouvu uzav\u0159\u00edt \u010di j\u00ed ze strany Spr\u00e1vce plnit,<\/li>\r\n<li>zas\u00edl\u00e1n\u00ed obchodn\u00edch sd\u011blen\u00ed a \u010din\u011bn\u00ed dodatnih marketin\u0161kih aktivnosti,<\/li>\r\n<li>statisti\u010dne in analiti\u010dne obdelave podatkov.<\/li>\r\n<\/ul>\r\n<p>3. Ze strani upravce doch\u00e1z\u00ed k automatick\u00e9mu individu\u00e1ln\u00edmu odlo\u010dov\u00e1n\u00ed ve smyslu \u010dl. 22 GDPR. S takov\u00fdm zpracov\u00e1n\u00edm ste zagotovili\/a svoj izrazn\u00fd soglasje.<\/p>\r\n<h3>IV. Doba uchov\u00e1v\u00e1n\u00ed osobn\u00edch \u00fadaj\u016f<\/h3>\r\n<p>1. Spr\u00e1vce uchov\u00e1v\u00e1 osobn\u00ed \u00fadaje<\/p>\r\n<ul>\r\n<li>po dobu nezbytnou k v\u00fdkonu pr\u00e1v a povinnost\u00ed vypl\u00fdvaj\u00edc\u00edch ze smluvn\u00edho vztahu mezi V\u00e1mi a upravcem a uplat\u0148ov\u00e1n\u00ed n\u00e1rok\u016f z t\u011bchto smluvn\u00edch vztah\u016f (po dobu 10 let od ukon\u010den\u00ed smluvnega razmerja).<\/li>\r\n<li>po dobu, ne\u017e je odvol\u00e1n s\u00fahlas se zpracov\u00e1n\u00edm osobn\u00edch \u00fadaj\u016f pro namene marketingu, nejd\u00e9le 10 let, so-li osebne podatke zpracov\u00e1v\u00e1ny na podlagi s\u00fahlasu.<\/li>\r\n<\/ul>\r\n<p>2. Po uplynut\u00ed doby uchov\u00e1v\u00e1n\u00ed osobn\u00edch \u00fadaj\u016f Spr\u00e1vce osobn\u00ed \u00fadaje vyma\u017ee.<\/p>\r\n<h3>V. Prijemci osebnih podatkov<\/h3>\r\n<p>1. Prijemci osebnih podatkov so osebe<\/p>\r\n<ul>\r\n<li>pod\u00edlej\u00edc\u00ed se na dod\u00e1n\u00ed zbo\u017e\u00ed \/ slu\u017eeb \/ realizaci plateb na podlagi pogodbe,<\/li>\r\n<li>zagotavljanja storitev provozov\u00e1n\u00ed e-shopu in drugih storitev v povezavi s provozovanjem e-shopu,<\/li>\r\n<li>zagotavljanje marketin\u0161kih storitev.<\/li>\r\n<\/ul>\r\n<p>2. Spr\u00e1vce m\u00e1 v \u00fam predat osebne podatke do izven EU) ali mednarodne organizacije. P\u0159\u00edjemci osebnih podatkov v tretjih dr\u017eavah so poskytovatel\u00e9 mailingov\u00fdch slu\u017eeb \/ cloudov\u00fdch slu\u017eeb.<\/p>\r\n<p>3. Vedle \u017ee navedenih osebnih podatkov se vi\u0161ji navedeni soglasni kupuj\u00edc\u00edho nana\u0161a tudi na podatke nastala proch\u00e1zen\u00ed str\u00e1nek webov\u00e9ho rozhran\u00ed generovan\u00e1 \u043f\u043e\u043c\u043e\u0449\u0442\u0430 analytick\u00e9ho n\u00e1strojov Google Analytics s roz\u0161\u00ed\u0159en\u00edm k\u00f3du o ukl\u00e1d\u00e1n\u00ed remarketingov\u00fdch dat. Ta remarketingov\u00e1 data ukl\u00e1d\u00e1me po dobu 365 dni. Pomo\u010d\u00ed t\u011bchto spletnih orodij nesb\u00edr\u00e1me va\u0161e osebne podatke, kot je ime, naslov, e-po\u0161ta, niti telefon. Z\u00e1znam pro c\u00edlen\u00ed remarketingov\u00fdch reklam lahko odstranite po izmaz\u00e1n\u00ed soubor\u016f cookie ve va\u0161em prohl\u00ed\u017ee\u010di.<\/p>\r\n<h3>VI. Va\u0161e pravice<\/h3>\r\n<p>1. Za pogoje dolo\u010denih v GDPR imate<\/p>\r\n<ul>\r\n<li>pravica na dostop ke svojim osebnim podatkom po \u010dl. 15 GDPR,<\/li>\r\n<li>pr\u00e1vo opravu osobn\u00edch \u00fadaj\u016f dle \u010dl. 16 GDPR, pop\u0159\u00edpad\u011b omejitev zpracov\u00e1n\u00ed dle \u010dl. 18 GDPR.<\/li>\r\n<li>pr\u00e1vo na v\u00fdmaz osobn\u00edch \u00fadaj\u016f dle \u010dl. 17 GDPR.<\/li>\r\n<li>pr\u00e1vo vzn\u00e9st n\u00e1mitku proti zpracov\u00e1n\u00ed dle \u010dl. 21 GDPR in<\/li>\r\n<li>pr\u00e1vo na p\u0159enositelnost \u00fadaj\u016f dle \u010dl. 20 GDPR.<\/li>\r\n<li>pr\u00e1vo odvolat s\u00fahlas se zpracov\u00e1n\u00edm p\u00edsemn\u011b nebo elektronicky na adresu ali email spr\u00e1vce uveden\u00fd v \u010dl. III teh pogojev.<\/li>\r\n<\/ul>\r\n<p>2. Further m\u00e1te pr\u00e1vo podat st\u00ed\u017enost u \u00da\u0159adu pro ochranu osobn\u00edch \u00fadaj\u016f v primeru, da se domn\u00edv\u00e1te, da je bilo kr\u0161eno Va\u0161\u00ed pr\u00e1vo na ochranu osobn\u00edch \u00fadaj\u016f.<\/p>\r\n<h3>VII. Podm\u00ednky zabezpe\u010den\u00ed osebnih podatkov<\/h3>\r\n<p>1. Spr\u00e1vce prohla\u0161uje, da je sprejel vsa primerna tehni\u010dna in organizacijska sredstva za zagotavljanje osebnih podatkov.<\/p>\r\n<p>2. Spr\u00e1vce p\u0159ijal tehni\u010dno ukrepanje k zagotavljanju podatkovnih podatkov in podatkovnih podatkov v listinskem obrazcu, zlasti zabezpe\u010den\u00ed fizi\u010dnih dokumentov, tehni\u010dnih zabezpe\u010den\u00ed podatkovnih \u00falo\u017ei\u0161\u0165, \u0161ifrov\u00e1n\u00ed, antivirov\u00e9 programy, z\u00e1lohy a dal\u0161\u00ed.<\/p>\r\n<p>3. Spr\u00e1vce prohla\u0161uje, da k osebnim podatkom imajo dostop zgolj j\u00edm poverjene osebe.<\/p>\r\n<h3>VIII. Z\u00e1v\u011bre\u010dn\u00e1 ustanoven\u00ed<\/h3>\r\n<p>1. Odesl\u00e1n\u00edm objedn\u00e1vky z internetnega naro\u010dni\u0161kega obrazca potrjujete, da ste sezn\u00e1men\/a s pogojkami za\u0161\u010dite osebnih podatkov in da je v celotnem obsegu sprejem\u00e1te.<\/p>\r\n<p>2. S temi pogojkami sogla\u0161ate za\u0161krtnut\u00edm soglasja prek internetnega obrazca. Za\u0161krtnut\u00edm soglasja potrjujete, da ste sezn\u00e1men\/a s pogoji za\u0161\u010dite osebnih podatkov in da je v celotnem obsegu sprejemate.<\/p>\r\n<p>3. Spr\u00e1vce je upravi\u010den te pogoje spremeniti. Novou verzijo pogojev za\u0161\u010dite osebnih podatkov objavn\u00ed na svojih spletnih straneh in hkrati V\u00e1m za\u0161le novo verzijo teh pogojev Va\u0161i e-mailovou adresu, kterou ste spr\u00e1vci poskytl\/a.<\/p>\r\n<p>Tyto podm\u00ednky nab\u00fdvaj\u00ed \u00fa\u010dinnosti dnem 25. 5. 2018.<\/p>","protected":false},"excerpt":{"rendered":"<p>I. Z\u00e1kladn\u00ed ustanoven\u00ed Spr\u00e1vcem osobn\u00edch \u00fadaj\u016f podle \u010dl. 4 bod 7 na\u0159\u00edzen\u00ed Evropsk\u00e9ho parlamentu a Rady (EU) 2016\/679 o ochran\u011b fyzick\u00fdch osob v souvislosti se zpracov\u00e1n\u00edm osobn\u00edch \u00fadaj\u016f a o voln\u00e9m pohybu t\u011bchto \u00fadaj\u016f (d\u00e1le jen: \u201eGDPR\u201d) je spole\u010dnost\u00a0Easy Company s.r.o., I\u010c 24250651, se s\u00eddlem Podolsk\u00e1 1487\/8a, 147 00 Praha(d\u00e1le jen:\u00a0\u201eSpr\u00e1vce\u201c). Kontaktn\u00ed \u00fadaje Spr\u00e1vce jsou:Adresa: [&hellip;]<\/p>\n","protected":false},"author":1,"featured_media":0,"parent":0,"menu_order":0,"comment_status":"closed","ping_status":"closed","template":"template-builder.php","meta":{"_acf_changed":false,"footnotes":""},"class_list":["post-3","page","type-page","status-publish","hentry"],"acf":[],"_links":{"self":[{"href":"https:\/\/thegobi.eu\/si\/wp-json\/wp\/v2\/pages\/3","targetHints":{"allow":["GET"]}}],"collection":[{"href":"https:\/\/thegobi.eu\/si\/wp-json\/wp\/v2\/pages"}],"about":[{"href":"https:\/\/thegobi.eu\/si\/wp-json\/wp\/v2\/types\/page"}],"author":[{"embeddable":true,"href":"https:\/\/thegobi.eu\/si\/wp-json\/wp\/v2\/users\/1"}],"replies":[{"embeddable":true,"href":"https:\/\/thegobi.eu\/si\/wp-json\/wp\/v2\/comments?post=3"}],"version-history":[{"count":1,"href":"https:\/\/thegobi.eu\/si\/wp-json\/wp\/v2\/pages\/3\/revisions"}],"predecessor-version":[{"id":399235,"href":"https:\/\/thegobi.eu\/si\/wp-json\/wp\/v2\/pages\/3\/revisions\/399235"}],"wp:attachment":[{"href":"https:\/\/thegobi.eu\/si\/wp-json\/wp\/v2\/media?parent=3"}],"curies":[{"name":"wp","href":"https:\/\/api.w.org\/{rel}","templated":true}]}}