{"id":376220,"date":"2021-11-21T15:03:45","date_gmt":"2021-11-21T14:03:45","guid":{"rendered":"https:\/\/thegobi.eu\/cz-staging\/?page_id=376220"},"modified":"2026-02-11T10:34:08","modified_gmt":"2026-02-11T09:34:08","slug":"garancija-za-vracilo-denarja","status":"publish","type":"page","link":"https:\/\/thegobi.eu\/si\/garancija-za-vracilo-denarja\/","title":{"rendered":"Garancija vra\u010dila denarja"},"content":{"rendered":"<div data-elementor-type=\"wp-page\" data-elementor-id=\"376220\" class=\"elementor elementor-376220\" data-elementor-post-type=\"page\">\n\t\t\t\t<div class=\"e-con-top elementor-element elementor-element-d0c8d60 e-flex e-con-boxed e-con e-parent\" data-id=\"d0c8d60\" data-element_type=\"container\" data-e-type=\"container\">\n\t\t\t\t\t<div class=\"e-con-inner\">\n\t\t<div class=\"elementor-element elementor-element-5cf607c e-con-full e-flex e-con e-child\" data-id=\"5cf607c\" data-element_type=\"container\" data-e-type=\"container\">\n\t\t\t\t<div class=\"elementor-element elementor-element-01ea691 elementor-widget elementor-widget-heading\" data-id=\"01ea691\" data-element_type=\"widget\" data-e-type=\"widget\" data-widget_type=\"heading.default\">\n\t\t\t\t<div class=\"elementor-widget-container\">\n\t\t\t\t\t<h1 class=\"elementor-heading-title elementor-size-default\">Garancija vra\u010dila denarja<\/h1>\t\t\t\t<\/div>\n\t\t\t\t<\/div>\n\t\t\t\t<\/div>\n\t\t\t\t\t<\/div>\n\t\t\t\t<\/div>\n\t\t\t\t<section class=\"elementor-section elementor-top-section elementor-element elementor-element-3eb2c4a rey-section-bg--classic elementor-section-boxed elementor-section-height-default elementor-section-height-default\" data-id=\"3eb2c4a\" data-element_type=\"section\" data-e-type=\"section\" data-settings=\"{&quot;background_background&quot;:&quot;classic&quot;}\">\n\t\t\t\t\t\t<div class=\"elementor-container elementor-column-gap-default\">\n\t\t\t\t\t<div class=\"elementor-column elementor-col-100 elementor-top-column elementor-element elementor-element-01399c5 rey-colbg--classic\" data-id=\"01399c5\" data-element_type=\"column\" data-e-type=\"column\" data-settings=\"{&quot;background_background&quot;:&quot;classic&quot;}\">\n\t\t\t<div class=\"elementor-column-wrap--01399c5 elementor-widget-wrap elementor-element-populated\">\n\t\t\t\t\t\t<div class=\"elementor-element elementor-element-7973b8f elementor-view-default elementor-widget elementor-widget-icon\" data-id=\"7973b8f\" data-element_type=\"widget\" data-e-type=\"widget\" data-widget_type=\"icon.default\">\n\t\t\t\t<div class=\"elementor-widget-container\">\n\t\t\t\t\t\t\t<div class=\"elementor-icon-wrapper\">\n\t\t\t<div class=\"elementor-icon elementor-animation-pulse\">\n\t\t\t<i aria-hidden=\"true\" class=\"fas fa-smile\"><\/i>\t\t\t<\/div>\n\t\t<\/div>\n\t\t\t\t\t\t<\/div>\n\t\t\t\t<\/div>\n\t\t\t\t<div class=\"elementor-element elementor-element-811da10 elementor-widget elementor-widget-text-editor\" data-id=\"811da10\" data-element_type=\"widget\" data-e-type=\"widget\" data-widget_type=\"text-editor.default\">\n\t\t\t\t<div class=\"elementor-widget-container\">\n\t\t\t\t\t\t\t\t\t<p data-start=\"135\" data-end=\"258\"><strong>Na\u0161e izdelke lahko pomerite v 30 dneh brez skrbi.<\/strong><br data-start=\"175\" data-end=\"178\" \/>\u010ce v tem \u010dasu ne bodo zagotovili obljubljenega, vam bomo vrnili denar.<\/p><p data-start=\"260\" data-end=\"332\">Samo po\u0161ljite nam e-po\u0161to na naslov <strong data-start=\"279\" data-end=\"299\"><a class=\"decorated-link cursor-pointer\" rel=\"noopener\" data-start=\"281\" data-end=\"297\">info@thegobi.eu<\/a><\/strong> in prilo\u017eite fotografijo te\u017eave.<\/p><p data-start=\"334\" data-end=\"398\">Kupite izdelke Gobi in si zagotovite samozavest brez tveganja.<\/p>\t\t\t\t\t\t\t\t<\/div>\n\t\t\t\t<\/div>\n\t\t\t\t<div class=\"elementor-element elementor-element-12ba799 elementor-align-center elementor-widget elementor-widget-button\" data-id=\"12ba799\" data-element_type=\"widget\" data-e-type=\"widget\" data-widget_type=\"button.default\">\n\t\t\t\t<div class=\"elementor-widget-container\">\n\t\t\t\t\t\t\t\t\t<div class=\"elementor-button-wrapper\">\n\t\t\t\t\t<a class=\"elementor-button elementor-button-link elementor-size-lg\" href=\"https:\/\/thegobi.eu\/si\/izdelki\/\">\n\t\t\t\t\t\t<span class=\"elementor-button-content-wrapper\">\n\t\t\t\t\t\t\t\t\t<span class=\"elementor-button-text\">Kupi majico Gobi brez strahu<\/span>\n\t\t\t\t\t<\/span>\n\t\t\t\t\t<\/a>\n\t\t\t\t<\/div>\n\t\t\t\t\t\t\t\t<\/div>\n\t\t\t\t<\/div>\n\t\t\t\t\t<\/div>\n\t\t<\/div>\n\t\t\t\t\t<\/div>\n\t\t<\/section>\n\t\t\t\t<\/div>","protected":false},"excerpt":{"rendered":"<p>Jamstvo vra\u010dila denarja Brez tveganja preizkusite na\u0161e izdelke za 30 dni.\u010ce v tem \u010dasu ne bodo zagotovili obljubljenega, vam bomo vrnili denar. Preprosto nam pi\u0161ite na info@thegobi.eu in prilo\u017eite fotografijo te\u017eave. Kupite izdelke Gobi in dodajte zaupanje v svoj dan - brez tveganja. Kupujte izdelke Gobi brez tveganja<\/p>","protected":false},"author":1,"featured_media":0,"parent":0,"menu_order":0,"comment_status":"closed","ping_status":"closed","template":"template-builder.php","meta":{"_acf_changed":false,"footnotes":""},"class_list":["post-376220","page","type-page","status-publish","hentry"],"acf":[],"_links":{"self":[{"href":"https:\/\/thegobi.eu\/si\/wp-json\/wp\/v2\/pages\/376220","targetHints":{"allow":["GET"]}}],"collection":[{"href":"https:\/\/thegobi.eu\/si\/wp-json\/wp\/v2\/pages"}],"about":[{"href":"https:\/\/thegobi.eu\/si\/wp-json\/wp\/v2\/types\/page"}],"author":[{"embeddable":true,"href":"https:\/\/thegobi.eu\/si\/wp-json\/wp\/v2\/users\/1"}],"replies":[{"embeddable":true,"href":"https:\/\/thegobi.eu\/si\/wp-json\/wp\/v2\/comments?post=376220"}],"version-history":[{"count":3,"href":"https:\/\/thegobi.eu\/si\/wp-json\/wp\/v2\/pages\/376220\/revisions"}],"predecessor-version":[{"id":399255,"href":"https:\/\/thegobi.eu\/si\/wp-json\/wp\/v2\/pages\/376220\/revisions\/399255"}],"wp:attachment":[{"href":"https:\/\/thegobi.eu\/si\/wp-json\/wp\/v2\/media?parent=376220"}],"curies":[{"name":"wp","href":"https:\/\/api.w.org\/{rel}","templated":true}]}}