{"id":389484,"date":"2025-03-03T12:12:19","date_gmt":"2025-03-03T11:12:19","guid":{"rendered":"https:\/\/thegobi.eu\/cz-staging\/?page_id=389484"},"modified":"2025-06-16T14:09:48","modified_gmt":"2025-06-16T12:09:48","slug":"affiliate-spoluprace","status":"publish","type":"page","link":"https:\/\/thegobi.eu\/si\/affiliate-spoluprace\/","title":{"rendered":"Affiliate sodelovanje"},"content":{"rendered":"<div data-elementor-type=\"wp-page\" data-elementor-id=\"389484\" class=\"elementor elementor-389484\" data-elementor-post-type=\"page\">\n\t\t\t\t\t\t<section class=\"elementor-section elementor-top-section elementor-element elementor-element-40eea0b elementor-section-boxed elementor-section-height-default elementor-section-height-default\" data-id=\"40eea0b\" data-element_type=\"section\" data-e-type=\"section\">\n\t\t\t\t\t\t<div class=\"elementor-container elementor-column-gap-no\">\n\t\t\t\t\t<div class=\"elementor-column elementor-col-100 elementor-top-column elementor-element elementor-element-27a2508 rey-colbg--classic\" data-id=\"27a2508\" data-element_type=\"column\" data-e-type=\"column\" data-settings=\"{&quot;background_background&quot;:&quot;classic&quot;}\">\n\t\t\t<div class=\"elementor-column-wrap--27a2508 elementor-widget-wrap elementor-element-populated\">\n\t\t\t\t\t\t<div class=\"elementor-element elementor-element-af268bb elementor-widget elementor-widget-heading\" data-id=\"af268bb\" data-element_type=\"widget\" data-e-type=\"widget\" data-widget_type=\"heading.default\">\n\t\t\t\t<div class=\"elementor-widget-container\">\n\t\t\t\t\t<h1 class=\"elementor-heading-title elementor-size-default\">Affiliate sodelovanje<\/h1>\t\t\t\t<\/div>\n\t\t\t\t<\/div>\n\t\t\t\t<div class=\"elementor-element elementor-element-e8a6b62 elementor-widget elementor-widget-text-editor\" data-id=\"e8a6b62\" data-element_type=\"widget\" data-e-type=\"widget\" data-widget_type=\"text-editor.default\">\n\t\t\t\t<div class=\"elementor-widget-container\">\n\t\t\t\t\t\t\t\t\t<p>L\u00edb\u00ed se vam na\u0161i izdelki in radi bi jih priporo\u010dili ostatnim? P\u0159ipojte se k na\u0161emu affiliate programu in pridobite provizi z vsakega priporo\u010denega izdelka.\u00a0<\/p><p>Ta sodelovanje je idealno za vsakega, ki je zadovoljen s svojimi izdelki in tvori vsebino vseho vrste.\u00a0<\/p>\t\t\t\t\t\t\t\t<\/div>\n\t\t\t\t<\/div>\n\t\t\t\t<div class=\"elementor-element elementor-element-a68e1b9 elementor-widget elementor-widget-heading\" data-id=\"a68e1b9\" data-element_type=\"widget\" data-e-type=\"widget\" data-widget_type=\"heading.default\">\n\t\t\t\t<div class=\"elementor-widget-container\">\n\t\t\t\t\t<h1 class=\"elementor-heading-title elementor-size-default\">Kaj z\u00edsk\u00e1te spoluprac\u00ed?<\/h1>\t\t\t\t<\/div>\n\t\t\t\t<\/div>\n\t\t\t\t<div class=\"elementor-element elementor-element-85423d1 elementor-align-center elementor-mobile-align-center elementor-icon-list--layout-traditional elementor-list-item-link-full_width elementor-widget elementor-widget-icon-list\" data-id=\"85423d1\" data-element_type=\"widget\" data-e-type=\"widget\" data-widget_type=\"icon-list.default\">\n\t\t\t\t<div class=\"elementor-widget-container\">\n\t\t\t\t\t\t\t<ul class=\"elementor-icon-list-items\">\n\t\t\t\t\t\t\t<li class=\"elementor-icon-list-item\">\n\t\t\t\t\t\t\t\t\t\t\t<span class=\"elementor-icon-list-icon\">\n\t\t\t\t\t\t\t<i aria-hidden=\"true\" class=\"fas fa-check\"><\/i>\t\t\t\t\t\t<\/span>\n\t\t\t\t\t\t\t\t\t\t<span class=\"elementor-icon-list-text\">Izdelki zdarma<\/span>\n\t\t\t\t\t\t\t\t\t<\/li>\n\t\t\t\t\t\t\t\t<li class=\"elementor-icon-list-item\">\n\t\t\t\t\t\t\t\t\t\t\t<span class=\"elementor-icon-list-icon\">\n\t\t\t\t\t\t\t<i aria-hidden=\"true\" class=\"fas fa-check\"><\/i>\t\t\t\t\t\t<\/span>\n\t\t\t\t\t\t\t\t\t\t<span class=\"elementor-icon-list-text\">Provizi z vsakega priporo\u010denega prodaje<\/span>\n\t\t\t\t\t\t\t\t\t<\/li>\n\t\t\t\t\t\t\t\t<li class=\"elementor-icon-list-item\">\n\t\t\t\t\t\t\t\t\t\t\t<span class=\"elementor-icon-list-icon\">\n\t\t\t\t\t\t\t<i aria-hidden=\"true\" class=\"fas fa-check\"><\/i>\t\t\t\t\t\t<\/span>\n\t\t\t\t\t\t\t\t\t\t<span class=\"elementor-icon-list-text\">Mo\u017enosti nadaljnje sodelovanja (Tvo\u0159en\u00ed spole\u010dn\u00e9ho obsahu aj.)<\/span>\n\t\t\t\t\t\t\t\t\t<\/li>\n\t\t\t\t\t\t\t\t<li class=\"elementor-icon-list-item\">\n\t\t\t\t\t\t\t\t\t\t\t<span class=\"elementor-icon-list-icon\">\n\t\t\t\t\t\t\t<i aria-hidden=\"true\" class=\"fas fa-check\"><\/i>\t\t\t\t\t\t<\/span>\n\t\t\t\t\t\t\t\t\t\t<span class=\"elementor-icon-list-text\">Jednoduch\u00e1 registrace a p\u0159ehled proviz\u00ed<\/span>\n\t\t\t\t\t\t\t\t\t<\/li>\n\t\t\t\t\t\t<\/ul>\n\t\t\t\t\t\t<\/div>\n\t\t\t\t<\/div>\n\t\t\t\t<div class=\"elementor-element elementor-element-76faa50 elementor-widget elementor-widget-text-editor\" data-id=\"76faa50\" data-element_type=\"widget\" data-e-type=\"widget\" data-widget_type=\"text-editor.default\">\n\t\t\t\t<div class=\"elementor-widget-container\">\n\t\t\t\t\t\t\t\t\t<p>Napi\u0161te nam pros\u00edm a obratem se V\u00e1m ozveme.\u00a0<\/p><p><strong>info@mojegobi.cz<\/strong><\/p>\t\t\t\t\t\t\t\t<\/div>\n\t\t\t\t<\/div>\n\t\t\t\t\t<\/div>\n\t\t<\/div>\n\t\t\t\t\t<\/div>\n\t\t<\/section>\n\t\t\t\t<\/div>","protected":false},"excerpt":{"rendered":"<p>Affiliate spolupr\u00e1ce L\u00edb\u00ed se v\u00e1m na\u0161e produkty a r\u00e1di byste je doporu\u010dili ostatn\u00edm? P\u0159ipojte se do na\u0161eho affiliate programu a z\u00edskejte provizi z ka\u017ed\u00e9ho doporu\u010den\u00e9ho prodeje.\u00a0 Tato spolupr\u00e1ce je ide\u00e1ln\u00ed pro ka\u017ed\u00e9ho, kdo je spokojen\u00fd s na\u0161imi produkty a tvo\u0159\u00ed obsah v\u0161eho druhu.\u00a0 Co z\u00edsk\u00e1te spoluprac\u00ed? Produkty zdarma Provizi z ka\u017ed\u00e9ho doporu\u010den\u00e9ho prodeje Mo\u017enosti dal\u0161\u00ed [&hellip;]<\/p>\n","protected":false},"author":1,"featured_media":0,"parent":0,"menu_order":0,"comment_status":"closed","ping_status":"closed","template":"template-builder.php","meta":{"_acf_changed":false,"footnotes":""},"class_list":["post-389484","page","type-page","status-publish","hentry"],"acf":[],"_links":{"self":[{"href":"https:\/\/thegobi.eu\/si\/wp-json\/wp\/v2\/pages\/389484","targetHints":{"allow":["GET"]}}],"collection":[{"href":"https:\/\/thegobi.eu\/si\/wp-json\/wp\/v2\/pages"}],"about":[{"href":"https:\/\/thegobi.eu\/si\/wp-json\/wp\/v2\/types\/page"}],"author":[{"embeddable":true,"href":"https:\/\/thegobi.eu\/si\/wp-json\/wp\/v2\/users\/1"}],"replies":[{"embeddable":true,"href":"https:\/\/thegobi.eu\/si\/wp-json\/wp\/v2\/comments?post=389484"}],"version-history":[{"count":0,"href":"https:\/\/thegobi.eu\/si\/wp-json\/wp\/v2\/pages\/389484\/revisions"}],"wp:attachment":[{"href":"https:\/\/thegobi.eu\/si\/wp-json\/wp\/v2\/media?parent=389484"}],"curies":[{"name":"wp","href":"https:\/\/api.w.org\/{rel}","templated":true}]}}