{"id":50449,"date":"2019-07-02T12:39:15","date_gmt":"2019-07-02T10:39:15","guid":{"rendered":"https:\/\/thegobi.eu\/cz-staging\/?page_id=50449"},"modified":"2025-05-16T17:19:48","modified_gmt":"2025-05-16T15:19:48","slug":"maturita-za-dvermi","status":"publish","type":"page","link":"https:\/\/thegobi.eu\/si\/maturita-za-dvermi\/","title":{"rendered":"BLOG - Maturita za dve\u0159mi!"},"content":{"rendered":"<div data-elementor-type=\"wp-page\" data-elementor-id=\"50449\" class=\"elementor elementor-50449\" data-elementor-post-type=\"page\">\n\t\t\t\t\t\t<section class=\"elementor-section elementor-top-section elementor-element elementor-element-2414b2a9 rey-section-bg--classic elementor-section-boxed elementor-section-height-default elementor-section-height-default\" data-id=\"2414b2a9\" data-element_type=\"section\" data-e-type=\"section\" data-settings=\"{&quot;background_background&quot;:&quot;classic&quot;}\">\n\t\t\t\t\t\t<div class=\"elementor-container elementor-column-gap-no\">\n\t\t\t\t\t<div class=\"elementor-column elementor-col-100 elementor-top-column elementor-element elementor-element-5b9f7dce\" data-id=\"5b9f7dce\" data-element_type=\"column\" data-e-type=\"column\">\n\t\t\t<div class=\"elementor-column-wrap--5b9f7dce elementor-widget-wrap elementor-element-populated\">\n\t\t\t\t\t\t<div class=\"elementor-element elementor-element-27650efb elementor-widget elementor-widget-spacer\" data-id=\"27650efb\" data-element_type=\"widget\" data-e-type=\"widget\" data-widget_type=\"spacer.default\">\n\t\t\t\t<div class=\"elementor-widget-container\">\n\t\t\t\t\t\t\t<div class=\"elementor-spacer\">\n\t\t\t<div class=\"elementor-spacer-inner\"><\/div>\n\t\t<\/div>\n\t\t\t\t\t\t<\/div>\n\t\t\t\t<\/div>\n\t\t\t\t<div class=\"elementor-element elementor-element-9a4ab7f elementor-view-framed elementor-shape-circle elementor-widget elementor-widget-icon\" data-id=\"9a4ab7f\" data-element_type=\"widget\" data-e-type=\"widget\" data-widget_type=\"icon.default\">\n\t\t\t\t<div class=\"elementor-widget-container\">\n\t\t\t\t\t\t\t<div class=\"elementor-icon-wrapper\">\n\t\t\t<div class=\"elementor-icon elementor-animation-pulse\">\n\t\t\t\t\t\t\t<i class=\"fa fa-book\" aria-hidden=\"true\"><\/i>\n\t\t\t\t\t\t<\/div>\n\t\t<\/div>\n\t\t\t\t\t\t<\/div>\n\t\t\t\t<\/div>\n\t\t\t\t<div class=\"elementor-element elementor-element-379f8f7f elementor-widget elementor-widget-heading\" data-id=\"379f8f7f\" data-element_type=\"widget\" data-e-type=\"widget\" data-widget_type=\"heading.default\">\n\t\t\t\t<div class=\"elementor-widget-container\">\n\t\t\t\t\t<h1 class=\"elementor-heading-title elementor-size-default\">Maturita je za dva\u0159mi!<\/h1>\t\t\t\t<\/div>\n\t\t\t\t<\/div>\n\t\t\t\t\t<\/div>\n\t\t<\/div>\n\t\t\t\t\t<\/div>\n\t\t<\/section>\n\t\t\t\t<section class=\"elementor-section elementor-top-section elementor-element elementor-element-151412f7 elementor-section-boxed elementor-section-height-default elementor-section-height-default\" data-id=\"151412f7\" data-element_type=\"section\" data-e-type=\"section\">\n\t\t\t\t\t\t<div class=\"elementor-container elementor-column-gap-default\">\n\t\t\t\t\t<div class=\"elementor-column elementor-col-100 elementor-top-column elementor-element elementor-element-44fe3efd\" data-id=\"44fe3efd\" data-element_type=\"column\" data-e-type=\"column\">\n\t\t\t<div class=\"elementor-column-wrap--44fe3efd elementor-widget-wrap elementor-element-populated\">\n\t\t\t\t\t\t<div class=\"elementor-element elementor-element-8f69893 elementor-widget elementor-widget-text-editor\" data-id=\"8f69893\" data-element_type=\"widget\" data-e-type=\"widget\" data-widget_type=\"text-editor.default\">\n\t\t\t\t<div class=\"elementor-widget-container\">\n\t\t\t\t\t\t\t\t\t<p><b>A je to tady. Maturita. Ta tolik ob\u00e1van\u00e1 zkou\u0161ka dosp\u011blosti.<\/b> Zkou\u0161ka, zaradi katere smo za\u017eili, ali prav za\u017e\u00edv\u00e1me, nekaj bezesn\u00fdch noc\u00ed. Nastoupili ste do zadnjega, maturitetnega letnika in si rekli, \u010dasa dost? Jen\u017ee nakonec p\u00e1rkrat zaprete in v\u0161imnete si, da V\u00e1noce \u017ee so d\u00e1vno pry\u010d. Mrknete ponovno in so Velikonoce.\u00a0<\/p><p>P\u0159em\u00fd\u0161l\u00edte nad tem, kak\u0161en je obseg ve\u010dinoma zelo nezazivnih informacij, ki jih dobite v tako kratkem \u010dasovnem intervalu do va\u0161ega glave in polejv\u00e1 vas pot, \u010de pohl\u00e9dnete na knjigo, ki ste jo imeli pre\u010d\u00edst.V\u0161\u00edm\u00e1te si, da je na njih centimeter prahu, nekatere morda niso videti sploh. Prost\u011b zmizely. Co ale nezmizelo in nasprotno graduje je stres. Hlavn\u011b klid. V\u0161ichni to poznajo. Zvl\u00e1dnout se d\u00e1 v\u0161echno. Uka\u017eme si, na kaj se pred maturo usmerite, da bi se iz tega doslova nezmotili.\u00a0<\/p><ol><li><b>Nezapom\u00ednejte na gib.<\/b> I when vn\u00edm\u00e1te, da \u010dasa ni dovolj, na proch\u00e1zku po m\u011bste, ali \u0161e bolje po lese, b\u011bh \u010di j\u00f3gu, si \u010das ur\u010dit\u011b najd\u011bte. Nejen\u017ee bolje odbour\u00e1te strest, gib pom\u016f\u017ee i t\u011bm, kte\u0159\u00ed r\u00e1di zato\u010d\u00ed s n\u011bjakim tem kilem nav\u00edc.\u00a0<\/li><li><b>Hektolitry k\u00e1vy vym\u011bnte za vodo<\/b>, ali zelen\u00fd \u010daj. Je splo\u0161no znano, da je voda za na\u0161e telo najbolj\u0161a in zelen\u00fd \u010daj je odli\u010den antioixidantem. Opona\u0161ate, da brez k\u00e1vy, vendar prosp\u00edte celotnemu sva\u0165aku? Nam\u00edchejte si MATCHU. \u010caj bez jak\u00e9koliv chemie, podporuj\u00edc\u00ed pam\u011b\u0165, koncentraci a dok\u00e1\u017ee poriadn\u011b nakopnout? To je z\u00e1zrak, ki jist\u011b ocen\u00edte nejen pri maturit\u00e9.\u00a0<\/li><li><b>Nezapom\u00ednejte spat.<\/b> Za 4 leta na srednji \u0161oli \u017ee ste izpozorovali, jestli se vam u\u010di bolje r\u00e1no, odpoledne, ali ve\u010der. A\u0165 je to tako, \u010di onak, dobro se izka\u017ee, da je nezbytn\u00e9 pro telo i mysl.\u00a0<\/li><li><b>Jezte zdravo.<\/b> Zapome\u0148te na \u010dokol\u00e1du, chipsy a dal\u0161\u00ed podobne pochutiny. Jezte hodn\u011b ovoce, zeleniny a nezapom\u00ednejte na o\u0159\u00ed\u0161ky, v\u00fdborn\u011b namre\u010d podpirajo pam\u011b\u0165. \u010cokol\u00e1dy se resni\u010dno nezv\u00e1dnete vzd\u00e1t? \u010ce ne, mlsejte vsaj kakovostno \u010dokolad\u00e1du s vysok\u00fd zastoupen\u00edm kakaa. Priporo\u010damo Lindt Excellence s 90% kakaa. M\u0148am.\u00a0<\/li><li><b>Izberite<\/b>. I when imate ob\u010dutek, da vam vse pad\u00e1 na glavo in nest\u00edh\u00e1te, nau\u010dte se izstopiti. Vyra\u017ete na hodinku za kamar\u00e1dkou, pus\u0165te si seri\u00e1l, na kateri lahko tup\u011b z\u00edrat bez tega, ani\u017e byste museli myslet, nebo ned\u011blejte prost\u011b nic.\u00a0<\/li><li><b>Na\u010drtujte<\/b>. Ud\u011blejte si pregled, kolikor u\u010diva morate do glave nacpat in pe\u010dliv\u011b razpl\u00e1nujte, kdaj in kaj konkretno se morate nau\u010diti. Nezapome\u0148te si pustiti \u010das na ponavljanje u\u010diva.\u00a0<\/li><li><b>Odmerite se<\/b>. Jakkoli. Kupte si priljubljene boty, vysn\u011bnou kabelku ali vytou\u017een\u00fd parf\u00e9m. Poud je to mogo\u010de, odme\u0148ujte se sproti.<\/li><li>\u00a0<b>Pripravite si primerno obla\u010dilo na dan \u201eD\u201c<\/b>. Sle\u010dny, pokud zrovna nepat\u0159\u00edte k tistim, ki jih v deseticentimetrov\u00fdch podpadc\u00edch zvl\u00e1dly odbehnout maraton a po obl\u00e9knut\u00ed pozdrov\u00fdch \u0161at\u016f m\u00e1te pocit, \u017ce se za chv\u00edli zaru\u010den\u011b udus\u00edte\u00a0<\/li><li><b>Izvedite se na to<\/b>. Z\u00e1klad je pohodl\u00ed. Obl\u00e9knite \u010dern\u00e9, nebo \u0161ed\u00e9 spole\u010densk\u00e9 kalhoty a ko\u0161ili. Navrch lahko prehodite s\u00e1\u010dko, ali svet\u0159\u00edk. M\u00e9n\u011b je n\u011bkdy ve\u010d in v tem primeru to velja dvakrat. Proto\u017ee se u mature vsi, \u0161prt\u016f nevyj\u00edma je, pogosto p\u011bkn\u011b zapot\u00edme, nezapome\u0148te obl\u00e9knout <a href=\"https:\/\/thegobi.eu\/si\/\">tri\u010dko pod ko\u0161ili GOB<\/a>I, ki odlo\u010dilno nepropot\u00edte. Tako in zdaj\u00a0<\/li><li><b>Konec prokrastinace!<\/b> Kako se to zgodi? S chut\u00ed do tega in pol je vro\u010de!<\/li><\/ol>\t\t\t\t\t\t\t\t<\/div>\n\t\t\t\t<\/div>\n\t\t\t\t\t<\/div>\n\t\t<\/div>\n\t\t\t\t\t<\/div>\n\t\t<\/section>\n\t\t\t\t<section class=\"elementor-section elementor-top-section elementor-element elementor-element-c37d674 elementor-section-boxed elementor-section-height-default elementor-section-height-default\" data-id=\"c37d674\" data-element_type=\"section\" data-e-type=\"section\">\n\t\t\t\t\t\t<div class=\"elementor-container elementor-column-gap-default\">\n\t\t\t\t\t<div class=\"elementor-column elementor-col-100 elementor-top-column elementor-element elementor-element-d357f48\" data-id=\"d357f48\" data-element_type=\"column\" data-e-type=\"column\">\n\t\t\t<div class=\"elementor-column-wrap--d357f48 elementor-widget-wrap elementor-element-populated\">\n\t\t\t\t\t\t<div class=\"elementor-element elementor-element-c1e709a elementor-align-justify elementor-widget elementor-widget-button\" data-id=\"c1e709a\" data-element_type=\"widget\" data-e-type=\"widget\" data-widget_type=\"button.default\">\n\t\t\t\t<div class=\"elementor-widget-container\">\n\t\t\t\t\t\t\t\t\t<div class=\"elementor-button-wrapper\">\n\t\t\t\t\t<a class=\"elementor-button elementor-button-link elementor-size-sm\" href=\"https:\/\/thegobi.eu\/si\/koupit\/\">\n\t\t\t\t\t\t<span class=\"elementor-button-content-wrapper\">\n\t\t\t\t\t\t\t\t\t<span class=\"elementor-button-text\">Koupit tri\u010dko Gobi<\/span>\n\t\t\t\t\t<\/span>\n\t\t\t\t\t<\/a>\n\t\t\t\t<\/div>\n\t\t\t\t\t\t\t\t<\/div>\n\t\t\t\t<\/div>\n\t\t\t\t\t<\/div>\n\t\t<\/div>\n\t\t\t\t\t<\/div>\n\t\t<\/section>\n\t\t\t\t<\/div>","protected":false},"excerpt":{"rendered":"<p>Maturita je za dve\u0159mi! A je to tady. Maturita. Ta tolik ob\u00e1van\u00e1 zkou\u0161ka dosp\u011blosti. Zkou\u0161ka, d\u00edky kter\u00e9 jsme za\u017eili, nebo pr\u00e1v\u011b za\u017e\u00edv\u00e1me, n\u011bkolik bezesn\u00fdch noc\u00ed. Nastoupili jste do posledn\u00edho, maturitn\u00edho ro\u010dn\u00edku a \u0159\u00edkate si, \u010dasu dost? Jen\u017ee nakonec p\u00e1rkr\u00e1t zamkr\u00e1te a v\u0161imnete si, \u017ee V\u00e1noce u\u017e jsou d\u00e1vno pry\u010d. Mrknete znovu a jsou Velikonoce.\u00a0 P\u0159em\u00fd\u0161l\u00edte [&hellip;]<\/p>\n","protected":false},"author":1,"featured_media":0,"parent":0,"menu_order":0,"comment_status":"closed","ping_status":"closed","template":"template-builder.php","meta":{"_acf_changed":false,"footnotes":""},"class_list":["post-50449","page","type-page","status-publish","hentry"],"acf":[],"_links":{"self":[{"href":"https:\/\/thegobi.eu\/si\/wp-json\/wp\/v2\/pages\/50449","targetHints":{"allow":["GET"]}}],"collection":[{"href":"https:\/\/thegobi.eu\/si\/wp-json\/wp\/v2\/pages"}],"about":[{"href":"https:\/\/thegobi.eu\/si\/wp-json\/wp\/v2\/types\/page"}],"author":[{"embeddable":true,"href":"https:\/\/thegobi.eu\/si\/wp-json\/wp\/v2\/users\/1"}],"replies":[{"embeddable":true,"href":"https:\/\/thegobi.eu\/si\/wp-json\/wp\/v2\/comments?post=50449"}],"version-history":[{"count":0,"href":"https:\/\/thegobi.eu\/si\/wp-json\/wp\/v2\/pages\/50449\/revisions"}],"wp:attachment":[{"href":"https:\/\/thegobi.eu\/si\/wp-json\/wp\/v2\/media?parent=50449"}],"curies":[{"name":"wp","href":"https:\/\/api.w.org\/{rel}","templated":true}]}}