{"id":50881,"date":"2019-07-02T12:52:21","date_gmt":"2019-07-02T10:52:21","guid":{"rendered":"https:\/\/thegobi.eu\/cz-staging\/?page_id=50881"},"modified":"2025-05-16T17:19:48","modified_gmt":"2025-05-16T15:19:48","slug":"kako-se-starat-o-kosili","status":"publish","type":"page","link":"https:\/\/thegobi.eu\/si\/kako-se-starat-o-kosili\/","title":{"rendered":"BLOG - Kako se starat o ko\u0161ili"},"content":{"rendered":"<div data-elementor-type=\"wp-page\" data-elementor-id=\"50881\" class=\"elementor elementor-50881\" data-elementor-post-type=\"page\">\n\t\t\t\t\t\t<section class=\"elementor-section elementor-top-section elementor-element elementor-element-2414b2a9 rey-section-bg--classic elementor-section-boxed elementor-section-height-default elementor-section-height-default\" data-id=\"2414b2a9\" data-element_type=\"section\" data-e-type=\"section\" data-settings=\"{&quot;background_background&quot;:&quot;classic&quot;}\">\n\t\t\t\t\t\t<div class=\"elementor-container elementor-column-gap-no\">\n\t\t\t\t\t<div class=\"elementor-column elementor-col-100 elementor-top-column elementor-element elementor-element-5b9f7dce\" data-id=\"5b9f7dce\" data-element_type=\"column\" data-e-type=\"column\">\n\t\t\t<div class=\"elementor-column-wrap--5b9f7dce elementor-widget-wrap elementor-element-populated\">\n\t\t\t\t\t\t<div class=\"elementor-element elementor-element-27650efb elementor-widget elementor-widget-spacer\" data-id=\"27650efb\" data-element_type=\"widget\" data-e-type=\"widget\" data-widget_type=\"spacer.default\">\n\t\t\t\t<div class=\"elementor-widget-container\">\n\t\t\t\t\t\t\t<div class=\"elementor-spacer\">\n\t\t\t<div class=\"elementor-spacer-inner\"><\/div>\n\t\t<\/div>\n\t\t\t\t\t\t<\/div>\n\t\t\t\t<\/div>\n\t\t\t\t<div class=\"elementor-element elementor-element-9a4ab7f elementor-view-framed elementor-shape-circle elementor-widget elementor-widget-icon\" data-id=\"9a4ab7f\" data-element_type=\"widget\" data-e-type=\"widget\" data-widget_type=\"icon.default\">\n\t\t\t\t<div class=\"elementor-widget-container\">\n\t\t\t\t\t\t\t<div class=\"elementor-icon-wrapper\">\n\t\t\t<div class=\"elementor-icon elementor-animation-pulse\">\n\t\t\t\t\t\t\t<i class=\"fa fa-tag\" aria-hidden=\"true\"><\/i>\n\t\t\t\t\t\t<\/div>\n\t\t<\/div>\n\t\t\t\t\t\t<\/div>\n\t\t\t\t<\/div>\n\t\t\t\t<div class=\"elementor-element elementor-element-379f8f7f elementor-widget elementor-widget-heading\" data-id=\"379f8f7f\" data-element_type=\"widget\" data-e-type=\"widget\" data-widget_type=\"heading.default\">\n\t\t\t\t<div class=\"elementor-widget-container\">\n\t\t\t\t\t<h1 class=\"elementor-heading-title elementor-size-default\">Kako se starat o ko\u0161ili<\/h1>\t\t\t\t<\/div>\n\t\t\t\t<\/div>\n\t\t\t\t\t<\/div>\n\t\t<\/div>\n\t\t\t\t\t<\/div>\n\t\t<\/section>\n\t\t\t\t<section class=\"elementor-section elementor-top-section elementor-element elementor-element-151412f7 elementor-section-boxed elementor-section-height-default elementor-section-height-default\" data-id=\"151412f7\" data-element_type=\"section\" data-e-type=\"section\">\n\t\t\t\t\t\t<div class=\"elementor-container elementor-column-gap-default\">\n\t\t\t\t\t<div class=\"elementor-column elementor-col-100 elementor-top-column elementor-element elementor-element-44fe3efd\" data-id=\"44fe3efd\" data-element_type=\"column\" data-e-type=\"column\">\n\t\t\t<div class=\"elementor-column-wrap--44fe3efd elementor-widget-wrap elementor-element-populated\">\n\t\t\t\t\t\t<div class=\"elementor-element elementor-element-8f69893 elementor-widget elementor-widget-text-editor\" data-id=\"8f69893\" data-element_type=\"widget\" data-e-type=\"widget\" data-widget_type=\"text-editor.default\">\n\t\t\t\t<div class=\"elementor-widget-container\">\n\t\t\t\t\t\t\t\t\t<p><b>Ur\u010dit\u011b se vsakemu z vas vsaj enkrat zgodilo, da ste si po\u0159\u00eddili novo ko\u0161ili z vidinou, da vam bo slou\u017eit p\u011bkn\u00fdch p\u00e1r sez\u00f3n.<\/b> Nestalo se je. D\u016fvod\u016f moglo biti takoj nekaj. Od ne\u0161etrnega pran\u00ed v obliki nevhodnega pr\u00e1\u0161ku, nespr\u00e1vn\u011b zvolen\u00e9 temperatury wody, nadm\u011brn\u00e9 temperatury \u043f\u0440\u0438 \u017cehlen\u00ed, nebo opot\u0159eben\u00ed \u043f\u0440\u0438 no\u0161en\u00ed, kter\u00e9mu v\u0161ak mo\u017cna (\u010d\u00e1ste\u010dn\u011b)predej\u00edt.<\/p><ol><li>\u00a0Jakmile po\u0159\u00edd\u00edte novo ko\u0161ili, ihned se pod\u00edvejte, kako o ni pe\u010dovat. Vsaka ko\u0161ile m\u00e1 \u0161t\u00edtek, dle katerega natan\u010dno ugotovite, na kolik stup\u0148\u016f ko\u0161ili pr\u00e1t a \u017eehlit.\u00a0<\/li><li>Asi vsakemu z nas se je kdaj zgodilo, da omylem zabarvil obla\u010dila s tem, da ga je zapomnil razd\u011blit po barvah in vhodil do pra\u010dky. Neprat \u010dernou ko\u0161ili s b\u00edlou je pro v\u00e1s possible samoz\u0159ejmost\u00ed, i p\u0159esto ale upoz\u0148ujeme na to, \u017ea \u0435\u0441\u043b\u0438 chcete va\u0161\u00ed ko\u0161ili zaru\u010dit del\u0161\u00ed \u017eivotnost, na d\u00f4kladn\u00e9 t\u0159\u00edd\u011bn\u00ed nikoli nezapom\u00ednejte.\u00a0<\/li><li>Pri pran\u00ed b\u00edl\u00fdch ko\u0161il zapome\u0148te na prac\u00ed pr\u00e1\u0161ek, gel, nebo tablety ur\u010den\u00e9 na tmav\u00e9 pr\u00e1dlo a naopak. Vhod\u00e9 prac\u00ed prost\u0159edky so z\u00e1klad, brez katerega se neobejdete.\u00a0<\/li><li>Pozor na skrvy z parf\u00e9m\u016f. Je v\u0161eobecn\u011b zn\u00e1mo, da parf\u00e9my se aplikujejo neposredno na poko\u017eku in to v mestih, kjer je hodn\u011b prokrven\u00e1 a tepl\u00e1, \u043a\u043e\u0442\u043e\u0440\u043e\u0435 vede k lep\u0161\u00edmu a rychlej\u0161\u00edmu rozvinut\u00ed v\u00f4n\u011b. Ur\u010dit\u011b se ale najdou i tac\u00ed, kte\u0159\u00ed nan\u00e1\u0161\u00ed parf\u00e9m i na oble\u010den\u00ed. Potor na to. Parf\u00e9m m\u016f\u017ee na oble\u010den\u00ed, primarily sv\u011btl\u00fdch barev, zanechat skvrny a tem ho nevratn\u011b po\u0161kodit.\u00a0<\/li><li>Vyh\u00fdbejte se deodorantom, ki obla\u010dila nevzhledn\u011b in pogosto ponovno nevratno zabarvujejo.\u00a0<\/li><li>Imate obavy, \u010de se izognete deodorantom, za spremembo nezabrani propocenim, \u017eltim skvrnam na va\u0161i ko\u0161ili? I na tohle obstaja re\u0161itev. Obl\u00e9knite si <a href=\"https:\/\/thegobi.eu\/si\/\">tri\u010dko pod ko\u0161ili<\/a> GOBI, ki prepre\u010dujejo predvsem propocen\u00ed va\u0161\u00ed ko\u0161ile, ale i z\u00e1pachu. Podtriko GOBI lze zakoupit ve t\u0159ech barevn\u00fdch variant\u00e1ch - b\u00edl\u00e9, t\u011blov\u00e9 a \u010dern\u00e9. Zajist\u00ed vam, da va\u0161e ko\u0161ile bodo such\u00e1, bez \u017elut\u00fdch skvr a z\u00e1pachu. Vy se tako boste c\u00edtit jist\u011b, p\u0159\u00edjemn\u011b a udobn\u011b.<\/li><\/ol>\t\t\t\t\t\t\t\t<\/div>\n\t\t\t\t<\/div>\n\t\t\t\t\t<\/div>\n\t\t<\/div>\n\t\t\t\t\t<\/div>\n\t\t<\/section>\n\t\t\t\t<section class=\"elementor-section elementor-top-section elementor-element elementor-element-99cd7c9 elementor-section-boxed elementor-section-height-default elementor-section-height-default\" data-id=\"99cd7c9\" data-element_type=\"section\" data-e-type=\"section\">\n\t\t\t\t\t\t<div class=\"elementor-container elementor-column-gap-default\">\n\t\t\t\t\t<div class=\"elementor-column elementor-col-100 elementor-top-column elementor-element elementor-element-5ec2df3\" data-id=\"5ec2df3\" data-element_type=\"column\" data-e-type=\"column\">\n\t\t\t<div class=\"elementor-column-wrap--5ec2df3 elementor-widget-wrap elementor-element-populated\">\n\t\t\t\t\t\t<div class=\"elementor-element elementor-element-35f3a3e elementor-align-justify elementor-widget elementor-widget-button\" data-id=\"35f3a3e\" data-element_type=\"widget\" data-e-type=\"widget\" data-widget_type=\"button.default\">\n\t\t\t\t<div class=\"elementor-widget-container\">\n\t\t\t\t\t\t\t\t\t<div class=\"elementor-button-wrapper\">\n\t\t\t\t\t<a class=\"elementor-button elementor-button-link elementor-size-sm\" href=\"https:\/\/thegobi.eu\/si\/koupit\/\">\n\t\t\t\t\t\t<span class=\"elementor-button-content-wrapper\">\n\t\t\t\t\t\t\t\t\t<span class=\"elementor-button-text\">Koupit tri\u010dko Gobi<\/span>\n\t\t\t\t\t<\/span>\n\t\t\t\t\t<\/a>\n\t\t\t\t<\/div>\n\t\t\t\t\t\t\t\t<\/div>\n\t\t\t\t<\/div>\n\t\t\t\t\t<\/div>\n\t\t<\/div>\n\t\t\t\t\t<\/div>\n\t\t<\/section>\n\t\t\t\t<\/div>","protected":false},"excerpt":{"rendered":"<p>Jak se starat o ko\u0161ili Ur\u010dit\u011b se ka\u017ed\u00e9mu z v\u00e1s alespo\u0148 jednou stalo, \u017ee jste si po\u0159\u00eddili novou ko\u0161ili s vidinou, \u017ee v\u00e1m bude slou\u017eit p\u011bkn\u00fdch p\u00e1r sez\u00f3n. Nestalo se. D\u016fvod\u016f mohlo b\u00fdt hned n\u011bkolik. Od ne\u0161etrn\u00e9ho pran\u00ed v podob\u011b nevhodn\u00e9ho pr\u00e1\u0161ku, nespr\u00e1vn\u011b zvolen\u00e9 teploty vody, nadm\u011brn\u00e9 teploty p\u0159i \u017eehlen\u00ed, nebo opot\u0159eben\u00ed p\u0159i no\u0161en\u00ed, kter\u00e9mu [&hellip;]<\/p>\n","protected":false},"author":1,"featured_media":0,"parent":0,"menu_order":0,"comment_status":"closed","ping_status":"closed","template":"template-builder.php","meta":{"_acf_changed":false,"footnotes":""},"class_list":["post-50881","page","type-page","status-publish","hentry"],"acf":[],"_links":{"self":[{"href":"https:\/\/thegobi.eu\/si\/wp-json\/wp\/v2\/pages\/50881","targetHints":{"allow":["GET"]}}],"collection":[{"href":"https:\/\/thegobi.eu\/si\/wp-json\/wp\/v2\/pages"}],"about":[{"href":"https:\/\/thegobi.eu\/si\/wp-json\/wp\/v2\/types\/page"}],"author":[{"embeddable":true,"href":"https:\/\/thegobi.eu\/si\/wp-json\/wp\/v2\/users\/1"}],"replies":[{"embeddable":true,"href":"https:\/\/thegobi.eu\/si\/wp-json\/wp\/v2\/comments?post=50881"}],"version-history":[{"count":0,"href":"https:\/\/thegobi.eu\/si\/wp-json\/wp\/v2\/pages\/50881\/revisions"}],"wp:attachment":[{"href":"https:\/\/thegobi.eu\/si\/wp-json\/wp\/v2\/media?parent=50881"}],"curies":[{"name":"wp","href":"https:\/\/api.w.org\/{rel}","templated":true}]}}