{"id":51184,"date":"2019-07-02T13:02:58","date_gmt":"2019-07-02T11:02:58","guid":{"rendered":"https:\/\/thegobi.eu\/cz-staging\/?page_id=51184"},"modified":"2025-05-16T17:19:49","modified_gmt":"2025-05-16T15:19:49","slug":"neviditelne-tricko-gobi","status":"publish","type":"page","link":"https:\/\/thegobi.eu\/si\/neviditelne-tricko-gobi\/","title":{"rendered":"BLOG - Nevidljivo tri\u010dko Gobi"},"content":{"rendered":"<div data-elementor-type=\"wp-page\" data-elementor-id=\"51184\" class=\"elementor elementor-51184\" data-elementor-post-type=\"page\">\n\t\t\t\t\t\t<section class=\"elementor-section elementor-top-section elementor-element elementor-element-2414b2a9 rey-section-bg--classic elementor-section-boxed elementor-section-height-default elementor-section-height-default\" data-id=\"2414b2a9\" data-element_type=\"section\" data-e-type=\"section\" data-settings=\"{&quot;background_background&quot;:&quot;classic&quot;}\">\n\t\t\t\t\t\t<div class=\"elementor-container elementor-column-gap-no\">\n\t\t\t\t\t<div class=\"elementor-column elementor-col-100 elementor-top-column elementor-element elementor-element-5b9f7dce\" data-id=\"5b9f7dce\" data-element_type=\"column\" data-e-type=\"column\">\n\t\t\t<div class=\"elementor-column-wrap--5b9f7dce elementor-widget-wrap elementor-element-populated\">\n\t\t\t\t\t\t<div class=\"elementor-element elementor-element-27650efb elementor-widget elementor-widget-spacer\" data-id=\"27650efb\" data-element_type=\"widget\" data-e-type=\"widget\" data-widget_type=\"spacer.default\">\n\t\t\t\t<div class=\"elementor-widget-container\">\n\t\t\t\t\t\t\t<div class=\"elementor-spacer\">\n\t\t\t<div class=\"elementor-spacer-inner\"><\/div>\n\t\t<\/div>\n\t\t\t\t\t\t<\/div>\n\t\t\t\t<\/div>\n\t\t\t\t<div class=\"elementor-element elementor-element-9a4ab7f elementor-view-framed elementor-shape-circle elementor-widget elementor-widget-icon\" data-id=\"9a4ab7f\" data-element_type=\"widget\" data-e-type=\"widget\" data-widget_type=\"icon.default\">\n\t\t\t\t<div class=\"elementor-widget-container\">\n\t\t\t\t\t\t\t<div class=\"elementor-icon-wrapper\">\n\t\t\t<div class=\"elementor-icon elementor-animation-pulse\">\n\t\t\t\t\t\t\t<i class=\"fa fa-eye\" aria-hidden=\"true\"><\/i>\n\t\t\t\t\t\t<\/div>\n\t\t<\/div>\n\t\t\t\t\t\t<\/div>\n\t\t\t\t<\/div>\n\t\t\t\t<div class=\"elementor-element elementor-element-379f8f7f elementor-widget elementor-widget-heading\" data-id=\"379f8f7f\" data-element_type=\"widget\" data-e-type=\"widget\" data-widget_type=\"heading.default\">\n\t\t\t\t<div class=\"elementor-widget-container\">\n\t\t\t\t\t<h1 class=\"elementor-heading-title elementor-size-default\">Nevidljivo tri\u010dko Gobi<\/h1>\t\t\t\t<\/div>\n\t\t\t\t<\/div>\n\t\t\t\t\t<\/div>\n\t\t<\/div>\n\t\t\t\t\t<\/div>\n\t\t<\/section>\n\t\t\t\t<section class=\"elementor-section elementor-top-section elementor-element elementor-element-151412f7 elementor-section-boxed elementor-section-height-default elementor-section-height-default\" data-id=\"151412f7\" data-element_type=\"section\" data-e-type=\"section\">\n\t\t\t\t\t\t<div class=\"elementor-container elementor-column-gap-default\">\n\t\t\t\t\t<div class=\"elementor-column elementor-col-100 elementor-top-column elementor-element elementor-element-44fe3efd\" data-id=\"44fe3efd\" data-element_type=\"column\" data-e-type=\"column\">\n\t\t\t<div class=\"elementor-column-wrap--44fe3efd elementor-widget-wrap elementor-element-populated\">\n\t\t\t\t\t\t<div class=\"elementor-element elementor-element-8f69893 elementor-widget elementor-widget-text-editor\" data-id=\"8f69893\" data-element_type=\"widget\" data-e-type=\"widget\" data-widget_type=\"text-editor.default\">\n\t\t\t\t<div class=\"elementor-widget-container\">\n\t\t\t\t\t\t\t\t\t<p><b>D\u0159\u00edve bilo b\u00edl\u00e9 triko pova\u017eov\u00e1no za nujnost na\u0161ega \u0161atnika, a pro veliko z nas nezbytnost\u00ed st\u00e1le je.<\/b> B\u00edl\u00e1 barva se hod\u00ed ke v\u0161emu in triko tako lahko kombinirajo na ve\u010d na\u010dinov. N\u011bkte\u0159\u00ed nos\u00ed b\u00edl\u00e9 triko i pod ko\u0161ili. Ur\u010dit\u011b \u017ee ale veliko z nas v\u00ed, \u017ce obstaja triko, kter\u00e9 je pod ko\u0161ili neposredno navr\u017een\u00e9 - podtriko GOBI pln\u00edc\u00ed (nejen) ochrannou funkce, neprotop\u00edte ho.\u00a0<\/p><p>Popularitu<a href=\"https:\/\/thegobi.eu\/si\/neviditelne-triko-pod-kosili\/\"> t\u011blov\u00e9ho, \u201eneviditeln\u00e9ho\u201c tri\u010dka pod ko\u0161ili GOBI<\/a> ni mogo\u010de preglede opraviti. Oproti klasick\u00e9mu b\u00edl\u00e9mu triku ima namre\u010d t\u011blov\u00e9 podtriko veliko v\u00fdhod:<\/p><ol><li><b>Jeho z\u00e1kladn\u00edm c\u00edlem je ochrana proti propocen\u00ed, (nejen) pod ko\u0161ili je torej ide\u00e1ln\u00edm kouskem oble\u010den\u00ed\u00a0<br \/><\/b><\/li><li><b>M\u00e1 praktickou, prodlou\u017eenou d\u00e9lku\u00a0<\/b><\/li><li><b>Je z zelo kakovostnega, prejemnega materiala\u00a0<\/b><\/li><li><b>Njegova st\u0159ih je slim fit, zato dokon\u010dno sedite\u00a0<\/b><\/li><li><b>V\u00fdst\u0159ih, kter\u00fd je do tvaru \u201eV\u201c zaru\u010d\u00ed, \u017ce i when preferujete rozhalenku, neviditeln\u00e9 triko ostane vedno neviditeln\u00fdm\u00a0<\/b><\/li><li><b>Krat\u0161\u00ed st\u0159ih ruk\u00e1v\u016f vam zagotavlja, da ne bo videti pod drugim trikom\u00a0<\/b><\/li><\/ol>\t\t\t\t\t\t\t\t<\/div>\n\t\t\t\t<\/div>\n\t\t\t\t\t<\/div>\n\t\t<\/div>\n\t\t\t\t\t<\/div>\n\t\t<\/section>\n\t\t\t\t<section class=\"elementor-section elementor-top-section elementor-element elementor-element-6c16dec elementor-section-full_width elementor-section-height-default elementor-section-height-default\" data-id=\"6c16dec\" data-element_type=\"section\" data-e-type=\"section\">\n\t\t\t\t\t\t<div class=\"elementor-container elementor-column-gap-default\">\n\t\t\t\t\t<div class=\"elementor-column elementor-col-100 elementor-top-column elementor-element elementor-element-83d15f3\" data-id=\"83d15f3\" data-element_type=\"column\" data-e-type=\"column\">\n\t\t\t<div class=\"elementor-column-wrap--83d15f3 elementor-widget-wrap elementor-element-populated\">\n\t\t\t\t\t\t<div class=\"elementor-element elementor-element-960d84f elementor-skin-carousel elementor-arrows-yes elementor-pagination-type-bullets elementor-pagination-position-outside elementor-widget elementor-widget-media-carousel\" data-id=\"960d84f\" data-element_type=\"widget\" data-e-type=\"widget\" data-settings=\"{&quot;slides_per_view&quot;:&quot;4&quot;,&quot;autoplay_speed&quot;:4000,&quot;space_between&quot;:{&quot;unit&quot;:&quot;px&quot;,&quot;size&quot;:5,&quot;sizes&quot;:[]},&quot;skin&quot;:&quot;carousel&quot;,&quot;effect&quot;:&quot;slide&quot;,&quot;show_arrows&quot;:&quot;yes&quot;,&quot;pagination&quot;:&quot;bullets&quot;,&quot;speed&quot;:500,&quot;autoplay&quot;:&quot;yes&quot;,&quot;loop&quot;:&quot;yes&quot;,&quot;pause_on_hover&quot;:&quot;yes&quot;,&quot;pause_on_interaction&quot;:&quot;yes&quot;,&quot;space_between_tablet&quot;:{&quot;unit&quot;:&quot;px&quot;,&quot;size&quot;:10,&quot;sizes&quot;:[]},&quot;space_between_mobile&quot;:{&quot;unit&quot;:&quot;px&quot;,&quot;size&quot;:10,&quot;sizes&quot;:[]}}\" data-widget_type=\"media-carousel.default\">\n\t\t\t\t<div class=\"elementor-widget-container\">\n\t\t\t\t\t\t\t\t\t<div class=\"elementor-swiper\">\n\t\t\t\t\t<div class=\"elementor-main-swiper swiper\" role=\"region\" aria-roledescription=\"carousel\" aria-label=\"Diapozitivi\">\n\t\t\t\t<div class=\"swiper-wrapper\">\n\t\t\t\t\t\t\t\t\t\t\t<div class=\"swiper-slide\" role=\"group\" aria-roledescription=\"slide\">\n\t\t\t\t\t\t\t<a href=\"https:\/\/thegobi.eu\/wp-content\/uploads\/2019\/04\/Gobi-p\u00e1nsk\u00e9-triko-proti-pocen\u00ed-pod-ko\u0161ili-neviditeln\u00e9-t\u011blov\u00e9-7-min.jpg\" data-elementor-open-lightbox=\"yes\" data-elementor-lightbox-slideshow=\"960d84f\" data-elementor-lightbox-title=\"Gobi p\u00e1nsk\u00e9 triko proti pocen\u00ed pod ko\u0161ili neviditeln\u00e9 t\u011blov\u00e9 (7)-min\" data-e-action-hash=\"#elementor-action%3Aaction%3Dlightbox%26settings%3DeyJpZCI6OTgzNywidXJsIjoiaHR0cHM6XC9cL3RoZWdvYmkuZXVcL3dwLWNvbnRlbnRcL3VwbG9hZHNcLzIwMTlcLzA0XC9Hb2JpLXBcdTAwZTFuc2tcdTAwZTktdHJpa28tcHJvdGktcG9jZW5cdTAwZWQtcG9kLWtvXHUwMTYxaWxpLW5ldmlkaXRlbG5cdTAwZTktdFx1MDExYmxvdlx1MDBlOS03LW1pbi1zY2FsZWQuanBnIiwic2xpZGVzaG93IjoiOTYwZDg0ZiJ9\">\t\t<div class=\"elementor-carousel-image lazyload\" role=\"img\" aria-label=\"Gobi p\u00e1nsk\u00e9 triko proti pocen\u00ed pod ko\u0161ili neviditeln\u00e9 t\u011blov\u00e9 (7)-min\" style=\"background-image:inherit\" data-bg-image=\"url(&#039;https:\/\/thegobi.eu\/wp-content\/uploads\/2019\/04\/Gobi-p\u00e1nsk\u00e9-triko-proti-pocen\u00ed-pod-ko\u0161ili-neviditeln\u00e9-t\u011blov\u00e9-7-min-751x1024.jpg&#039;)\">\n\n\t\t\t\n\t\t\t\t\t<\/div>\n\t\t\t\t\t<div class=\"elementor-carousel-image-overlay e-overlay-animation-fade\">\n\t\t\t\t<i class=\"fas fa-eye\"><\/i>\t\t\t<\/div>\n\t\t\t<\/a>\t\t\t\t\t\t<\/div>\n\t\t\t\t\t\t\t\t\t\t\t<div class=\"swiper-slide\" role=\"group\" aria-roledescription=\"slide\">\n\t\t\t\t\t\t\t<a href=\"https:\/\/thegobi.eu\/wp-content\/uploads\/2019\/04\/Gobi-p\u00e1nsk\u00e9-triko-proti-pocen\u00ed-pod-ko\u0161ili-neviditeln\u00e9-t\u011blov\u00e9-4-min.jpg\" data-elementor-open-lightbox=\"yes\" data-elementor-lightbox-slideshow=\"960d84f\" data-elementor-lightbox-title=\"Gobi p\u00e1nsk\u00e9 triko proti pocen\u00ed pod ko\u0161ili neviditeln\u00e9 t\u011blov\u00e9 (4)-min\" data-e-action-hash=\"#elementor-action%3Aaction%3Dlightbox%26settings%3DeyJpZCI6OTgzNCwidXJsIjoiaHR0cHM6XC9cL3RoZWdvYmkuZXVcL3dwLWNvbnRlbnRcL3VwbG9hZHNcLzIwMTlcLzA0XC9Hb2JpLXBcdTAwZTFuc2tcdTAwZTktdHJpa28tcHJvdGktcG9jZW5cdTAwZWQtcG9kLWtvXHUwMTYxaWxpLW5ldmlkaXRlbG5cdTAwZTktdFx1MDExYmxvdlx1MDBlOS00LW1pbi1zY2FsZWQuanBnIiwic2xpZGVzaG93IjoiOTYwZDg0ZiJ9\">\t\t<div class=\"elementor-carousel-image lazyload\" role=\"img\" aria-label=\"Gobi p\u00e1nsk\u00e9 triko proti pocen\u00ed pod ko\u0161ili neviditeln\u00e9 t\u011blov\u00e9 (4)-min\" style=\"background-image:inherit\" data-bg-image=\"url(&#039;https:\/\/thegobi.eu\/wp-content\/uploads\/2019\/04\/Gobi-p\u00e1nsk\u00e9-triko-proti-pocen\u00ed-pod-ko\u0161ili-neviditeln\u00e9-t\u011blov\u00e9-4-min-751x1024.jpg&#039;)\">\n\n\t\t\t\n\t\t\t\t\t<\/div>\n\t\t\t\t\t<div class=\"elementor-carousel-image-overlay e-overlay-animation-fade\">\n\t\t\t\t<i class=\"fas fa-eye\"><\/i>\t\t\t<\/div>\n\t\t\t<\/a>\t\t\t\t\t\t<\/div>\n\t\t\t\t\t\t\t\t\t\t\t<div class=\"swiper-slide\" role=\"group\" aria-roledescription=\"slide\">\n\t\t\t\t\t\t\t<a href=\"https:\/\/thegobi.eu\/wp-content\/uploads\/2019\/04\/Gobi-p\u00e1nsk\u00e9-triko-proti-pocen\u00ed-pod-ko\u0161ili-neviditeln\u00e9-t\u011blov\u00e9-6-min.jpg\" data-elementor-open-lightbox=\"yes\" data-elementor-lightbox-slideshow=\"960d84f\" data-elementor-lightbox-title=\"Gobi p\u00e1nsk\u00e9 triko proti pocen\u00ed pod ko\u0161ili neviditeln\u00e9 t\u011blov\u00e9 (6)-min\" data-e-action-hash=\"#elementor-action%3Aaction%3Dlightbox%26settings%3DeyJpZCI6OTgzNiwidXJsIjoiaHR0cHM6XC9cL3RoZWdvYmkuZXVcL3dwLWNvbnRlbnRcL3VwbG9hZHNcLzIwMTlcLzA0XC9Hb2JpLXBcdTAwZTFuc2tcdTAwZTktdHJpa28tcHJvdGktcG9jZW5cdTAwZWQtcG9kLWtvXHUwMTYxaWxpLW5ldmlkaXRlbG5cdTAwZTktdFx1MDExYmxvdlx1MDBlOS02LW1pbi1zY2FsZWQuanBnIiwic2xpZGVzaG93IjoiOTYwZDg0ZiJ9\">\t\t<div class=\"elementor-carousel-image lazyload\" role=\"img\" aria-label=\"Gobi p\u00e1nsk\u00e9 triko proti pocen\u00ed pod ko\u0161ili neviditeln\u00e9 t\u011blov\u00e9 (6)-min\" style=\"background-image:inherit\" data-bg-image=\"url(&#039;https:\/\/thegobi.eu\/wp-content\/uploads\/2019\/04\/Gobi-p\u00e1nsk\u00e9-triko-proti-pocen\u00ed-pod-ko\u0161ili-neviditeln\u00e9-t\u011blov\u00e9-6-min-1024x679.jpg&#039;)\">\n\n\t\t\t\n\t\t\t\t\t<\/div>\n\t\t\t\t\t<div class=\"elementor-carousel-image-overlay e-overlay-animation-fade\">\n\t\t\t\t<i class=\"fas fa-eye\"><\/i>\t\t\t<\/div>\n\t\t\t<\/a>\t\t\t\t\t\t<\/div>\n\t\t\t\t\t\t\t\t\t\t\t<div class=\"swiper-slide\" role=\"group\" aria-roledescription=\"slide\">\n\t\t\t\t\t\t\t<a href=\"https:\/\/thegobi.eu\/wp-content\/uploads\/2019\/04\/Gobi-p\u00e1nsk\u00e9-triko-proti-pocen\u00ed-pod-ko\u0161ili-neviditeln\u00e9-t\u011blov\u00e9-1-min.jpg\" data-elementor-open-lightbox=\"yes\" data-elementor-lightbox-slideshow=\"960d84f\" data-elementor-lightbox-title=\"Gobi p\u00e1nsk\u00e9 triko proti pocen\u00ed pod ko\u0161ili neviditeln\u00e9 t\u011blov\u00e9 (1)-min\" data-e-action-hash=\"#elementor-action%3Aaction%3Dlightbox%26settings%3DeyJpZCI6OTg1OCwidXJsIjoiaHR0cHM6XC9cL3RoZWdvYmkuZXVcL3dwLWNvbnRlbnRcL3VwbG9hZHNcLzIwMTlcLzA0XC9Hb2JpLXBcdTAwZTFuc2tcdTAwZTktdHJpa28tcHJvdGktcG9jZW5cdTAwZWQtcG9kLWtvXHUwMTYxaWxpLW5ldmlkaXRlbG5cdTAwZTktdFx1MDExYmxvdlx1MDBlOS0xLW1pbi1zY2FsZWQuanBnIiwic2xpZGVzaG93IjoiOTYwZDg0ZiJ9\">\t\t<div class=\"elementor-carousel-image lazyload\" role=\"img\" aria-label=\"Gobi p\u00e1nsk\u00e9 triko proti pocen\u00ed pod ko\u0161ili neviditeln\u00e9 t\u011blov\u00e9 (1)-min\" style=\"background-image:inherit\" data-bg-image=\"url(&#039;https:\/\/thegobi.eu\/wp-content\/uploads\/2019\/04\/Gobi-p\u00e1nsk\u00e9-triko-proti-pocen\u00ed-pod-ko\u0161ili-neviditeln\u00e9-t\u011blov\u00e9-1-min-1024x679.jpg&#039;)\">\n\n\t\t\t\n\t\t\t\t\t<\/div>\n\t\t\t\t\t<div class=\"elementor-carousel-image-overlay e-overlay-animation-fade\">\n\t\t\t\t<i class=\"fas fa-eye\"><\/i>\t\t\t<\/div>\n\t\t\t<\/a>\t\t\t\t\t\t<\/div>\n\t\t\t\t\t\t\t\t\t\t\t<div class=\"swiper-slide\" role=\"group\" aria-roledescription=\"slide\">\n\t\t\t\t\t\t\t<a href=\"https:\/\/thegobi.eu\/wp-content\/uploads\/2019\/04\/Gobi-p\u00e1nsk\u00e9-triko-proti-pocen\u00ed-pod-ko\u0161ili-neviditeln\u00e9-t\u011blov\u00e9-2-min.jpg\" data-elementor-open-lightbox=\"yes\" data-elementor-lightbox-slideshow=\"960d84f\" data-elementor-lightbox-title=\"Gobi p\u00e1nsk\u00e9 triko proti pocen\u00ed pod ko\u0161ili neviditeln\u00e9 t\u011blov\u00e9 (2)-min\" data-e-action-hash=\"#elementor-action%3Aaction%3Dlightbox%26settings%3DeyJpZCI6OTg1OSwidXJsIjoiaHR0cHM6XC9cL3RoZWdvYmkuZXVcL3dwLWNvbnRlbnRcL3VwbG9hZHNcLzIwMTlcLzA0XC9Hb2JpLXBcdTAwZTFuc2tcdTAwZTktdHJpa28tcHJvdGktcG9jZW5cdTAwZWQtcG9kLWtvXHUwMTYxaWxpLW5ldmlkaXRlbG5cdTAwZTktdFx1MDExYmxvdlx1MDBlOS0yLW1pbi1zY2FsZWQuanBnIiwic2xpZGVzaG93IjoiOTYwZDg0ZiJ9\">\t\t<div class=\"elementor-carousel-image lazyload\" role=\"img\" aria-label=\"Gobi p\u00e1nsk\u00e9 triko proti pocen\u00ed pod ko\u0161ili neviditeln\u00e9 t\u011blov\u00e9 (2)-min\" style=\"background-image:inherit\" data-bg-image=\"url(&#039;https:\/\/thegobi.eu\/wp-content\/uploads\/2019\/04\/Gobi-p\u00e1nsk\u00e9-triko-proti-pocen\u00ed-pod-ko\u0161ili-neviditeln\u00e9-t\u011blov\u00e9-2-min-1024x679.jpg&#039;)\">\n\n\t\t\t\n\t\t\t\t\t<\/div>\n\t\t\t\t\t<div class=\"elementor-carousel-image-overlay e-overlay-animation-fade\">\n\t\t\t\t<i class=\"fas fa-eye\"><\/i>\t\t\t<\/div>\n\t\t\t<\/a>\t\t\t\t\t\t<\/div>\n\t\t\t\t\t\t\t\t\t<\/div>\n\t\t\t\t\t\t\t\t\t\t\t\t\t\t\t<div class=\"elementor-swiper-button elementor-swiper-button-prev\" role=\"button\" tabindex=\"0\" aria-label=\"Prej\u0161nji\">\n\t\t\t\t\t\t\t<i aria-hidden=\"true\" class=\"eicon-chevron-left\"><\/i>\t\t\t\t\t\t<\/div>\n\t\t\t\t\t\t<div class=\"elementor-swiper-button elementor-swiper-button-next\" role=\"button\" tabindex=\"0\" aria-label=\"Naslednji\">\n\t\t\t\t\t\t\t<i aria-hidden=\"true\" class=\"eicon-chevron-right\"><\/i>\t\t\t\t\t\t<\/div>\n\t\t\t\t\t\t\t\t\t\t\t\t\t\t\t\t<div class=\"swiper-pagination\"><\/div>\n\t\t\t\t\t\t\t\t\t\t\t\t<\/div>\n\t\t\t\t<\/div>\n\t\t\t\t\t\t\t\t<\/div>\n\t\t\t\t<\/div>\n\t\t\t\t\t<\/div>\n\t\t<\/div>\n\t\t\t\t\t<\/div>\n\t\t<\/section>\n\t\t\t\t<section class=\"elementor-section elementor-top-section elementor-element elementor-element-5539ebb elementor-section-boxed elementor-section-height-default elementor-section-height-default\" data-id=\"5539ebb\" data-element_type=\"section\" data-e-type=\"section\">\n\t\t\t\t\t\t<div class=\"elementor-container elementor-column-gap-default\">\n\t\t\t\t\t<div class=\"elementor-column elementor-col-100 elementor-top-column elementor-element elementor-element-5e38f37\" data-id=\"5e38f37\" data-element_type=\"column\" data-e-type=\"column\">\n\t\t\t<div class=\"elementor-column-wrap--5e38f37 elementor-widget-wrap elementor-element-populated\">\n\t\t\t\t\t\t<div class=\"elementor-element elementor-element-4717329 elementor-widget elementor-widget-text-editor\" data-id=\"4717329\" data-element_type=\"widget\" data-e-type=\"widget\" data-widget_type=\"text-editor.default\">\n\t\t\t\t<div class=\"elementor-widget-container\">\n\t\t\t\t\t\t\t\t\t<p>Nar\u016fstaj\u00edc\u00ed preference t\u011blov\u00e9ho podtrika ze strane na\u0161ih z\u00e1kaznikov si pojasnjujemo s tem, da je \u201emultifunk\u010dn\u00ed\u201c. Nejen\u017ee dok\u00e1\u017ee ochr\u00e1nit pred propocen\u00edm, je hkrati i praktick\u00fdm kouskem oble\u010den\u00ed pro ka\u017edodenn\u00ed no\u0161en\u00ed. Jeho t\u011blov\u00e1 barva splyne a vy si morete brez dolgega premisleka obl\u00e9knout jakoukoliv ko\u0161ili. U\u017e nemus\u00edte \u0159e\u0161it situace, when si \u017eelite obl\u00e9knout va\u0161e priljubljene ko\u0161ile, ale z razlogom obav z propocen\u00ed njihovega no\u0161en\u00ed neust\u00e1le odkl\u00e1d\u00e1te na neur\u010dito. Nemus\u00edte se kroutiti pred zrcadlom in slediti, ali je tri\u010dko pod ko\u0161il\u00ed prosv\u00edt\u00e1, jako \u0442\u043e\u043c\u0443 u klasick\u00e9ho, bavln\u011bn\u00e9ho trika, kter\u00e9 ste nosili doposud, jist\u011b bilo. Ne, neprosv\u00edt\u00e1 a pod b\u00edlou ko\u0161ili je idealen. P\u0159em\u00fd\u0161l\u00edte, da na ko\u0161ile v\u00e1s vlastn\u011b moc neu\u017eije a obl\u00e9k\u00e1te rad\u011bji POLO trika, nebo svetry? V\u00fdhoda podtrika je, da ga lahko obl\u00e9knout pod jak\u00fdkoliv kousek obla\u010dila. Lahko ga izkoristite tudi pri \u0161portnih aktivnostih. When pak boste predvidevali, da pri zdol\u00e1v\u00e1n\u00ed dev\u00edtijamkov\u00e9ho, golfov\u00e9ho h\u0159i\u0161t\u011b se ur\u010dit\u011b zapot\u00edte, boste hkrati v\u011bd\u011bt, da va\u0161e priljubljene POLO triko ur\u010dit\u011b nepropot\u00edte. Njegovo st\u0159ih V\u00e1m poleg tega zagotavlja, da dokonale sedne. \u0415\u0441\u043b\u0438 krom\u011b prakti\u010dnosti a funk\u010dnosti preferujete i jakost materiali, pak je podtriko GOBI kouskem, kter\u00fd si jist\u011b zamilujete. P\u0159eci jen ned\u00e1te dopustit na nesmrtelnou klasiku - \u010dernou a b\u00edlou barvu? Imamo odgovor v obliki \u010dern\u00e9 i b\u00edl\u00e9 varianty podtrika GOBI. Zasko\u010dili smo vas in nev\u00edte, kakoou barvnou variantu zvolit? Po\u0159i\u010fte si vse tri. V\u011b\u0159\u00edme, \u017ce nebudete litovat.<\/p>\t\t\t\t\t\t\t\t<\/div>\n\t\t\t\t<\/div>\n\t\t\t\t\t<\/div>\n\t\t<\/div>\n\t\t\t\t\t<\/div>\n\t\t<\/section>\n\t\t\t\t<section class=\"elementor-section elementor-top-section elementor-element elementor-element-9d93260 elementor-section-boxed elementor-section-height-default elementor-section-height-default\" data-id=\"9d93260\" data-element_type=\"section\" data-e-type=\"section\">\n\t\t\t\t\t\t<div class=\"elementor-container elementor-column-gap-default\">\n\t\t\t\t\t<div class=\"elementor-column elementor-col-100 elementor-top-column elementor-element elementor-element-35edab3\" data-id=\"35edab3\" data-element_type=\"column\" data-e-type=\"column\">\n\t\t\t<div class=\"elementor-column-wrap--35edab3 elementor-widget-wrap elementor-element-populated\">\n\t\t\t\t\t\t<div class=\"elementor-element elementor-element-f2d42cb elementor-align-justify elementor-widget elementor-widget-button\" data-id=\"f2d42cb\" data-element_type=\"widget\" data-e-type=\"widget\" data-widget_type=\"button.default\">\n\t\t\t\t<div class=\"elementor-widget-container\">\n\t\t\t\t\t\t\t\t\t<div class=\"elementor-button-wrapper\">\n\t\t\t\t\t<a class=\"elementor-button elementor-button-link elementor-size-sm\" href=\"https:\/\/thegobi.eu\/si\/koupit\/\">\n\t\t\t\t\t\t<span class=\"elementor-button-content-wrapper\">\n\t\t\t\t\t\t\t\t\t<span class=\"elementor-button-text\">Koupit tri\u010dko Gobi<\/span>\n\t\t\t\t\t<\/span>\n\t\t\t\t\t<\/a>\n\t\t\t\t<\/div>\n\t\t\t\t\t\t\t\t<\/div>\n\t\t\t\t<\/div>\n\t\t\t\t\t<\/div>\n\t\t<\/div>\n\t\t\t\t\t<\/div>\n\t\t<\/section>\n\t\t\t\t<\/div>","protected":false},"excerpt":{"rendered":"<p>Neviditeln\u00e9 tri\u010dko Gobi D\u0159\u00edve bylo b\u00edl\u00e9 triko pova\u017eov\u00e1no za nezbytnost na\u0161eho \u0161atn\u00edku, a pro mnoho z n\u00e1s nezbytnost\u00ed st\u00e1le je. B\u00edl\u00e1 barva se hod\u00ed ke v\u0161emu a triko tak lze kombinovat na v\u00edce zp\u016fsob\u016f. N\u011bkte\u0159\u00ed nos\u00ed b\u00edl\u00e9 triko i pod ko\u0161ili. Ur\u010dit\u011b u\u017e ale mnoho z n\u00e1s v\u00ed, \u017ee existuje triko, kter\u00e9 je pod ko\u0161ili [&hellip;]<\/p>\n","protected":false},"author":1,"featured_media":0,"parent":0,"menu_order":0,"comment_status":"closed","ping_status":"closed","template":"template-builder.php","meta":{"_acf_changed":false,"footnotes":""},"class_list":["post-51184","page","type-page","status-publish","hentry"],"acf":[],"_links":{"self":[{"href":"https:\/\/thegobi.eu\/si\/wp-json\/wp\/v2\/pages\/51184","targetHints":{"allow":["GET"]}}],"collection":[{"href":"https:\/\/thegobi.eu\/si\/wp-json\/wp\/v2\/pages"}],"about":[{"href":"https:\/\/thegobi.eu\/si\/wp-json\/wp\/v2\/types\/page"}],"author":[{"embeddable":true,"href":"https:\/\/thegobi.eu\/si\/wp-json\/wp\/v2\/users\/1"}],"replies":[{"embeddable":true,"href":"https:\/\/thegobi.eu\/si\/wp-json\/wp\/v2\/comments?post=51184"}],"version-history":[{"count":0,"href":"https:\/\/thegobi.eu\/si\/wp-json\/wp\/v2\/pages\/51184\/revisions"}],"wp:attachment":[{"href":"https:\/\/thegobi.eu\/si\/wp-json\/wp\/v2\/media?parent=51184"}],"curies":[{"name":"wp","href":"https:\/\/api.w.org\/{rel}","templated":true}]}}