{"id":56091,"date":"2019-07-02T15:47:15","date_gmt":"2019-07-02T13:47:15","guid":{"rendered":"https:\/\/thegobi.eu\/cz-staging\/?page_id=56091"},"modified":"2025-05-16T17:19:49","modified_gmt":"2025-05-16T15:19:49","slug":"iz-zakulisja-gobi","status":"publish","type":"page","link":"https:\/\/thegobi.eu\/si\/iz-zakulisja-gobi\/","title":{"rendered":"BLOG - Ze z\u00e1kulis\u00ed Gobi"},"content":{"rendered":"<div data-elementor-type=\"wp-page\" data-elementor-id=\"56091\" class=\"elementor elementor-56091\" data-elementor-post-type=\"page\">\n\t\t\t\t\t\t<section class=\"elementor-section elementor-top-section elementor-element elementor-element-2414b2a9 rey-section-bg--classic elementor-section-boxed elementor-section-height-default elementor-section-height-default\" data-id=\"2414b2a9\" data-element_type=\"section\" data-e-type=\"section\" data-settings=\"{&quot;background_background&quot;:&quot;classic&quot;}\">\n\t\t\t\t\t\t<div class=\"elementor-container elementor-column-gap-no\">\n\t\t\t\t\t<div class=\"elementor-column elementor-col-100 elementor-top-column elementor-element elementor-element-5b9f7dce\" data-id=\"5b9f7dce\" data-element_type=\"column\" data-e-type=\"column\">\n\t\t\t<div class=\"elementor-column-wrap--5b9f7dce elementor-widget-wrap elementor-element-populated\">\n\t\t\t\t\t\t<div class=\"elementor-element elementor-element-27650efb elementor-widget elementor-widget-spacer\" data-id=\"27650efb\" data-element_type=\"widget\" data-e-type=\"widget\" data-widget_type=\"spacer.default\">\n\t\t\t\t<div class=\"elementor-widget-container\">\n\t\t\t\t\t\t\t<div class=\"elementor-spacer\">\n\t\t\t<div class=\"elementor-spacer-inner\"><\/div>\n\t\t<\/div>\n\t\t\t\t\t\t<\/div>\n\t\t\t\t<\/div>\n\t\t\t\t<div class=\"elementor-element elementor-element-9a4ab7f elementor-view-framed elementor-shape-circle elementor-widget elementor-widget-icon\" data-id=\"9a4ab7f\" data-element_type=\"widget\" data-e-type=\"widget\" data-widget_type=\"icon.default\">\n\t\t\t\t<div class=\"elementor-widget-container\">\n\t\t\t\t\t\t\t<div class=\"elementor-icon-wrapper\">\n\t\t\t<div class=\"elementor-icon elementor-animation-pulse\">\n\t\t\t\t\t\t\t<i class=\"fa fa-camera\" aria-hidden=\"true\"><\/i>\n\t\t\t\t\t\t<\/div>\n\t\t<\/div>\n\t\t\t\t\t\t<\/div>\n\t\t\t\t<\/div>\n\t\t\t\t<div class=\"elementor-element elementor-element-379f8f7f elementor-widget elementor-widget-heading\" data-id=\"379f8f7f\" data-element_type=\"widget\" data-e-type=\"widget\" data-widget_type=\"heading.default\">\n\t\t\t\t<div class=\"elementor-widget-container\">\n\t\t\t\t\t<h1 class=\"elementor-heading-title elementor-size-default\">Ze z\u00e1kulis\u00ed Gobi<\/h1>\t\t\t\t<\/div>\n\t\t\t\t<\/div>\n\t\t\t\t\t<\/div>\n\t\t<\/div>\n\t\t\t\t\t<\/div>\n\t\t<\/section>\n\t\t\t\t<section class=\"elementor-section elementor-top-section elementor-element elementor-element-151412f7 elementor-section-boxed elementor-section-height-default elementor-section-height-default\" data-id=\"151412f7\" data-element_type=\"section\" data-e-type=\"section\">\n\t\t\t\t\t\t<div class=\"elementor-container elementor-column-gap-default\">\n\t\t\t\t\t<div class=\"elementor-column elementor-col-50 elementor-top-column elementor-element elementor-element-44fe3efd\" data-id=\"44fe3efd\" data-element_type=\"column\" data-e-type=\"column\">\n\t\t\t<div class=\"elementor-column-wrap--44fe3efd elementor-widget-wrap elementor-element-populated\">\n\t\t\t\t\t\t<div class=\"elementor-element elementor-element-8f69893 elementor-widget elementor-widget-text-editor\" data-id=\"8f69893\" data-element_type=\"widget\" data-e-type=\"widget\" data-widget_type=\"text-editor.default\">\n\t\t\t\t<div class=\"elementor-widget-container\">\n\t\t\t\t\t\t\t\t\t<p><b>Dnes bychom v\u00e1s r\u00e1di vzali nahl\u00e9dnout do z\u00e1kulis\u00ed na\u0161\u00ed zna\u010dky.<\/b> Proto\u017ee interes o trika GOBI neust\u00e1le nar\u016fst\u00e1, chceme postupn\u011b zapracovat nejen na roz\u0161\u00ed\u0159en\u00ed sortimentu, ale i na zdokonalen\u00ed web str\u00e1nek, katerih sou\u010d\u00e1st\u00ed so samoz\u0159ejm\u011b fotografie produktov. Prav\u011b fotografie s\u0105 pro nas v tuto chv\u00edli \u0161tevilka ena.\u00a0<\/p><p>Na\u0161im aktualnim ciljem je raz\u0161iriti znamko GOBI na evropskem trgu. Z na\u0161ega pogleda so torej fotografije, ki so kakovostnej\u0161e, nujne sestavine. Zajistili smo na \u00fater\u00fd, 22.3. 2019 t\u00fdm profesion\u00e1l\u016f, jeho\u017e sou\u010d\u00e1st\u00ed bil fotograf, fashion stylistka, make-up artistka a modelov\u00e9. Focen\u00ed prob\u00edhalo v Praze in zaradi tega odli\u010dno poskrbeli za zelo prijetno in prijateljsko vzdu\u0161je. Nejd\u0159\u00edve smo se usmerili na fotografije samega izdelka. U mu\u017e\u016f smo fotili trika v b\u00edl\u00e9, t\u011blov\u00e9 i \u010dern\u00e9 barv\u011b. U \u017een prozat\u00edm pouze v b\u00edl\u00e9, ale i zde na\u010drtujemo v\u00fd\u0161e zm\u00edn\u011bn\u00e9 roz\u0161\u00ed\u0159en\u00ed sortimentu, o k ter\u00e9m v\u00e1s bomo v\u010das informovat. V druh\u00e9 delu focen\u00ed smo se vrhli na tzv. design photos (jak to m\u00e1m nazvat?). B\u011bhem focen\u00ed modelov\u00e9 vyst\u0159\u00eddali veliko outfit\u016f a p\u00f3z. Na nas zdaj je, izbrati ti najbolj\u0161e fotografije in umestiti je na splet.\u00a0<\/p><p>V\u011b\u0159\u00edme, da so te fotografije vam bli\u017eje in bolje pribli\u017eujejo na\u0161 izdelek in se nana\u0161ajo na va\u0161e reakcije. R\u00e1di bi \u0161e enkrat pod\u011bkovali skv\u00e9l\u00e9mu t\u00fdmu, kter\u00fd se na ustvarjanje novih fotografij pod\u00edlel. Spolupr\u00e1ce s tem tem bila na\u0161e prve, v\u011b\u0159\u00edme pa, da ur\u010dit\u011b ne zadnji.<\/p>\t\t\t\t\t\t\t\t<\/div>\n\t\t\t\t<\/div>\n\t\t\t\t\t<\/div>\n\t\t<\/div>\n\t\t\t\t<div class=\"elementor-column elementor-col-50 elementor-top-column elementor-element elementor-element-716d4af\" data-id=\"716d4af\" data-element_type=\"column\" data-e-type=\"column\">\n\t\t\t<div class=\"elementor-column-wrap--716d4af elementor-widget-wrap elementor-element-populated\">\n\t\t\t\t\t\t<div class=\"elementor-element elementor-element-ab00046 elementor-widget elementor-widget-image\" data-id=\"ab00046\" data-element_type=\"widget\" data-e-type=\"widget\" data-widget_type=\"image.default\">\n\t\t\t\t<div class=\"elementor-widget-container\">\n\t\t\t\t\t\t\t\t\t\t\t\t\t\t\t<img decoding=\"async\" width=\"333\" height=\"500\" data-src=\"https:\/\/thegobi.eu\/wp-content\/uploads\/2019\/04\/Gobi-triko-pod-ko\u0161ili-outfit.jpg\" class=\"attachment-large size-large wp-image-10097 lazyload\" alt=\"\" data-srcset=\"https:\/\/thegobi.eu\/wp-content\/uploads\/2019\/04\/Gobi-triko-pod-ko\u0161ili-outfit.jpg 333w, https:\/\/thegobi.eu\/wp-content\/uploads\/2019\/04\/Gobi-triko-pod-ko\u0161ili-outfit-100x150.jpg 100w, https:\/\/thegobi.eu\/wp-content\/uploads\/2019\/04\/Gobi-triko-pod-ko\u0161ili-outfit-300x450.jpg 300w, https:\/\/thegobi.eu\/wp-content\/uploads\/2019\/04\/Gobi-triko-pod-ko\u0161ili-outfit-200x300.jpg 200w\" data-sizes=\"auto\" src=\"data:image\/svg+xml;base64,PHN2ZyB3aWR0aD0iMSIgaGVpZ2h0PSIxIiB4bWxucz0iaHR0cDovL3d3dy53My5vcmcvMjAwMC9zdmciPjwvc3ZnPg==\" style=\"--smush-placeholder-width: 333px; --smush-placeholder-aspect-ratio: 333\/500;\" data-original-sizes=\"(max-width: 333px) 100vw, 333px\" \/>\t\t\t\t\t\t\t\t\t\t\t\t\t\t\t<\/div>\n\t\t\t\t<\/div>\n\t\t\t\t<div class=\"elementor-element elementor-element-91eba6d elementor-widget elementor-widget-image\" data-id=\"91eba6d\" data-element_type=\"widget\" data-e-type=\"widget\" data-widget_type=\"image.default\">\n\t\t\t\t<div class=\"elementor-widget-container\">\n\t\t\t\t\t\t\t\t\t\t\t\t\t\t\t<img decoding=\"async\" width=\"751\" height=\"1024\" data-src=\"https:\/\/thegobi.eu\/wp-content\/uploads\/2019\/04\/Gobi-p\u00e1nsk\u00e9-triko-proti-pocen\u00ed-pod-ko\u0161ili-b\u00edl\u00e9-5-min-751x1024.jpg\" class=\"attachment-large size-large wp-image-9848 lazyload\" alt=\"Gobi d\u00e1msk\u00e9 triko proti pocen\u00ed pod ko\u0161ili b\u00edl\u00e9\" data-srcset=\"https:\/\/thegobi.eu\/wp-content\/uploads\/2019\/04\/Gobi-p\u00e1nsk\u00e9-triko-proti-pocen\u00ed-pod-ko\u0161ili-b\u00edl\u00e9-5-min-751x1024.jpg 751w, https:\/\/thegobi.eu\/wp-content\/uploads\/2019\/04\/Gobi-p\u00e1nsk\u00e9-triko-proti-pocen\u00ed-pod-ko\u0161ili-b\u00edl\u00e9-5-min-scaled-100x136.jpg 100w, https:\/\/thegobi.eu\/wp-content\/uploads\/2019\/04\/Gobi-p\u00e1nsk\u00e9-triko-proti-pocen\u00ed-pod-ko\u0161ili-b\u00edl\u00e9-5-min-scaled-800x1091.jpg 800w, https:\/\/thegobi.eu\/wp-content\/uploads\/2019\/04\/Gobi-p\u00e1nsk\u00e9-triko-proti-pocen\u00ed-pod-ko\u0161ili-b\u00edl\u00e9-5-min-220x300.jpg 220w, https:\/\/thegobi.eu\/wp-content\/uploads\/2019\/04\/Gobi-p\u00e1nsk\u00e9-triko-proti-pocen\u00ed-pod-ko\u0161ili-b\u00edl\u00e9-5-min-768x1047.jpg 768w, https:\/\/thegobi.eu\/wp-content\/uploads\/2019\/04\/Gobi-p\u00e1nsk\u00e9-triko-proti-pocen\u00ed-pod-ko\u0161ili-b\u00edl\u00e9-5-min-300x409.jpg 300w, https:\/\/thegobi.eu\/wp-content\/uploads\/2019\/04\/Gobi-p\u00e1nsk\u00e9-triko-proti-pocen\u00ed-pod-ko\u0161ili-b\u00edl\u00e9-5-min-600x818.jpg 600w, https:\/\/thegobi.eu\/wp-content\/uploads\/2019\/04\/Gobi-p\u00e1nsk\u00e9-triko-proti-pocen\u00ed-pod-ko\u0161ili-b\u00edl\u00e9-5-min-scaled.jpg 1877w\" data-sizes=\"auto\" src=\"data:image\/svg+xml;base64,PHN2ZyB3aWR0aD0iMSIgaGVpZ2h0PSIxIiB4bWxucz0iaHR0cDovL3d3dy53My5vcmcvMjAwMC9zdmciPjwvc3ZnPg==\" style=\"--smush-placeholder-width: 751px; --smush-placeholder-aspect-ratio: 751\/1024;\" data-original-sizes=\"(max-width: 751px) 100vw, 751px\" \/>\t\t\t\t\t\t\t\t\t\t\t\t\t\t\t<\/div>\n\t\t\t\t<\/div>\n\t\t\t\t\t<\/div>\n\t\t<\/div>\n\t\t\t\t\t<\/div>\n\t\t<\/section>\n\t\t\t\t<section class=\"elementor-section elementor-top-section elementor-element elementor-element-200feb4 elementor-section-boxed elementor-section-height-default elementor-section-height-default\" data-id=\"200feb4\" data-element_type=\"section\" data-e-type=\"section\">\n\t\t\t\t\t\t<div class=\"elementor-container elementor-column-gap-default\">\n\t\t\t\t\t<div class=\"elementor-column elementor-col-100 elementor-top-column elementor-element elementor-element-631e4a2\" data-id=\"631e4a2\" data-element_type=\"column\" data-e-type=\"column\">\n\t\t\t<div class=\"elementor-column-wrap--631e4a2 elementor-widget-wrap elementor-element-populated\">\n\t\t\t\t\t\t<div class=\"elementor-element elementor-element-a15b5fc elementor-align-justify elementor-widget elementor-widget-button\" data-id=\"a15b5fc\" data-element_type=\"widget\" data-e-type=\"widget\" data-widget_type=\"button.default\">\n\t\t\t\t<div class=\"elementor-widget-container\">\n\t\t\t\t\t\t\t\t\t<div class=\"elementor-button-wrapper\">\n\t\t\t\t\t<a class=\"elementor-button elementor-button-link elementor-size-sm\" href=\"https:\/\/thegobi.eu\/si\/koupit\/\">\n\t\t\t\t\t\t<span class=\"elementor-button-content-wrapper\">\n\t\t\t\t\t\t\t\t\t<span class=\"elementor-button-text\">Koupit tri\u010dko Gobi<\/span>\n\t\t\t\t\t<\/span>\n\t\t\t\t\t<\/a>\n\t\t\t\t<\/div>\n\t\t\t\t\t\t\t\t<\/div>\n\t\t\t\t<\/div>\n\t\t\t\t\t<\/div>\n\t\t<\/div>\n\t\t\t\t\t<\/div>\n\t\t<\/section>\n\t\t\t\t<\/div>","protected":false},"excerpt":{"rendered":"<p>Ze z\u00e1kulis\u00ed Gobi Dnes bychom v\u00e1s r\u00e1di vzali nahl\u00e9dnout do z\u00e1kulis\u00ed na\u0161\u00ed zna\u010dky. Proto\u017ee z\u00e1jem o trika GOBI neust\u00e1le nar\u016fst\u00e1, chceme postupn\u011b zapracovat nejen na roz\u0161\u00ed\u0159en\u00ed sortimentu, ale i na zdokonalen\u00ed webov\u00fdch str\u00e1nek, jejich\u017e sou\u010d\u00e1st\u00ed jsou samoz\u0159ejm\u011b fotografie produkt\u016f. Pr\u00e1v\u011b fotografie jsou pro n\u00e1s v tuto chv\u00edli \u010d\u00edslo jedna.\u00a0 Na\u0161im aktu\u00e1ln\u00edm c\u00edlem je roz\u0161\u00ed\u0159it zna\u010dku [&hellip;]<\/p>\n","protected":false},"author":1,"featured_media":0,"parent":0,"menu_order":0,"comment_status":"closed","ping_status":"closed","template":"template-builder.php","meta":{"_acf_changed":false,"footnotes":""},"class_list":["post-56091","page","type-page","status-publish","hentry"],"acf":[],"_links":{"self":[{"href":"https:\/\/thegobi.eu\/si\/wp-json\/wp\/v2\/pages\/56091","targetHints":{"allow":["GET"]}}],"collection":[{"href":"https:\/\/thegobi.eu\/si\/wp-json\/wp\/v2\/pages"}],"about":[{"href":"https:\/\/thegobi.eu\/si\/wp-json\/wp\/v2\/types\/page"}],"author":[{"embeddable":true,"href":"https:\/\/thegobi.eu\/si\/wp-json\/wp\/v2\/users\/1"}],"replies":[{"embeddable":true,"href":"https:\/\/thegobi.eu\/si\/wp-json\/wp\/v2\/comments?post=56091"}],"version-history":[{"count":0,"href":"https:\/\/thegobi.eu\/si\/wp-json\/wp\/v2\/pages\/56091\/revisions"}],"wp:attachment":[{"href":"https:\/\/thegobi.eu\/si\/wp-json\/wp\/v2\/media?parent=56091"}],"curies":[{"name":"wp","href":"https:\/\/api.w.org\/{rel}","templated":true}]}}