{"id":9472,"date":"2019-04-06T18:39:36","date_gmt":"2019-04-06T16:39:36","guid":{"rendered":"https:\/\/mojegobi.sk\/?page_id=9472"},"modified":"2026-02-11T08:29:10","modified_gmt":"2026-02-11T07:29:10","slug":"o","status":"publish","type":"page","link":"https:\/\/thegobi.eu\/si\/o\/","title":{"rendered":"O"},"content":{"rendered":"<div data-elementor-type=\"wp-page\" data-elementor-id=\"9472\" class=\"elementor elementor-9472\" data-elementor-post-type=\"page\">\n\t\t\t\t\t\t<section class=\"elementor-section elementor-top-section elementor-element elementor-element-f15c48c rey-section-bg--classic elementor-section-boxed elementor-section-height-default elementor-section-height-default\" data-id=\"f15c48c\" data-element_type=\"section\" data-e-type=\"section\" data-settings=\"{&quot;background_background&quot;:&quot;classic&quot;}\">\n\t\t\t\t\t\t<div class=\"elementor-container elementor-column-gap-no\">\n\t\t\t\t\t<div class=\"elementor-column elementor-col-100 elementor-top-column elementor-element elementor-element-622d0a5\" data-id=\"622d0a5\" data-element_type=\"column\" data-e-type=\"column\">\n\t\t\t<div class=\"elementor-column-wrap--622d0a5 elementor-widget-wrap elementor-element-populated\">\n\t\t\t\t\t\t<div class=\"elementor-element elementor-element-321541c elementor-widget elementor-widget-heading\" data-id=\"321541c\" data-element_type=\"widget\" data-e-type=\"widget\" data-widget_type=\"heading.default\">\n\t\t\t\t<div class=\"elementor-widget-container\">\n\t\t\t\t\t<h1 class=\"elementor-heading-title elementor-size-default\">Kako je nastalo Gobi<\/h1>\t\t\t\t<\/div>\n\t\t\t\t<\/div>\n\t\t\t\t\t<\/div>\n\t\t<\/div>\n\t\t\t\t\t<\/div>\n\t\t<\/section>\n\t\t\t\t<section class=\"elementor-section elementor-top-section elementor-element elementor-element-6198983 rey-section-bg--classic elementor-reverse-mobile elementor-hidden-desktop elementor-hidden-tablet elementor-section-boxed elementor-section-height-default elementor-section-height-default\" data-id=\"6198983\" data-element_type=\"section\" data-e-type=\"section\" data-settings=\"{&quot;background_background&quot;:&quot;classic&quot;}\">\n\t\t\t\t\t\t<div class=\"elementor-container elementor-column-gap-default\">\n\t\t\t\t\t<div class=\"elementor-column elementor-col-50 elementor-top-column elementor-element elementor-element-37b2d92 rey-colbg--classic\" data-id=\"37b2d92\" data-element_type=\"column\" data-e-type=\"column\" data-settings=\"{&quot;background_background&quot;:&quot;classic&quot;}\">\n\t\t\t<div class=\"elementor-column-wrap--37b2d92 elementor-widget-wrap elementor-element-populated\">\n\t\t\t\t\t\t<div class=\"elementor-element elementor-element-0fd77d1 elementor-widget elementor-widget-heading\" data-id=\"0fd77d1\" data-element_type=\"widget\" data-e-type=\"widget\" data-widget_type=\"heading.default\">\n\t\t\t\t<div class=\"elementor-widget-container\">\n\t\t\t\t\t<h1 class=\"elementor-heading-title elementor-size-default\">Za\u010dali smo v letu 2016...<\/h1>\t\t\t\t<\/div>\n\t\t\t\t<\/div>\n\t\t\t\t<section class=\"elementor-section elementor-inner-section elementor-element elementor-element-c23d931 elementor-section-boxed elementor-section-height-default elementor-section-height-default\" data-id=\"c23d931\" data-element_type=\"section\" data-e-type=\"section\">\n\t\t\t\t\t\t<div class=\"elementor-container elementor-column-gap-no\">\n\t\t\t\t\t<div class=\"elementor-column elementor-col-100 elementor-inner-column elementor-element elementor-element-5dfe107\" data-id=\"5dfe107\" data-element_type=\"column\" data-e-type=\"column\">\n\t\t\t<div class=\"elementor-column-wrap--5dfe107 elementor-widget-wrap elementor-element-populated\">\n\t\t\t\t\t\t<div class=\"elementor-element elementor-element-752c7d8 elementor-widget elementor-widget-text-editor\" data-id=\"752c7d8\" data-element_type=\"widget\" data-e-type=\"widget\" data-widget_type=\"text-editor.default\">\n\t\t\t\t<div class=\"elementor-widget-container\">\n\t\t\t\t\t\t\t\t\t<p>Naklad na ustvarjanje&nbsp;<a href=\"https:\/\/thegobi.eu\/si\/\">popolnega trika pod ko\u0161ili<\/a>&nbsp;&nbsp;nastl z na\u0161\u00ed vlastn\u00ed pot\u0159eby, kterou nebolo v \u010cesk\u00e9 republice jako naplnit. U\u017e nas nebavilo nosit pod ko\u0161ili vytahan\u00e1 bavln\u011bn\u00e1 trika, kter\u00e1 se jednodu\u0161e propotila, a ob\u00e1vat se, \u017ce bomo imeli po p\u00e1r hodin\u00e1ch v podpa\u017e\u00ed nevzhledn\u00e9 \u201emapy\u201c. Kv\u016fli strachu z propocen\u00ed vrchn\u00ed vrstvy smo se omejovali zgolj na b\u00edl\u00e9 a \u010dern\u00e9 ko\u0161ile a jak\u00e1koliv jin\u00e1 barevn\u00e1 kombinace nep\u0159ich\u00e1zela v \u00favahu.<\/p>\n<p>V letu <b>2016<\/b> smo se zato odlo\u010dili ustvariti tri\u010dko pod ko\u0161ili, ki bo spl\u0148ovat ve\u0161ker\u00e9 na\u0161e predstavy o popolnem triku pod ko\u0161ili. T\u00e9m\u011b\u0159 rok n\u00e1m trvalo navrhnout a vyrobit produkt, s katerim smo bili resni\u010dno zadovoljni in pripravljeni ponuditi na\u0161im strankam.<\/p>\n<p><br><\/p>\t\t\t\t\t\t\t\t<\/div>\n\t\t\t\t<\/div>\n\t\t\t\t\t<\/div>\n\t\t<\/div>\n\t\t\t\t\t<\/div>\n\t\t<\/section>\n\t\t\t\t\t<\/div>\n\t\t<\/div>\n\t\t\t\t<div class=\"elementor-column elementor-col-50 elementor-top-column elementor-element elementor-element-4f9c8e1 rey-colbg--classic\" data-id=\"4f9c8e1\" data-element_type=\"column\" data-e-type=\"column\" data-settings=\"{&quot;background_background&quot;:&quot;classic&quot;}\">\n\t\t\t<div class=\"elementor-column-wrap--4f9c8e1 elementor-widget-wrap elementor-element-populated\">\n\t\t\t\t\t\t<div class=\"elementor-element elementor-element-7d1d6a3 elementor-widget elementor-widget-image\" data-id=\"7d1d6a3\" data-element_type=\"widget\" data-e-type=\"widget\" data-widget_type=\"image.default\">\n\t\t\t\t<div class=\"elementor-widget-container\">\n\t\t\t\t\t\t\t\t\t\t\t\t\t\t\t<img decoding=\"async\" width=\"750\" height=\"750\" data-src=\"https:\/\/thegobi.eu\/wp-content\/uploads\/2022\/10\/Gobi-tricko-proti-poceni-panske-onas.jpg\" class=\"attachment-large size-large wp-image-381260 lazyload\" alt=\"\" data-srcset=\"https:\/\/thegobi.eu\/wp-content\/uploads\/2022\/10\/Gobi-tricko-proti-poceni-panske-onas.jpg 750w, https:\/\/thegobi.eu\/wp-content\/uploads\/2022\/10\/Gobi-tricko-proti-poceni-panske-onas-100x100.jpg 100w, https:\/\/thegobi.eu\/wp-content\/uploads\/2022\/10\/Gobi-tricko-proti-poceni-panske-onas-300x300.jpg 300w, https:\/\/thegobi.eu\/wp-content\/uploads\/2022\/10\/Gobi-tricko-proti-poceni-panske-onas-150x150.jpg 150w, https:\/\/thegobi.eu\/wp-content\/uploads\/2022\/10\/Gobi-tricko-proti-poceni-panske-onas-600x600.jpg 600w\" data-sizes=\"auto\" src=\"data:image\/svg+xml;base64,PHN2ZyB3aWR0aD0iMSIgaGVpZ2h0PSIxIiB4bWxucz0iaHR0cDovL3d3dy53My5vcmcvMjAwMC9zdmciPjwvc3ZnPg==\" style=\"--smush-placeholder-width: 750px; --smush-placeholder-aspect-ratio: 750\/750;\" data-original-sizes=\"(max-width: 750px) 100vw, 750px\" \/>\t\t\t\t\t\t\t\t\t\t\t\t\t\t\t<\/div>\n\t\t\t\t<\/div>\n\t\t\t\t\t<\/div>\n\t\t<\/div>\n\t\t\t\t\t<\/div>\n\t\t<\/section>\n\t\t\t\t<section class=\"elementor-section elementor-top-section elementor-element elementor-element-97e06aa rey-section-bg--classic elementor-hidden-desktop elementor-hidden-tablet elementor-section-boxed elementor-section-height-default elementor-section-height-default\" data-id=\"97e06aa\" data-element_type=\"section\" data-e-type=\"section\" data-settings=\"{&quot;background_background&quot;:&quot;classic&quot;}\">\n\t\t\t\t\t\t<div class=\"elementor-container elementor-column-gap-default\">\n\t\t\t\t\t<div class=\"elementor-column elementor-col-50 elementor-top-column elementor-element elementor-element-c4d7d8e rey-colbg--classic\" data-id=\"c4d7d8e\" data-element_type=\"column\" data-e-type=\"column\" data-settings=\"{&quot;background_background&quot;:&quot;classic&quot;}\">\n\t\t\t<div class=\"elementor-column-wrap--c4d7d8e elementor-widget-wrap elementor-element-populated\">\n\t\t\t\t\t\t<div class=\"elementor-element elementor-element-75ce19b elementor-widget elementor-widget-image\" data-id=\"75ce19b\" data-element_type=\"widget\" data-e-type=\"widget\" data-widget_type=\"image.default\">\n\t\t\t\t<div class=\"elementor-widget-container\">\n\t\t\t\t\t\t\t\t\t\t\t\t\t\t\t<img decoding=\"async\" width=\"750\" height=\"718\" data-src=\"https:\/\/thegobi.eu\/wp-content\/uploads\/2022\/10\/Gobi-tricko-proti-poceni-technologie2.jpg\" class=\"attachment-large size-large wp-image-381248 lazyload\" alt=\"\" data-srcset=\"https:\/\/thegobi.eu\/wp-content\/uploads\/2022\/10\/Gobi-tricko-proti-poceni-technologie2.jpg 750w, https:\/\/thegobi.eu\/wp-content\/uploads\/2022\/10\/Gobi-tricko-proti-poceni-technologie2-100x96.jpg 100w, https:\/\/thegobi.eu\/wp-content\/uploads\/2022\/10\/Gobi-tricko-proti-poceni-technologie2-300x287.jpg 300w, https:\/\/thegobi.eu\/wp-content\/uploads\/2022\/10\/Gobi-tricko-proti-poceni-technologie2-600x574.jpg 600w\" data-sizes=\"auto\" src=\"data:image\/svg+xml;base64,PHN2ZyB3aWR0aD0iMSIgaGVpZ2h0PSIxIiB4bWxucz0iaHR0cDovL3d3dy53My5vcmcvMjAwMC9zdmciPjwvc3ZnPg==\" style=\"--smush-placeholder-width: 750px; --smush-placeholder-aspect-ratio: 750\/718;\" data-original-sizes=\"(max-width: 750px) 100vw, 750px\" \/>\t\t\t\t\t\t\t\t\t\t\t\t\t\t\t<\/div>\n\t\t\t\t<\/div>\n\t\t\t\t\t<\/div>\n\t\t<\/div>\n\t\t\t\t<div class=\"elementor-column elementor-col-50 elementor-top-column elementor-element elementor-element-41f2513 rey-colbg--classic\" data-id=\"41f2513\" data-element_type=\"column\" data-e-type=\"column\" data-settings=\"{&quot;background_background&quot;:&quot;classic&quot;}\">\n\t\t\t<div class=\"elementor-column-wrap--41f2513 elementor-widget-wrap elementor-element-populated\">\n\t\t\t\t\t\t<section class=\"elementor-section elementor-inner-section elementor-element elementor-element-76d0714 elementor-section-boxed elementor-section-height-default elementor-section-height-default\" data-id=\"76d0714\" data-element_type=\"section\" data-e-type=\"section\">\n\t\t\t\t\t\t<div class=\"elementor-container elementor-column-gap-no\">\n\t\t\t\t\t<div class=\"elementor-column elementor-col-100 elementor-inner-column elementor-element elementor-element-a206c92\" data-id=\"a206c92\" data-element_type=\"column\" data-e-type=\"column\">\n\t\t\t<div class=\"elementor-column-wrap--a206c92 elementor-widget-wrap elementor-element-populated\">\n\t\t\t\t\t\t<div class=\"elementor-element elementor-element-dbe8921 elementor-widget elementor-widget-text-editor\" data-id=\"dbe8921\" data-element_type=\"widget\" data-e-type=\"widget\" data-widget_type=\"text-editor.default\">\n\t\t\t\t<div class=\"elementor-widget-container\">\n\t\t\t\t\t\t\t\t\t<p><\/p>\n<p>Na\u0161e tri\u010dko muselo izpolnjevati nekaj osnovnih pogojev:<\/p>\n<ul>\n<li><strong>Muselo zaru\u010den\u011b ochr\u00e1nit pred propocen\u00edm vrchn\u00ed vrstvy oble\u010den\u00ed (ko\u0161ile, triko s dlouh\u00fdm ruk\u00e1vem, lehk\u00fd svetr...).<\/strong><\/li>\n<li><strong>Muselo imeti globok\u00fd v\u00fdst\u0159ih, da je bilo mogo\u010de nositi rozhalenku a triko ostalo schovan\u00e9.<\/strong><\/li>\n<li><strong>Muselo biti izdelano z prvot\u0159\u00eddn\u00edho p\u0159il\u00e9hav\u00e9ho materi\u00e1lu, jemn\u00e9ho na dotek.<\/strong><\/li>\n<li><strong>Muselo dokon\u010dale padnout in dr\u017eet na svojem mestu.&nbsp;<\/strong><\/li>\n<li><strong>Muselo imeti dolgo \u017eivljenjsko dobo. Vydr\u017eet celou \u0159adu vypr\u00e1n\u00ed, brez tega, ani\u017e bi se srazilo, izteklo, ali izgubilo na u\u010dinkovitosti.<\/strong><\/li>\n<\/ul>\n<p><strong>Pevn\u011b v\u011b\u0159\u00edme, da se nam je to uspelo in Gobi se stane ned\u00edlnou sou\u010d\u00e1st\u00ed va\u0161ega \u0161atnika.&nbsp;<\/strong><\/p>\t\t\t\t\t\t\t\t<\/div>\n\t\t\t\t<\/div>\n\t\t\t\t<div class=\"elementor-element elementor-element-6e383a2 elementor-align-left elementor-mobile-align-center elementor-widget elementor-widget-button\" data-id=\"6e383a2\" data-element_type=\"widget\" data-e-type=\"widget\" data-widget_type=\"button.default\">\n\t\t\t\t<div class=\"elementor-widget-container\">\n\t\t\t\t\t\t\t\t\t<div class=\"elementor-button-wrapper\">\n\t\t\t\t\t<a class=\"elementor-button elementor-size-lg\" role=\"button\">\n\t\t\t\t\t\t<span class=\"elementor-button-content-wrapper\">\n\t\t\t\t\t\t\t\t\t<span class=\"elementor-button-text\">Koupit tri\u010dko Gobi<\/span>\n\t\t\t\t\t<\/span>\n\t\t\t\t\t<\/a>\n\t\t\t\t<\/div>\n\t\t\t\t\t\t\t\t<\/div>\n\t\t\t\t<\/div>\n\t\t\t\t\t<\/div>\n\t\t<\/div>\n\t\t\t\t\t<\/div>\n\t\t<\/section>\n\t\t\t\t\t<\/div>\n\t\t<\/div>\n\t\t\t\t\t<\/div>\n\t\t<\/section>\n\t\t\t\t<section class=\"elementor-section elementor-top-section elementor-element elementor-element-e193352 rey-section-bg--classic elementor-reverse-mobile elementor-hidden-mobile elementor-section-boxed elementor-section-height-default elementor-section-height-default\" data-id=\"e193352\" data-element_type=\"section\" data-e-type=\"section\" data-settings=\"{&quot;background_background&quot;:&quot;classic&quot;}\">\n\t\t\t\t\t\t<div class=\"elementor-container elementor-column-gap-default\">\n\t\t\t\t\t<div class=\"elementor-column elementor-col-50 elementor-top-column elementor-element elementor-element-38fe0d1 rey-colbg--classic\" data-id=\"38fe0d1\" data-element_type=\"column\" data-e-type=\"column\" data-settings=\"{&quot;background_background&quot;:&quot;classic&quot;}\">\n\t\t\t<div class=\"elementor-column-wrap--38fe0d1 elementor-widget-wrap elementor-element-populated\">\n\t\t\t\t\t\t<div class=\"elementor-element elementor-element-38b0adc elementor-widget elementor-widget-heading\" data-id=\"38b0adc\" data-element_type=\"widget\" data-e-type=\"widget\" data-widget_type=\"heading.default\">\n\t\t\t\t<div class=\"elementor-widget-container\">\n\t\t\t\t\t<h1 class=\"elementor-heading-title elementor-size-default\">Za\u010dali smo v letu 2016...<\/h1>\t\t\t\t<\/div>\n\t\t\t\t<\/div>\n\t\t\t\t<section class=\"elementor-section elementor-inner-section elementor-element elementor-element-16b6f42 elementor-section-boxed elementor-section-height-default elementor-section-height-default\" data-id=\"16b6f42\" data-element_type=\"section\" data-e-type=\"section\">\n\t\t\t\t\t\t<div class=\"elementor-container elementor-column-gap-no\">\n\t\t\t\t\t<div class=\"elementor-column elementor-col-100 elementor-inner-column elementor-element elementor-element-cc8dc7c\" data-id=\"cc8dc7c\" data-element_type=\"column\" data-e-type=\"column\">\n\t\t\t<div class=\"elementor-column-wrap--cc8dc7c elementor-widget-wrap elementor-element-populated\">\n\t\t\t\t\t\t<div class=\"elementor-element elementor-element-f52eca5 elementor-widget elementor-widget-text-editor\" data-id=\"f52eca5\" data-element_type=\"widget\" data-e-type=\"widget\" data-widget_type=\"text-editor.default\">\n\t\t\t\t<div class=\"elementor-widget-container\">\n\t\t\t\t\t\t\t\t\t<p>Naklad na ustvarjanje&nbsp;<a href=\"https:\/\/thegobi.eu\/si\/\">popolnega trika pod ko\u0161ili<\/a>&nbsp;&nbsp;nastl z na\u0161\u00ed vlastn\u00ed pot\u0159eby, kterou nebolo v \u010cesk\u00e9 republice jako naplnit. U\u017e nas nebavilo nosit pod ko\u0161ili vytahan\u00e1 bavln\u011bn\u00e1 trika, kter\u00e1 se jednodu\u0161e propotila, a ob\u00e1vat se, \u017ce bomo imeli po p\u00e1r hodin\u00e1ch v podpa\u017e\u00ed nevzhledn\u00e9 \u201emapy\u201c. Kv\u016fli strachu z propocen\u00ed vrchn\u00ed vrstvy smo se omejovali zgolj na b\u00edl\u00e9 a \u010dern\u00e9 ko\u0161ile a jak\u00e1koliv jin\u00e1 barevn\u00e1 kombinace nep\u0159ich\u00e1zela v \u00favahu.<\/p>\n<p>V letu <b>2016<\/b> smo se zato odlo\u010dili ustvariti tri\u010dko pod ko\u0161ili, ki bo spl\u0148ovat ve\u0161ker\u00e9 na\u0161e predstavy o popolnem triku pod ko\u0161ili. T\u00e9m\u011b\u0159 rok n\u00e1m trvalo navrhnout a vyrobit produkt, s katerim smo bili resni\u010dno zadovoljni in pripravljeni ponuditi na\u0161im strankam.<\/p>\n<p><br><\/p>\t\t\t\t\t\t\t\t<\/div>\n\t\t\t\t<\/div>\n\t\t\t\t\t<\/div>\n\t\t<\/div>\n\t\t\t\t\t<\/div>\n\t\t<\/section>\n\t\t\t\t\t<\/div>\n\t\t<\/div>\n\t\t\t\t<div class=\"elementor-column elementor-col-50 elementor-top-column elementor-element elementor-element-0293487 rey-colbg--classic\" data-id=\"0293487\" data-element_type=\"column\" data-e-type=\"column\" data-settings=\"{&quot;background_background&quot;:&quot;classic&quot;}\">\n\t\t\t<div class=\"elementor-column-wrap--0293487 elementor-widget-wrap elementor-element-populated\">\n\t\t\t\t\t\t<div class=\"elementor-element elementor-element-854be0e elementor-widget elementor-widget-image\" data-id=\"854be0e\" data-element_type=\"widget\" data-e-type=\"widget\" data-widget_type=\"image.default\">\n\t\t\t\t<div class=\"elementor-widget-container\">\n\t\t\t\t\t\t\t\t\t\t\t\t\t\t\t<img decoding=\"async\" width=\"750\" height=\"750\" data-src=\"https:\/\/thegobi.eu\/wp-content\/uploads\/2022\/10\/Gobi-tricko-proti-poceni-panske-onas.jpg\" class=\"attachment-large size-large wp-image-381260 lazyload\" alt=\"\" data-srcset=\"https:\/\/thegobi.eu\/wp-content\/uploads\/2022\/10\/Gobi-tricko-proti-poceni-panske-onas.jpg 750w, https:\/\/thegobi.eu\/wp-content\/uploads\/2022\/10\/Gobi-tricko-proti-poceni-panske-onas-100x100.jpg 100w, https:\/\/thegobi.eu\/wp-content\/uploads\/2022\/10\/Gobi-tricko-proti-poceni-panske-onas-300x300.jpg 300w, https:\/\/thegobi.eu\/wp-content\/uploads\/2022\/10\/Gobi-tricko-proti-poceni-panske-onas-150x150.jpg 150w, https:\/\/thegobi.eu\/wp-content\/uploads\/2022\/10\/Gobi-tricko-proti-poceni-panske-onas-600x600.jpg 600w\" data-sizes=\"auto\" src=\"data:image\/svg+xml;base64,PHN2ZyB3aWR0aD0iMSIgaGVpZ2h0PSIxIiB4bWxucz0iaHR0cDovL3d3dy53My5vcmcvMjAwMC9zdmciPjwvc3ZnPg==\" style=\"--smush-placeholder-width: 750px; --smush-placeholder-aspect-ratio: 750\/750;\" data-original-sizes=\"(max-width: 750px) 100vw, 750px\" \/>\t\t\t\t\t\t\t\t\t\t\t\t\t\t\t<\/div>\n\t\t\t\t<\/div>\n\t\t\t\t\t<\/div>\n\t\t<\/div>\n\t\t\t\t\t<\/div>\n\t\t<\/section>\n\t\t\t\t<section class=\"elementor-section elementor-top-section elementor-element elementor-element-db0a3f4 rey-section-bg--classic elementor-hidden-mobile elementor-section-boxed elementor-section-height-default elementor-section-height-default\" data-id=\"db0a3f4\" data-element_type=\"section\" data-e-type=\"section\" data-settings=\"{&quot;background_background&quot;:&quot;classic&quot;}\">\n\t\t\t\t\t\t<div class=\"elementor-container elementor-column-gap-default\">\n\t\t\t\t\t<div class=\"elementor-column elementor-col-50 elementor-top-column elementor-element elementor-element-6d43b09 rey-colbg--classic\" data-id=\"6d43b09\" data-element_type=\"column\" data-e-type=\"column\" data-settings=\"{&quot;background_background&quot;:&quot;classic&quot;}\">\n\t\t\t<div class=\"elementor-column-wrap--6d43b09 elementor-widget-wrap elementor-element-populated\">\n\t\t\t\t\t\t<div class=\"elementor-element elementor-element-9722a64 elementor-widget elementor-widget-image\" data-id=\"9722a64\" data-element_type=\"widget\" data-e-type=\"widget\" data-widget_type=\"image.default\">\n\t\t\t\t<div class=\"elementor-widget-container\">\n\t\t\t\t\t\t\t\t\t\t\t\t\t\t\t<img decoding=\"async\" width=\"750\" height=\"718\" data-src=\"https:\/\/thegobi.eu\/wp-content\/uploads\/2022\/10\/Gobi-tricko-proti-poceni-technologie2.jpg\" class=\"attachment-large size-large wp-image-381248 lazyload\" alt=\"\" data-srcset=\"https:\/\/thegobi.eu\/wp-content\/uploads\/2022\/10\/Gobi-tricko-proti-poceni-technologie2.jpg 750w, https:\/\/thegobi.eu\/wp-content\/uploads\/2022\/10\/Gobi-tricko-proti-poceni-technologie2-100x96.jpg 100w, https:\/\/thegobi.eu\/wp-content\/uploads\/2022\/10\/Gobi-tricko-proti-poceni-technologie2-300x287.jpg 300w, https:\/\/thegobi.eu\/wp-content\/uploads\/2022\/10\/Gobi-tricko-proti-poceni-technologie2-600x574.jpg 600w\" data-sizes=\"auto\" src=\"data:image\/svg+xml;base64,PHN2ZyB3aWR0aD0iMSIgaGVpZ2h0PSIxIiB4bWxucz0iaHR0cDovL3d3dy53My5vcmcvMjAwMC9zdmciPjwvc3ZnPg==\" style=\"--smush-placeholder-width: 750px; --smush-placeholder-aspect-ratio: 750\/718;\" data-original-sizes=\"(max-width: 750px) 100vw, 750px\" \/>\t\t\t\t\t\t\t\t\t\t\t\t\t\t\t<\/div>\n\t\t\t\t<\/div>\n\t\t\t\t\t<\/div>\n\t\t<\/div>\n\t\t\t\t<div class=\"elementor-column elementor-col-50 elementor-top-column elementor-element elementor-element-0446a1f rey-colbg--classic\" data-id=\"0446a1f\" data-element_type=\"column\" data-e-type=\"column\" data-settings=\"{&quot;background_background&quot;:&quot;classic&quot;}\">\n\t\t\t<div class=\"elementor-column-wrap--0446a1f elementor-widget-wrap elementor-element-populated\">\n\t\t\t\t\t\t<section class=\"elementor-section elementor-inner-section elementor-element elementor-element-701061c elementor-section-boxed elementor-section-height-default elementor-section-height-default\" data-id=\"701061c\" data-element_type=\"section\" data-e-type=\"section\">\n\t\t\t\t\t\t<div class=\"elementor-container elementor-column-gap-no\">\n\t\t\t\t\t<div class=\"elementor-column elementor-col-100 elementor-inner-column elementor-element elementor-element-298cd0b\" data-id=\"298cd0b\" data-element_type=\"column\" data-e-type=\"column\">\n\t\t\t<div class=\"elementor-column-wrap--298cd0b elementor-widget-wrap elementor-element-populated\">\n\t\t\t\t\t\t<div class=\"elementor-element elementor-element-1e35ec8 elementor-widget elementor-widget-text-editor\" data-id=\"1e35ec8\" data-element_type=\"widget\" data-e-type=\"widget\" data-widget_type=\"text-editor.default\">\n\t\t\t\t<div class=\"elementor-widget-container\">\n\t\t\t\t\t\t\t\t\t<p><\/p>\n<p>Na\u0161e tri\u010dko muselo izpolnjevati nekaj osnovnih pogojev:<\/p>\n<ul>\n<li><strong>Muselo zaru\u010den\u011b ochr\u00e1nit pred propocen\u00edm vrchn\u00ed vrstvy oble\u010den\u00ed (ko\u0161ile, triko s dlouh\u00fdm ruk\u00e1vem, lehk\u00fd svetr...).<\/strong><\/li>\n<li><strong>Muselo imeti globok\u00fd v\u00fdst\u0159ih, da je bilo mogo\u010de nositi rozhalenku a triko ostalo schovan\u00e9.<\/strong><\/li>\n<li><strong>Muselo biti izdelano z prvot\u0159\u00eddn\u00edho p\u0159il\u00e9hav\u00e9ho materi\u00e1lu, jemn\u00e9ho na dotek.<\/strong><\/li>\n<li><strong>Muselo dokon\u010dale padnout in dr\u017eet na svojem mestu.&nbsp;<\/strong><\/li>\n<li><strong>Muselo imeti dolgo \u017eivljenjsko dobo. Vydr\u017eet celou \u0159adu vypr\u00e1n\u00ed, brez tega, ani\u017e bi se srazilo, izteklo, ali izgubilo na u\u010dinkovitosti.<\/strong><\/li>\n<\/ul>\n<p><strong>Pevn\u011b v\u011b\u0159\u00edme, da se nam je to uspelo in Gobi se stane ned\u00edlnou sou\u010d\u00e1st\u00ed va\u0161ega \u0161atnika.&nbsp;<\/strong><\/p>\t\t\t\t\t\t\t\t<\/div>\n\t\t\t\t<\/div>\n\t\t\t\t<div class=\"elementor-element elementor-element-3793ba0 elementor-align-left elementor-mobile-align-center elementor-widget elementor-widget-button\" data-id=\"3793ba0\" data-element_type=\"widget\" data-e-type=\"widget\" data-widget_type=\"button.default\">\n\t\t\t\t<div class=\"elementor-widget-container\">\n\t\t\t\t\t\t\t\t\t<div class=\"elementor-button-wrapper\">\n\t\t\t\t\t<a class=\"elementor-button elementor-size-lg\" role=\"button\">\n\t\t\t\t\t\t<span class=\"elementor-button-content-wrapper\">\n\t\t\t\t\t\t\t\t\t<span class=\"elementor-button-text\">Koupit tri\u010dko Gobi<\/span>\n\t\t\t\t\t<\/span>\n\t\t\t\t\t<\/a>\n\t\t\t\t<\/div>\n\t\t\t\t\t\t\t\t<\/div>\n\t\t\t\t<\/div>\n\t\t\t\t\t<\/div>\n\t\t<\/div>\n\t\t\t\t\t<\/div>\n\t\t<\/section>\n\t\t\t\t\t<\/div>\n\t\t<\/div>\n\t\t\t\t\t<\/div>\n\t\t<\/section>\n\t\t\t\t<\/div>","protected":false},"excerpt":{"rendered":"<p>Jak vzniklo Gobi Za\u010dali jsme v roce 2016&#8230; N\u00e1pad na vytvo\u0159en\u00ed&nbsp;dokonal\u00e9ho trika pod ko\u0161ili&nbsp;&nbsp;vznikl z na\u0161\u00ed vlastn\u00ed pot\u0159eby, kterou nebylo v \u010cesk\u00e9 republice&nbsp;jak naplnit. U\u017e n\u00e1s nebavilo nosit pod ko\u0161ili vytahan\u00e1 bavln\u011bn\u00e1 trika, kter\u00e1 se jednodu\u0161e propotila, a ob\u00e1vat se, \u017ee budeme m\u00edt po p\u00e1r hodin\u00e1ch v podpa\u017e\u00ed nevzhledn\u00e9 \u201emapy\u201c. Kv\u016fli strachu z propocen\u00ed vrchn\u00ed [&hellip;]<\/p>\n","protected":false},"author":1,"featured_media":0,"parent":0,"menu_order":0,"comment_status":"closed","ping_status":"closed","template":"template-builder.php","meta":{"_acf_changed":false,"footnotes":""},"class_list":["post-9472","page","type-page","status-publish","hentry"],"acf":[],"_links":{"self":[{"href":"https:\/\/thegobi.eu\/si\/wp-json\/wp\/v2\/pages\/9472","targetHints":{"allow":["GET"]}}],"collection":[{"href":"https:\/\/thegobi.eu\/si\/wp-json\/wp\/v2\/pages"}],"about":[{"href":"https:\/\/thegobi.eu\/si\/wp-json\/wp\/v2\/types\/page"}],"author":[{"embeddable":true,"href":"https:\/\/thegobi.eu\/si\/wp-json\/wp\/v2\/users\/1"}],"replies":[{"embeddable":true,"href":"https:\/\/thegobi.eu\/si\/wp-json\/wp\/v2\/comments?post=9472"}],"version-history":[{"count":0,"href":"https:\/\/thegobi.eu\/si\/wp-json\/wp\/v2\/pages\/9472\/revisions"}],"wp:attachment":[{"href":"https:\/\/thegobi.eu\/si\/wp-json\/wp\/v2\/media?parent=9472"}],"curies":[{"name":"wp","href":"https:\/\/api.w.org\/{rel}","templated":true}]}}