{"id":9504,"date":"2019-04-07T07:45:37","date_gmt":"2019-04-07T05:45:37","guid":{"rendered":"https:\/\/mojegobi.sk\/?page_id=9504"},"modified":"2026-02-25T08:36:22","modified_gmt":"2026-02-25T07:36:22","slug":"zamenjava-in-vracilo","status":"publish","type":"page","link":"https:\/\/thegobi.eu\/si\/zamenjava-in-vracilo\/","title":{"rendered":"Zamenjava in vra\u010dilo"},"content":{"rendered":"<div data-elementor-type=\"wp-page\" data-elementor-id=\"9504\" class=\"elementor elementor-9504\" data-elementor-post-type=\"page\">\n\t\t\t\t<div class=\"e-con-top elementor-element elementor-element-cf3d9ab e-flex e-con-boxed e-con e-parent\" data-id=\"cf3d9ab\" data-element_type=\"container\" data-e-type=\"container\">\n\t\t\t\t\t<div class=\"e-con-inner\">\n\t\t<div class=\"elementor-element elementor-element-2d11a63 e-con-full e-flex e-con e-child\" data-id=\"2d11a63\" data-element_type=\"container\" data-e-type=\"container\">\n\t\t\t\t<div class=\"elementor-element elementor-element-38cfdfb elementor-widget elementor-widget-heading\" data-id=\"38cfdfb\" data-element_type=\"widget\" data-e-type=\"widget\" data-widget_type=\"heading.default\">\n\t\t\t\t<div class=\"elementor-widget-container\">\n\t\t\t\t\t<h1 class=\"elementor-heading-title elementor-size-default\">Zamenjava in vra\u010dilo<\/h1>\t\t\t\t<\/div>\n\t\t\t\t<\/div>\n\t\t\t\t<\/div>\n\t\t\t\t\t<\/div>\n\t\t\t\t<\/div>\n\t\t\t\t<section class=\"elementor-section elementor-top-section elementor-element elementor-element-8d45365 elementor-section-content-middle elementor-section-boxed elementor-section-height-default elementor-section-height-default\" data-id=\"8d45365\" data-element_type=\"section\" data-e-type=\"section\">\n\t\t\t\t\t\t<div class=\"elementor-container elementor-column-gap-default\">\n\t\t\t\t\t<div class=\"elementor-column elementor-col-50 elementor-top-column elementor-element elementor-element-e0d168c\" data-id=\"e0d168c\" data-element_type=\"column\" data-e-type=\"column\">\n\t\t\t<div class=\"elementor-column-wrap--e0d168c elementor-widget-wrap elementor-element-populated\">\n\t\t\t\t\t\t<div class=\"elementor-element elementor-element-0577b6d elementor-view-default elementor-widget elementor-widget-icon\" data-id=\"0577b6d\" data-element_type=\"widget\" data-e-type=\"widget\" data-widget_type=\"icon.default\">\n\t\t\t\t<div class=\"elementor-widget-container\">\n\t\t\t\t\t\t\t<div class=\"elementor-icon-wrapper\">\n\t\t\t<div class=\"elementor-icon\">\n\t\t\t<i aria-hidden=\"true\" class=\"fas fa-undo\"><\/i>\t\t\t<\/div>\n\t\t<\/div>\n\t\t\t\t\t\t<\/div>\n\t\t\t\t<\/div>\n\t\t\t\t\t<\/div>\n\t\t<\/div>\n\t\t\t\t<div class=\"elementor-column elementor-col-50 elementor-top-column elementor-element elementor-element-db30547 rey-colbg--classic\" data-id=\"db30547\" data-element_type=\"column\" data-e-type=\"column\" data-settings=\"{&quot;background_background&quot;:&quot;classic&quot;}\">\n\t\t\t<div class=\"elementor-column-wrap--db30547 elementor-widget-wrap elementor-element-populated\">\n\t\t\t\t\t\t<div class=\"elementor-element elementor-element-7bd90f4 elementor-widget elementor-widget-heading\" data-id=\"7bd90f4\" data-element_type=\"widget\" data-e-type=\"widget\" data-widget_type=\"heading.default\">\n\t\t\t\t<div class=\"elementor-widget-container\">\n\t\t\t\t\t<h2 class=\"elementor-heading-title elementor-size-default\">Menjava velikosti <\/h2>\t\t\t\t<\/div>\n\t\t\t\t<\/div>\n\t\t\t\t<div class=\"elementor-element elementor-element-54a987e elementor-widget elementor-widget-text-editor\" data-id=\"54a987e\" data-element_type=\"widget\" data-e-type=\"widget\" data-widget_type=\"text-editor.default\">\n\t\t\t\t<div class=\"elementor-widget-container\">\n\t\t\t\t\t\t\t\t\t<p data-start=\"0\" data-end=\"303\"><strong data-start=\"0\" data-end=\"68\">Vam velikost ne ustreza? Je majica pretesna ali pre\u0161iroka?<\/strong><br data-start=\"68\" data-end=\"71\" \/>Z veseljem jo bomo brezpla\u010dno zamenjali, da se vam bo popolnoma prilegala. Izdelek lahko zamenjate v 14 dneh po prejemu. Izdelki morajo biti neuporabljeni, neoprani, v prvotnem stanju z etiketo in originalno embala\u017eo.<\/p><p data-start=\"305\" data-end=\"537\"><strong data-start=\"305\" data-end=\"326\">Kako to storiti?<\/strong><br data-start=\"326\" data-end=\"329\" \/>Na list papirja napi\u0161ite zahtevek za zamenjavo in celoten paket skupaj z ra\u010dunom po\u0161ljite na naslov:<br data-start=\"463\" data-end=\"466\" data-is-only-node=\"\" \/><strong data-start=\"466\" data-end=\"537\">Packeta Adriatic d.o.o \/\n96629342 \/\nTr\u017ea\u0161ka cesta 40 \/\n1000 Ljubljana<\/strong><\/p><p data-start=\"539\" data-end=\"642\" data-is-last-node=\"\" data-is-only-node=\"\">Nato vas bomo obvestili o prejemu in vam brezpla\u010dno poslali \u017eeleno velikost.\u00a0<\/p>\t\t\t\t\t\t\t\t<\/div>\n\t\t\t\t<\/div>\n\t\t\t\t\t<\/div>\n\t\t<\/div>\n\t\t\t\t\t<\/div>\n\t\t<\/section>\n\t\t\t\t<section class=\"elementor-section elementor-top-section elementor-element elementor-element-1dd7678 rey-section-bg--classic elementor-hidden-desktop elementor-hidden-tablet elementor-hidden-mobile elementor-section-boxed elementor-section-height-default elementor-section-height-default\" data-id=\"1dd7678\" data-element_type=\"section\" data-e-type=\"section\" data-settings=\"{&quot;background_background&quot;:&quot;classic&quot;}\">\n\t\t\t\t\t\t<div class=\"elementor-container elementor-column-gap-default\">\n\t\t\t\t\t<div class=\"elementor-column elementor-col-50 elementor-top-column elementor-element elementor-element-e48c08b\" data-id=\"e48c08b\" data-element_type=\"column\" data-e-type=\"column\">\n\t\t\t<div class=\"elementor-column-wrap--e48c08b elementor-widget-wrap elementor-element-populated\">\n\t\t\t\t\t\t<div class=\"elementor-element elementor-element-d9c42a4 elementor-view-default elementor-widget elementor-widget-icon\" data-id=\"d9c42a4\" data-element_type=\"widget\" data-e-type=\"widget\" data-widget_type=\"icon.default\">\n\t\t\t\t<div class=\"elementor-widget-container\">\n\t\t\t\t\t\t\t<div class=\"elementor-icon-wrapper\">\n\t\t\t<div class=\"elementor-icon\">\n\t\t\t<i aria-hidden=\"true\" class=\"fas fa-truck\"><\/i>\t\t\t<\/div>\n\t\t<\/div>\n\t\t\t\t\t\t<\/div>\n\t\t\t\t<\/div>\n\t\t\t\t\t<\/div>\n\t\t<\/div>\n\t\t\t\t<div class=\"elementor-column elementor-col-50 elementor-top-column elementor-element elementor-element-0798227\" data-id=\"0798227\" data-element_type=\"column\" data-e-type=\"column\">\n\t\t\t<div class=\"elementor-column-wrap--0798227 elementor-widget-wrap elementor-element-populated\">\n\t\t\t\t\t\t<div class=\"elementor-element elementor-element-175f6d4 elementor-widget elementor-widget-heading\" data-id=\"175f6d4\" data-element_type=\"widget\" data-e-type=\"widget\" data-widget_type=\"heading.default\">\n\t\t\t\t<div class=\"elementor-widget-container\">\n\t\t\t\t\t<h2 class=\"elementor-heading-title elementor-size-default\">Doru\u010den\u00ed<\/h2>\t\t\t\t<\/div>\n\t\t\t\t<\/div>\n\t\t\t\t<div class=\"elementor-element elementor-element-e4da027 elementor-widget elementor-widget-text-editor\" data-id=\"e4da027\" data-element_type=\"widget\" data-e-type=\"widget\" data-widget_type=\"text-editor.default\">\n\t\t\t\t<div class=\"elementor-widget-container\">\n\t\t\t\t\t\t\t\t\t<h3 style=\"font-size: 1.66667rem; font-style: normal;\"><b>Z\u00e1silkovna<\/b><\/h3><ul><li>Z\u00e1silka bo dostavljena na izvidnico Z\u00e1silkovny.<\/li><li>Izdejnu si izberete iz seznama pri ustvarjanju naro\u010dil.<\/li><li>Cena doru\u010denja je 69 K\u010d.<\/li><li>Pri objedn\u00e1vce 2 in ve\u010d trik je doru\u010den\u00ed ZDARMA.<\/li><li>Doru\u010den\u00ed je obi\u010dajno 2 delovna dneva.<\/li><\/ul><h3><b>\u010cesk\u00e1 po\u0161ta<\/b><\/h3><ul><li>Z\u00e1silka bo dostavljena \u010ceskou po\u0161tou.<\/li><li>Z\u00e1silka je odes\u00edl\u00e1na kot priporo\u010dene psan\u00ed.<\/li><li>Cena doru\u010ditve je <b>99<\/b><strong>\u00a0K\u010d.<\/strong><\/li><li>Pri objedn\u00e1vce 2 a ve\u010d trik je doru\u010den\u00ed\u00a0<strong>ZDARMA.<\/strong><\/li><li>Doru\u010devanje je obi\u010dajno 1-2 delovne dni.<\/li><li>Bal\u00edky so doru\u010dov\u00e1ny v delovne dni, v b\u011b\u017en\u00e9 doru\u010dovac\u00ed dob\u011b, kterou \u010cesk\u00e1 po\u0161ta offering v dane lokalit\u00e9.<\/li><li>Pri ne\u00fasp\u011b\u0161nem pokusu o doru\u010den\u00ed je bal\u00edk ulo\u017een na nejbli\u017e\u0161\u00ed po\u0161te.<\/li><\/ul><h3><b>DORU\u010cEN\u00cd NA SLOVENSKO<\/b><\/h3><ul><li>Pro doru\u010den\u00ed na Slovensko p\u0159ejd\u011bte pros\u00edm na n\u00e1\u0161 sloven\u00fd web\u00a0<b>www.mojegobi.sk<\/b><\/li><\/ul>\t\t\t\t\t\t\t\t<\/div>\n\t\t\t\t<\/div>\n\t\t\t\t\t<\/div>\n\t\t<\/div>\n\t\t\t\t\t<\/div>\n\t\t<\/section>\n\t\t\t\t<section class=\"elementor-section elementor-top-section elementor-element elementor-element-2022b4c elementor-section-content-middle rey-section-bg--classic elementor-hidden-desktop elementor-hidden-tablet elementor-hidden-mobile elementor-section-boxed elementor-section-height-default elementor-section-height-default\" data-id=\"2022b4c\" data-element_type=\"section\" data-e-type=\"section\" data-settings=\"{&quot;background_background&quot;:&quot;classic&quot;}\">\n\t\t\t\t\t\t<div class=\"elementor-container elementor-column-gap-default\">\n\t\t\t\t\t<div class=\"elementor-column elementor-col-50 elementor-top-column elementor-element elementor-element-83395a0\" data-id=\"83395a0\" data-element_type=\"column\" data-e-type=\"column\">\n\t\t\t<div class=\"elementor-column-wrap--83395a0 elementor-widget-wrap elementor-element-populated\">\n\t\t\t\t\t\t<div class=\"elementor-element elementor-element-fe6cb6b elementor-view-default elementor-widget elementor-widget-icon\" data-id=\"fe6cb6b\" data-element_type=\"widget\" data-e-type=\"widget\" data-widget_type=\"icon.default\">\n\t\t\t\t<div class=\"elementor-widget-container\">\n\t\t\t\t\t\t\t<div class=\"elementor-icon-wrapper\">\n\t\t\t<div class=\"elementor-icon\">\n\t\t\t<i aria-hidden=\"true\" class=\"far fa-money-bill-alt\"><\/i>\t\t\t<\/div>\n\t\t<\/div>\n\t\t\t\t\t\t<\/div>\n\t\t\t\t<\/div>\n\t\t\t\t\t<\/div>\n\t\t<\/div>\n\t\t\t\t<div class=\"elementor-column elementor-col-50 elementor-top-column elementor-element elementor-element-f344a51\" data-id=\"f344a51\" data-element_type=\"column\" data-e-type=\"column\">\n\t\t\t<div class=\"elementor-column-wrap--f344a51 elementor-widget-wrap elementor-element-populated\">\n\t\t\t\t\t\t<div class=\"elementor-element elementor-element-53a816c elementor-widget elementor-widget-heading\" data-id=\"53a816c\" data-element_type=\"widget\" data-e-type=\"widget\" data-widget_type=\"heading.default\">\n\t\t\t\t<div class=\"elementor-widget-container\">\n\t\t\t\t\t<h2 class=\"elementor-heading-title elementor-size-default\">Platba<\/h2>\t\t\t\t<\/div>\n\t\t\t\t<\/div>\n\t\t\t\t<div class=\"elementor-element elementor-element-6ef2bcc elementor-widget elementor-widget-text-editor\" data-id=\"6ef2bcc\" data-element_type=\"widget\" data-e-type=\"widget\" data-widget_type=\"text-editor.default\">\n\t\t\t\t<div class=\"elementor-widget-container\">\n\t\t\t\t\t\t\t\t\t<ul><li>\u010ce ste si zvolili platbu na dob\u00edrku, z\u00e1silku pla\u010date neposredno po\u0161tovn\u00edmu dostavljalcu.<\/li><li>Dob\u00edrka je zpoplatn\u011bna \u010d\u00e1stkou 39 K\u010d s DPH.<\/li><li>V primeru ulo\u017een\u00ed na po\u0161te zaplat\u00edte pracovn\u00edkovi za p\u0159ep\u00e1\u017ekou.<\/li><li>Platbu je mogo\u010de izvesti hotov\u011b, ali kartou na p\u0159ep\u00e1\u017ece po\u0161ty.<\/li><li>Platbu je prav tako mogo\u010de brezpla\u010dno opraviti s prenosom na na\u0161 ban\u010dni ra\u010dun ali ekspresnim prenosom.<\/li><li>Platbu je prav tako mogo\u010de brezpla\u010dno opraviti platebn\u00ed kartou p\u0159es platebn\u00ed br\u00e1nu Comgate.<\/li><\/ul>\t\t\t\t\t\t\t\t<\/div>\n\t\t\t\t<\/div>\n\t\t\t\t\t<\/div>\n\t\t<\/div>\n\t\t\t\t\t<\/div>\n\t\t<\/section>\n\t\t\t\t<section class=\"elementor-section elementor-top-section elementor-element elementor-element-8758765 elementor-section-content-middle elementor-hidden-desktop elementor-hidden-tablet elementor-hidden-mobile elementor-section-boxed elementor-section-height-default elementor-section-height-default\" data-id=\"8758765\" data-element_type=\"section\" data-e-type=\"section\">\n\t\t\t\t\t\t<div class=\"elementor-container elementor-column-gap-default\">\n\t\t\t\t\t<div class=\"elementor-column elementor-col-50 elementor-top-column elementor-element elementor-element-eaf97d5\" data-id=\"eaf97d5\" data-element_type=\"column\" data-e-type=\"column\">\n\t\t\t<div class=\"elementor-column-wrap--eaf97d5 elementor-widget-wrap elementor-element-populated\">\n\t\t\t\t\t\t<div class=\"elementor-element elementor-element-a0a35f9 elementor-view-default elementor-widget elementor-widget-icon\" data-id=\"a0a35f9\" data-element_type=\"widget\" data-e-type=\"widget\" data-widget_type=\"icon.default\">\n\t\t\t\t<div class=\"elementor-widget-container\">\n\t\t\t\t\t\t\t<div class=\"elementor-icon-wrapper\">\n\t\t\t<div class=\"elementor-icon\">\n\t\t\t<i aria-hidden=\"true\" class=\"fas fa-undo\"><\/i>\t\t\t<\/div>\n\t\t<\/div>\n\t\t\t\t\t\t<\/div>\n\t\t\t\t<\/div>\n\t\t\t\t\t<\/div>\n\t\t<\/div>\n\t\t\t\t<div class=\"elementor-column elementor-col-50 elementor-top-column elementor-element elementor-element-ff22cf6\" data-id=\"ff22cf6\" data-element_type=\"column\" data-e-type=\"column\">\n\t\t\t<div class=\"elementor-column-wrap--ff22cf6 elementor-widget-wrap elementor-element-populated\">\n\t\t\t\t\t\t<div class=\"elementor-element elementor-element-20053ab elementor-widget elementor-widget-heading\" data-id=\"20053ab\" data-element_type=\"widget\" data-e-type=\"widget\" data-widget_type=\"heading.default\">\n\t\t\t\t<div class=\"elementor-widget-container\">\n\t\t\t\t\t<h2 class=\"elementor-heading-title elementor-size-default\">Vr\u00e1cen\u00ed \/ V\u00fdm\u011bna<\/h2>\t\t\t\t<\/div>\n\t\t\t\t<\/div>\n\t\t\t\t<div class=\"elementor-element elementor-element-baae0fc elementor-widget elementor-widget-text-editor\" data-id=\"baae0fc\" data-element_type=\"widget\" data-e-type=\"widget\" data-widget_type=\"text-editor.default\">\n\t\t\t\t<div class=\"elementor-widget-container\">\n\t\t\t\t\t\t\t\t\t<p>Nevyhovuje, nesed\u00ed vam na\u0161e tri\u010dko ? Nevad\u00ed. Zbo\u017e\u00ed lahko vr\u00e1tite ali izmerite do 14 dni od prevzema brez udarca. Zbo\u017e\u00ed mora biti nepou\u017eit\u00e9, nepran\u00e9, v p\u016fvodn\u00edm stavu s visa\u010dkou a origin\u00e1ln\u00edm obalu. Odeslat nam lahko nekaj na\u010dinov.<\/p><h3>Vr\u00e1cen\u00ed p\u0159es Z\u00e1silkovnu <b>(brezpla\u010dno)<\/b><\/h3><ul><li>Nevyhovujo\u010de blago zabalte kot bal\u00edk.<\/li><li>Do bal\u00edku vlo\u017eite kopije dejstev in kratki pr\u016fvodn\u00ed dopis s po\u017eadavkem na v\u00fdm\u011bnu \u010di vr\u00e1cen\u00ed.<\/li><li>Izberite si najbli\u017eji Z\u00e1silkovnu s podac\u00edm m\u00edstem na\u00a0<a href=\"https:\/\/www.zasilkovna.cz\/pobocky\">https:\/\/www.zasilkovna.cz\/pobocky<\/a><\/li><li>Na prep\u00e1\u017ece nadiktujte \u0161tevilko: <b>96511255<\/b><\/li><li>Person\u00e1l bal\u00edk p\u0159evezme a <b>ZDARMA<\/b> ode\u0161le.<\/li><li>Za p\u00e1r dn\u00ed, jakmile bal\u00edk doraz\u00ed, dobite elektronsko po\u0161to s potrditvijo preobremenitve.<\/li><\/ul><h3>Vr\u00e1cen\u00ed preko po\u0161te in drugih prevoznih sredstev<\/h3><p>\u010ce vam neizgovarja vra\u010danje preko Z\u00e1silkovnu lahko uporabite jin\u00fd zp\u016fsob odesl\u00e1n\u00ed zbo\u017e\u00ed. Zabalen\u00e9 zbo\u017e\u00ed s kopi\u00ed faktury a kr\u00e1tk\u00fdm pr\u016fvodn\u00edm dopisem s po\u017eadavkem na v\u00fdm\u011bnu \u010di vr\u00e1cen\u00ed za\u0161lete na naslov na\u0161\u00ed kancel\u00e1\u0159e:\u00a0<span style=\"font-size: 16px; font-weight: bold;\">Easy Company s.r.o. - <\/span><b>Karlovo n\u00e1m\u011bst\u00ed 317\/5, 120 00 Praha - Nov\u00e9 M\u011bsto<\/b><\/p>\t\t\t\t\t\t\t\t<\/div>\n\t\t\t\t<\/div>\n\t\t\t\t\t<\/div>\n\t\t<\/div>\n\t\t\t\t\t<\/div>\n\t\t<\/section>\n\t\t\t\t<section class=\"elementor-section elementor-top-section elementor-element elementor-element-4dba5dd elementor-section-content-middle elementor-section-boxed elementor-section-height-default elementor-section-height-default\" data-id=\"4dba5dd\" data-element_type=\"section\" data-e-type=\"section\">\n\t\t\t\t\t\t<div class=\"elementor-container elementor-column-gap-default\">\n\t\t\t\t\t<div class=\"elementor-column elementor-col-50 elementor-top-column elementor-element elementor-element-248ba73\" data-id=\"248ba73\" data-element_type=\"column\" data-e-type=\"column\">\n\t\t\t<div class=\"elementor-column-wrap--248ba73 elementor-widget-wrap elementor-element-populated\">\n\t\t\t\t\t\t<div class=\"elementor-element elementor-element-f7526d3 elementor-view-default elementor-widget elementor-widget-icon\" data-id=\"f7526d3\" data-element_type=\"widget\" data-e-type=\"widget\" data-widget_type=\"icon.default\">\n\t\t\t\t<div class=\"elementor-widget-container\">\n\t\t\t\t\t\t\t<div class=\"elementor-icon-wrapper\">\n\t\t\t<div class=\"elementor-icon\">\n\t\t\t<i aria-hidden=\"true\" class=\"fas fa-backward\"><\/i>\t\t\t<\/div>\n\t\t<\/div>\n\t\t\t\t\t\t<\/div>\n\t\t\t\t<\/div>\n\t\t\t\t\t<\/div>\n\t\t<\/div>\n\t\t\t\t<div class=\"elementor-column elementor-col-50 elementor-top-column elementor-element elementor-element-a83b84f rey-colbg--classic\" data-id=\"a83b84f\" data-element_type=\"column\" data-e-type=\"column\" data-settings=\"{&quot;background_background&quot;:&quot;classic&quot;}\">\n\t\t\t<div class=\"elementor-column-wrap--a83b84f elementor-widget-wrap elementor-element-populated\">\n\t\t\t\t\t\t<div class=\"elementor-element elementor-element-b7f6e7d elementor-widget elementor-widget-heading\" data-id=\"b7f6e7d\" data-element_type=\"widget\" data-e-type=\"widget\" data-widget_type=\"heading.default\">\n\t\t\t\t<div class=\"elementor-widget-container\">\n\t\t\t\t\t<h2 class=\"elementor-heading-title elementor-size-default\">Vra\u010dilo izdelka<\/h2>\t\t\t\t<\/div>\n\t\t\t\t<\/div>\n\t\t\t\t<div class=\"elementor-element elementor-element-d34efd5 elementor-mobile-align-justify elementor-widget elementor-widget-button\" data-id=\"d34efd5\" data-element_type=\"widget\" data-e-type=\"widget\" data-widget_type=\"button.default\">\n\t\t\t\t<div class=\"elementor-widget-container\">\n\t\t\t\t\t\t\t\t\t<div class=\"elementor-button-wrapper\">\n\t\t\t\t\t<a class=\"elementor-button elementor-button-link elementor-size-lg\" href=\"https:\/\/thegobi.eu\/wp-content\/uploads\/2026\/02\/Gobi-Return-EU.pdf\">\n\t\t\t\t\t\t<span class=\"elementor-button-content-wrapper\">\n\t\t\t\t\t\t<span class=\"elementor-button-icon\">\n\t\t\t\t<i aria-hidden=\"true\" class=\"fas fa-download\"><\/i>\t\t\t<\/span>\n\t\t\t\t\t\t\t\t\t<span class=\"elementor-button-text\">OBRAZEC ZA VRA\u010cILO<\/span>\n\t\t\t\t\t<\/span>\n\t\t\t\t\t<\/a>\n\t\t\t\t<\/div>\n\t\t\t\t\t\t\t\t<\/div>\n\t\t\t\t<\/div>\n\t\t\t\t<div class=\"elementor-element elementor-element-07ca66e elementor-widget elementor-widget-text-editor\" data-id=\"07ca66e\" data-element_type=\"widget\" data-e-type=\"widget\" data-widget_type=\"text-editor.default\">\n\t\t\t\t<div class=\"elementor-widget-container\">\n\t\t\t\t\t\t\t\t\t<p data-start=\"0\" data-end=\"161\">\u010ce vam izdelek ne ustreza, ga bomo z veseljem brezpla\u010dno zamenjali za drugo velikost. \u010ce \u017eelite izdelek vrniti, sledite spodnjim navodilom.<\/p><p data-start=\"163\" data-end=\"345\">Izdelki morajo biti neuporabljeni, neoprani, v prvotnem stanju z etiketo in originalno embala\u017eo. Paketu prilo\u017eite obrazec za vra\u010dilo in ra\u010dun ter ga po\u0161ljite na naslednji naslov:<\/p><p data-start=\"347\" data-end=\"417\"><strong data-start=\"347\" data-end=\"417\">Packeta Adriatic d.o.o \/\n96629342 \/\nTr\u017ea\u0161ka cesta 40 \/\n1000 Ljubljana<\/strong><\/p><p data-start=\"419\" data-end=\"476\" data-is-last-node=\"\" data-is-only-node=\"\"><strong data-start=\"419\" data-end=\"429\">E-po\u0161tni naslov:<\/strong> <a class=\"decorated-link cursor-pointer\" rel=\"noopener\" data-start=\"430\" data-end=\"446\">info@thegobi.eu<\/a><br data-start=\"446\" data-end=\"449\" \/><strong data-start=\"449\" data-end=\"459\">Telefon:<\/strong> +420 703 501 496<\/p>\t\t\t\t\t\t\t\t<\/div>\n\t\t\t\t<\/div>\n\t\t\t\t\t<\/div>\n\t\t<\/div>\n\t\t\t\t\t<\/div>\n\t\t<\/section>\n\t\t\t\t<\/div>","protected":false},"excerpt":{"rendered":"<p>Exchange and return Product exchange The size is not just right? Is the product too tight or too loose?We\u2019ll be happy to exchange it for free so it fits you perfectly. You can exchange the item within 14 days of receipt. The product must be unused, unwashed, in its original condition, with tags attached and [&hellip;]<\/p>\n","protected":false},"author":1,"featured_media":0,"parent":0,"menu_order":0,"comment_status":"closed","ping_status":"closed","template":"template-builder.php","meta":{"_acf_changed":false,"footnotes":""},"class_list":["post-9504","page","type-page","status-publish","hentry"],"acf":[],"_links":{"self":[{"href":"https:\/\/thegobi.eu\/si\/wp-json\/wp\/v2\/pages\/9504","targetHints":{"allow":["GET"]}}],"collection":[{"href":"https:\/\/thegobi.eu\/si\/wp-json\/wp\/v2\/pages"}],"about":[{"href":"https:\/\/thegobi.eu\/si\/wp-json\/wp\/v2\/types\/page"}],"author":[{"embeddable":true,"href":"https:\/\/thegobi.eu\/si\/wp-json\/wp\/v2\/users\/1"}],"replies":[{"embeddable":true,"href":"https:\/\/thegobi.eu\/si\/wp-json\/wp\/v2\/comments?post=9504"}],"version-history":[{"count":6,"href":"https:\/\/thegobi.eu\/si\/wp-json\/wp\/v2\/pages\/9504\/revisions"}],"predecessor-version":[{"id":399580,"href":"https:\/\/thegobi.eu\/si\/wp-json\/wp\/v2\/pages\/9504\/revisions\/399580"}],"wp:attachment":[{"href":"https:\/\/thegobi.eu\/si\/wp-json\/wp\/v2\/media?parent=9504"}],"curies":[{"name":"wp","href":"https:\/\/api.w.org\/{rel}","templated":true}]}}