{"id":233891,"date":"2019-11-05T15:07:59","date_gmt":"2019-11-05T14:07:59","guid":{"rendered":"https:\/\/thegobi.eu\/cz-staging\/?post_type=product&#038;p=233891"},"modified":"2025-08-07T01:26:53","modified_gmt":"2025-08-06T23:26:53","slug":"kupon-obdrzite-emailem","status":"publish","type":"product","link":"https:\/\/thegobi.eu\/si\/izdelek\/kupon-obdrzite-emailem\/","title":{"rendered":"D\u00e1rkov\u00fd poukaz (na spletu)"},"content":{"rendered":"","protected":false},"excerpt":{"rendered":"<ul>\n<li>D\u00e1rkov\u00fd poukaz m\u016f\u017ee biti na libovolnou \u010d\u00e1stku n\u00e1sobk\u016f <strong>890,-K\u010d<\/strong> (cena enega tri\u010dka).<\/li>\n<li>\u010ce \u017eelite poukaz na <strong>3 tri\u010dka<\/strong>, vlo\u017ete do ko\u0161\u00edku 3 kusy d\u00e1rkov\u00fdch poukaz\u016f.<\/li>\n<li>Po zaplacen\u00ed V\u00e1m bo poukaz zasl\u00e1n na zvolenou emailovou adresu do<strong> 24 ur<\/strong> od objedn\u00e1n\u00ed.<\/li>\n<li>Na poukazu bo vypln\u011bna <strong>kolonka koli\u010dine<\/strong> a <strong>kolonka k\u00f3du<\/strong> poukazu. Obdarovan\u00fd pak lahko opravi nakup in uporabi kodo, ki mu samodejno ponudi koli\u010dino naro\u010dil o znesku uvedenem na poukazu.<\/li>\n<\/ul>","protected":false},"featured_media":233903,"comment_status":"open","ping_status":"closed","template":"","meta":{"_acf_changed":false},"product_cat":[46],"product_tag":[44],"class_list":{"0":"post-233891","1":"product","2":"type-product","3":"status-publish","4":"has-post-thumbnail","6":"product_cat-poukazy","7":"product_tag-voucher-online","9":"first","10":"instock","11":"virtual","12":"taxable","13":"purchasable","14":"product-type-simple","swatches":"rey-swatches","show_selected":"","stretch_labels":"rey-swatches--stretch-labels"},"acf":[],"_links":{"self":[{"href":"https:\/\/thegobi.eu\/si\/wp-json\/wp\/v2\/product\/233891","targetHints":{"allow":["GET"]}}],"collection":[{"href":"https:\/\/thegobi.eu\/si\/wp-json\/wp\/v2\/product"}],"about":[{"href":"https:\/\/thegobi.eu\/si\/wp-json\/wp\/v2\/types\/product"}],"replies":[{"embeddable":true,"href":"https:\/\/thegobi.eu\/si\/wp-json\/wp\/v2\/comments?post=233891"}],"wp:featuredmedia":[{"embeddable":true,"href":"https:\/\/thegobi.eu\/si\/wp-json\/wp\/v2\/media\/233903"}],"wp:attachment":[{"href":"https:\/\/thegobi.eu\/si\/wp-json\/wp\/v2\/media?parent=233891"}],"wp:term":[{"taxonomy":"product_cat","embeddable":true,"href":"https:\/\/thegobi.eu\/si\/wp-json\/wp\/v2\/product_cat?post=233891"},{"taxonomy":"product_tag","embeddable":true,"href":"https:\/\/thegobi.eu\/si\/wp-json\/wp\/v2\/product_tag?post=233891"}],"curies":[{"name":"wp","href":"https:\/\/api.w.org\/{rel}","templated":true}]}}