{"id":234472,"date":"2019-11-06T09:50:15","date_gmt":"2019-11-06T08:50:15","guid":{"rendered":"https:\/\/thegobi.eu\/cz-staging\/?post_type=product&#038;p=234472"},"modified":"2025-08-07T01:26:54","modified_gmt":"2025-08-06T23:26:54","slug":"darkovy-poukaz-zasleme-vam-na-naslov","status":"publish","type":"product","link":"https:\/\/thegobi.eu\/si\/izdelek\/darkovy-poukaz-zasleme-vam-na-naslov\/","title":{"rendered":"D\u00e1rkov\u00fd poukaz (Ti\u0161t\u011bn\u00fd)"},"content":{"rendered":"","protected":false},"excerpt":{"rendered":"<ul>\n<li>D\u00e1rkov\u00fd poukaz m\u016f\u017ee biti na libovolnou \u010d\u00e1stku n\u00e1sobk\u016f <strong>890,-K\u010d<\/strong> (cena enega tri\u010dka).<\/li>\n<li>\u010ce \u017eelite poukaz na <strong>3 tri\u010dka<\/strong>, vlo\u017ete do ko\u0161\u00edku 3 kusy d\u00e1rkov\u00fdch poukaz\u016f.<\/li>\n<li>Po zaplacen\u00ed V\u00e1m bo poukaz zasl\u00e1n na v\u00e1mi zvolenou adresu. Od dveh poukazov je doprava<strong> brezpla\u010dno<\/strong>.<\/li>\n<li>Na poukazu bo vypln\u011bna <strong>kolonka koli\u010dine<\/strong> a <strong>kolonka k\u00f3du<\/strong> poukazu. Obdarovan\u00fd pak lahko opravi nakup in uporabi kodo, ki mu samodejno ponudi koli\u010dino naro\u010dil o znesku uvedenem na poukazu.<\/li>\n<\/ul>","protected":false},"featured_media":233903,"comment_status":"open","ping_status":"closed","template":"","meta":{"_acf_changed":false},"product_cat":[46],"product_tag":[45],"class_list":{"0":"post-234472","1":"product","2":"type-product","3":"status-publish","4":"has-post-thumbnail","6":"product_cat-poukazy","7":"product_tag-voucher-offline","9":"first","10":"instock","11":"taxable","12":"shipping-taxable","13":"purchasable","14":"product-type-simple","swatches":"rey-swatches","show_selected":"","stretch_labels":"rey-swatches--stretch-labels"},"acf":[],"_links":{"self":[{"href":"https:\/\/thegobi.eu\/si\/wp-json\/wp\/v2\/product\/234472","targetHints":{"allow":["GET"]}}],"collection":[{"href":"https:\/\/thegobi.eu\/si\/wp-json\/wp\/v2\/product"}],"about":[{"href":"https:\/\/thegobi.eu\/si\/wp-json\/wp\/v2\/types\/product"}],"replies":[{"embeddable":true,"href":"https:\/\/thegobi.eu\/si\/wp-json\/wp\/v2\/comments?post=234472"}],"wp:featuredmedia":[{"embeddable":true,"href":"https:\/\/thegobi.eu\/si\/wp-json\/wp\/v2\/media\/233903"}],"wp:attachment":[{"href":"https:\/\/thegobi.eu\/si\/wp-json\/wp\/v2\/media?parent=234472"}],"wp:term":[{"taxonomy":"product_cat","embeddable":true,"href":"https:\/\/thegobi.eu\/si\/wp-json\/wp\/v2\/product_cat?post=234472"},{"taxonomy":"product_tag","embeddable":true,"href":"https:\/\/thegobi.eu\/si\/wp-json\/wp\/v2\/product_tag?post=234472"}],"curies":[{"name":"wp","href":"https:\/\/api.w.org\/{rel}","templated":true}]}}