{"id":376766,"date":"2021-12-09T10:13:46","date_gmt":"2021-12-09T09:13:46","guid":{"rendered":"https:\/\/thegobi.eu\/cz-staging\/?post_type=product&#038;p=376766"},"modified":"2026-03-03T16:22:50","modified_gmt":"2026-03-03T15:22:50","slug":"gobi-kopalke-moske-mikromodalne","status":"publish","type":"product","link":"https:\/\/thegobi.eu\/si\/izdelek\/gobi-kopalke-moske-mikromodalne\/","title":{"rendered":"Gobi TRUNKS - mo\u0161ke, MicroModal"},"content":{"rendered":"<p data-start=\"100\" data-end=\"268\">Mo\u0161ke boksarice Gobi omogo\u010dajo 100-% za\u0161\u010dito pred znojem na zadnji strani. Po zaslugi v\u0161ite neprepustne membrane bodo va\u0161e hla\u010de ostale popolne ves dan. Boksarice Gobi delujejo kot zanesljiva za\u0161\u010dita tudi pri prekomernem potenju in vedno poskrbijo, da je zgornji sloj va\u0161ih obla\u010dil brez kakr\u0161nihkoli znakov znoja.<\/p>\n<p data-start=\"415\" data-end=\"548\"><strong>Vas \u010daka naporen dan v slu\u017ebi, dolg ve\u010der s prijatelji ali romanti\u010den ve\u010der v dvoje? Na Gobi se lahko zanesete v vsakem primeru!<\/strong><\/p>","protected":false},"excerpt":{"rendered":"<p>\u2714 Zavirajo znoj v predelu zadnjice<br data-start=\"110\" data-end=\"113\" \/>\u2714 Za\u0161\u010dita pred potenjem tudi pri svetlih hla\u010dah<br data-start=\"171\" data-end=\"174\" \/>\u2714 Izdelane iz izjemno mehkega materiala MicroModal<\/p>","protected":false},"featured_media":393043,"comment_status":"open","ping_status":"closed","template":"","meta":{"_acf_changed":false},"product_cat":[23,111,106,107],"product_tag":[113],"class_list":{"0":"post-376766","1":"product","2":"type-product","3":"status-publish","4":"has-post-thumbnail","6":"product_cat-mens","7":"product_cat-micromodal","8":"product_cat-sweatproof-clothing","9":"product_cat-sweatproof-trunks","10":"product_tag-panske","11":"pa_sizes-l","12":"pa_sizes-m","13":"pa_sizes-s","14":"pa_sizes-xl","15":"pa_sizes-xl-2","17":"first","18":"instock","19":"taxable","20":"shipping-taxable","21":"purchasable","22":"product-type-variable","23":"has-default-attributes","swatches":"rey-swatches","show_selected":"","stretch_labels":"rey-swatches--stretch-labels"},"acf":[],"_links":{"self":[{"href":"https:\/\/thegobi.eu\/si\/wp-json\/wp\/v2\/product\/376766","targetHints":{"allow":["GET"]}}],"collection":[{"href":"https:\/\/thegobi.eu\/si\/wp-json\/wp\/v2\/product"}],"about":[{"href":"https:\/\/thegobi.eu\/si\/wp-json\/wp\/v2\/types\/product"}],"replies":[{"embeddable":true,"href":"https:\/\/thegobi.eu\/si\/wp-json\/wp\/v2\/comments?post=376766"}],"wp:featuredmedia":[{"embeddable":true,"href":"https:\/\/thegobi.eu\/si\/wp-json\/wp\/v2\/media\/393043"}],"wp:attachment":[{"href":"https:\/\/thegobi.eu\/si\/wp-json\/wp\/v2\/media?parent=376766"}],"wp:term":[{"taxonomy":"product_cat","embeddable":true,"href":"https:\/\/thegobi.eu\/si\/wp-json\/wp\/v2\/product_cat?post=376766"},{"taxonomy":"product_tag","embeddable":true,"href":"https:\/\/thegobi.eu\/si\/wp-json\/wp\/v2\/product_tag?post=376766"}],"curies":[{"name":"wp","href":"https:\/\/api.w.org\/{rel}","templated":true}]}}