{"id":386943,"date":"2024-10-04T13:10:55","date_gmt":"2024-10-04T11:10:55","guid":{"rendered":"https:\/\/thegobi.eu\/cz-staging\/?post_type=product&#038;p=386943"},"modified":"2026-05-03T09:28:49","modified_gmt":"2026-05-03T07:28:49","slug":"gobi-original-womens-micromodal","status":"publish","type":"product","link":"https:\/\/thegobi.eu\/si\/izdelek\/gobi-original-womens-micromodal\/","title":{"rendered":"Gobi ORIGINAL - \u017eenska, MicroModal"},"content":{"rendered":"<p data-start=\"105\" data-end=\"304\">\u017denska nevidna majica Gobi omogo\u010da 100-% za\u0161\u010dito pred prepotenostjo. Z v\u0161ito neprepustno membrano pod pazduho bo va\u0161a srajca ostala popolna ves dan. Spodnja majica Gobi deluje kot zanesljiva za\u0161\u010dita tudi pri prekomernem potenju in bo va\u0161 zunanji sloj obla\u010dil vedno ohranila brez kakr\u0161nihkoli znakov znoja pod pazduho.<\/p>\n<p data-start=\"463\" data-end=\"571\"><strong>Vas \u010daka naporen dan v slu\u017ebi, dolg ve\u010der s prijatelji ali romanti\u010den zmenek v dvoje? Na Gobi se lahko vedno zanesete!<\/strong><\/p>","protected":false},"excerpt":{"rendered":"<p data-start=\"65\" data-end=\"98\">Spodnja majica, ki vam stoji ob strani.<\/p>\n<p data-start=\"100\" data-end=\"233\">\ud83d\udca7 100-% za\u0161\u010dita pred sledmi znoja<br data-start=\"140\" data-end=\"143\" \/>\ud83c\udf3f Zmanj\u0161uje neprijeten vonj<br data-start=\"160\" data-end=\"163\" \/>\ud83d\udc54 Nevidna pod majico<br data-start=\"192\" data-end=\"195\" \/>\ud83d\udd25 Podalj\u0161a \u017eivljenjsko dobo obla\u010dil<\/p>","protected":false},"featured_media":399081,"comment_status":"open","ping_status":"closed","template":"","meta":{"_acf_changed":false},"product_cat":[23,111,103],"product_tag":[114],"class_list":{"0":"post-386943","1":"product","2":"type-product","3":"status-publish","4":"has-post-thumbnail","6":"product_cat-mens","7":"product_cat-micromodal","8":"product_cat-sweatproof-undershirts","9":"product_tag-damske","10":"pa_sizes-l","11":"pa_sizes-m","12":"pa_sizes-s","13":"pa_sizes-xl","14":"pa_sizes-xs","16":"first","17":"instock","18":"taxable","19":"shipping-taxable","20":"purchasable","21":"product-type-variable","22":"has-default-attributes","swatches":"rey-swatches","show_selected":"","stretch_labels":"rey-swatches--stretch-labels"},"acf":[],"_links":{"self":[{"href":"https:\/\/thegobi.eu\/si\/wp-json\/wp\/v2\/product\/386943","targetHints":{"allow":["GET"]}}],"collection":[{"href":"https:\/\/thegobi.eu\/si\/wp-json\/wp\/v2\/product"}],"about":[{"href":"https:\/\/thegobi.eu\/si\/wp-json\/wp\/v2\/types\/product"}],"replies":[{"embeddable":true,"href":"https:\/\/thegobi.eu\/si\/wp-json\/wp\/v2\/comments?post=386943"}],"wp:featuredmedia":[{"embeddable":true,"href":"https:\/\/thegobi.eu\/si\/wp-json\/wp\/v2\/media\/399081"}],"wp:attachment":[{"href":"https:\/\/thegobi.eu\/si\/wp-json\/wp\/v2\/media?parent=386943"}],"wp:term":[{"taxonomy":"product_cat","embeddable":true,"href":"https:\/\/thegobi.eu\/si\/wp-json\/wp\/v2\/product_cat?post=386943"},{"taxonomy":"product_tag","embeddable":true,"href":"https:\/\/thegobi.eu\/si\/wp-json\/wp\/v2\/product_tag?post=386943"}],"curies":[{"name":"wp","href":"https:\/\/api.w.org\/{rel}","templated":true}]}}