{"id":387845,"date":"2024-11-13T13:39:16","date_gmt":"2024-11-13T12:39:16","guid":{"rendered":"https:\/\/thegobi.eu\/cz-staging\/?post_type=product&#038;p=387845"},"modified":"2026-03-03T16:00:06","modified_gmt":"2026-03-03T15:00:06","slug":"zascitni-nedrcek-za-nego","status":"publish","type":"product","link":"https:\/\/thegobi.eu\/si\/izdelek\/zascitni-nedrcek-za-nego\/","title":{"rendered":"Gobi NEST"},"content":{"rendered":"<p data-start=\"103\" data-end=\"285\">Nedr\u010dek za dojenje Gobi zagotavlja 100-% za\u0161\u010dito pred kapljicami mleka.<br data-start=\"175\" data-end=\"178\" \/>Zaradi v\u0161itih delov v ko\u0161aricah, ki prepre\u010dujejo uhajanje, je zunanja stran nedr\u010dka vedno suha. Nedr\u010dek Gobi deluje kot zanesljiva pregrada in ohrani zgornji sloj va\u0161ih obla\u010dil brez znakov uhajanja mleka.<\/p>\n<p data-start=\"388\" data-end=\"426\"><strong>Vedno.<\/strong><\/p>","protected":false},"excerpt":{"rendered":"<p data-start=\"75\" data-end=\"94\">Nedr\u010dek za dojenje, ki:<\/p>\n<p data-start=\"96\" data-end=\"192\">\u2714 Ne prepu\u0161\u010da kapljic mleka<br data-start=\"124\" data-end=\"127\" \/>\u2714 \u0160\u010diti va\u0161a obla\u010dila<br data-start=\"151\" data-end=\"154\" \/>\u2714 Mehek material<br data-start=\"175\" data-end=\"178\" \/>\u2714 \u0160portni kroj<\/p>","protected":false},"featured_media":393124,"comment_status":"open","ping_status":"closed","template":"","meta":{"_acf_changed":false},"product_cat":[105,31],"product_tag":[114],"class_list":{"0":"post-387845","1":"product","2":"type-product","3":"status-publish","4":"has-post-thumbnail","6":"product_cat-protective-nursing-bra","7":"product_cat-womens","8":"product_tag-damske","9":"pa_sizes-l-xl","10":"pa_sizes-s-m","12":"first","13":"instock","14":"taxable","15":"shipping-taxable","16":"purchasable","17":"product-type-variable","swatches":"rey-swatches","show_selected":"","stretch_labels":"rey-swatches--stretch-labels"},"acf":[],"_links":{"self":[{"href":"https:\/\/thegobi.eu\/si\/wp-json\/wp\/v2\/product\/387845","targetHints":{"allow":["GET"]}}],"collection":[{"href":"https:\/\/thegobi.eu\/si\/wp-json\/wp\/v2\/product"}],"about":[{"href":"https:\/\/thegobi.eu\/si\/wp-json\/wp\/v2\/types\/product"}],"replies":[{"embeddable":true,"href":"https:\/\/thegobi.eu\/si\/wp-json\/wp\/v2\/comments?post=387845"}],"wp:featuredmedia":[{"embeddable":true,"href":"https:\/\/thegobi.eu\/si\/wp-json\/wp\/v2\/media\/393124"}],"wp:attachment":[{"href":"https:\/\/thegobi.eu\/si\/wp-json\/wp\/v2\/media?parent=387845"}],"wp:term":[{"taxonomy":"product_cat","embeddable":true,"href":"https:\/\/thegobi.eu\/si\/wp-json\/wp\/v2\/product_cat?post=387845"},{"taxonomy":"product_tag","embeddable":true,"href":"https:\/\/thegobi.eu\/si\/wp-json\/wp\/v2\/product_tag?post=387845"}],"curies":[{"name":"wp","href":"https:\/\/api.w.org\/{rel}","templated":true}]}}