{"id":388106,"date":"2024-11-18T20:37:37","date_gmt":"2024-11-18T19:37:37","guid":{"rendered":"https:\/\/thegobi.eu\/cz-staging\/?post_type=product&#038;p=388106"},"modified":"2026-03-18T18:03:57","modified_gmt":"2026-03-18T17:03:57","slug":"moski-merino-200gsm","status":"publish","type":"product","link":"https:\/\/thegobi.eu\/si\/izdelek\/moski-merino-200gsm\/","title":{"rendered":"Mo\u0161ka, merino - 200 g\/m\u00b2"},"content":{"rendered":"<p data-start=\"0\" data-end=\"254\">100-% merino volna vi\u0161je gramature. Idealen prvi sloj za hladno vreme. Brez vonja po znoju, \u010dudovito mehka in trpe\u017ena. Pravi partner za pravo zimo. Za na smu\u010di\u0161\u010de ali samo na sprehod s psom v zasne\u017eeno naravo.<\/p>\n<p data-start=\"256\" data-end=\"296\" data-is-last-node=\"\" data-is-only-node=\"\"><strong>Na izdelke Gobi se lahko zanesete v vsaki situaciji.<\/strong><\/p>","protected":false},"excerpt":{"rendered":"<p>\u2714 Merino, 200 g\/m\u00b2<br data-start=\"15\" data-end=\"18\" \/>\u2714 Topel prvi sloj za jesen\/zimo<br data-start=\"52\" data-end=\"55\" \/>\u2714 Brez vonja po znoju<\/p>","protected":false},"featured_media":393118,"comment_status":"open","ping_status":"closed","template":"","meta":{"_acf_changed":false},"product_cat":[23,104],"product_tag":[113],"class_list":{"0":"post-388106","1":"product","2":"type-product","3":"status-publish","4":"has-post-thumbnail","6":"product_cat-mens","7":"product_cat-merino","8":"product_tag-panske","9":"pa_sizes-l","10":"pa_sizes-m","11":"pa_sizes-s","12":"pa_sizes-xl","13":"pa_sizes-xl-2","15":"first","16":"instock","17":"taxable","18":"shipping-taxable","19":"purchasable","20":"product-type-variable","swatches":"rey-swatches","show_selected":"","stretch_labels":"rey-swatches--stretch-labels"},"acf":[],"_links":{"self":[{"href":"https:\/\/thegobi.eu\/si\/wp-json\/wp\/v2\/product\/388106","targetHints":{"allow":["GET"]}}],"collection":[{"href":"https:\/\/thegobi.eu\/si\/wp-json\/wp\/v2\/product"}],"about":[{"href":"https:\/\/thegobi.eu\/si\/wp-json\/wp\/v2\/types\/product"}],"replies":[{"embeddable":true,"href":"https:\/\/thegobi.eu\/si\/wp-json\/wp\/v2\/comments?post=388106"}],"wp:featuredmedia":[{"embeddable":true,"href":"https:\/\/thegobi.eu\/si\/wp-json\/wp\/v2\/media\/393118"}],"wp:attachment":[{"href":"https:\/\/thegobi.eu\/si\/wp-json\/wp\/v2\/media?parent=388106"}],"wp:term":[{"taxonomy":"product_cat","embeddable":true,"href":"https:\/\/thegobi.eu\/si\/wp-json\/wp\/v2\/product_cat?post=388106"},{"taxonomy":"product_tag","embeddable":true,"href":"https:\/\/thegobi.eu\/si\/wp-json\/wp\/v2\/product_tag?post=388106"}],"curies":[{"name":"wp","href":"https:\/\/api.w.org\/{rel}","templated":true}]}}