{"id":395686,"date":"2025-11-13T17:56:42","date_gmt":"2025-11-13T16:56:42","guid":{"rendered":"https:\/\/thegobi.eu\/cz-staging\/?post_type=product&#038;p=395686"},"modified":"2026-03-03T15:56:16","modified_gmt":"2026-03-03T14:56:16","slug":"gobi-urban-mens-micromodal","status":"publish","type":"product","link":"https:\/\/thegobi.eu\/si\/izdelek\/gobi-urban-mens-micromodal\/","title":{"rendered":"Gobi URBAN - mo\u0161ka, MicroModal"},"content":{"rendered":"<p data-start=\"93\" data-end=\"196\">Klasi\u010dna majica Gobi zagotavlja popolno za\u0161\u010dito pred potenjem pod pazduho - in nih\u010de tega ne bo opazil. V\u0161ita nepropustna membrana na notranji strani rokavov poskrbi, da je va\u0161 zunanji sloj vedno suh. Tkanina je neverjetno mehka in izbolj\u0161ana z antibakterijsko obdelavo za celodnevno sve\u017eino.<\/p>\n<p data-start=\"399\" data-end=\"529\"><strong>Vas \u010daka naporen dan v slu\u017ebi, dolg ve\u010der s prijatelji ali romanti\u010den zmenek v dvoje? Na Gobi se lahko zanesete v vsakem primeru <\/strong><strong>Vedno.<\/strong><\/p>","protected":false},"excerpt":{"rendered":"<p data-start=\"97\" data-end=\"185\">Klasi\u010dna majica za vsak dan, ki jo lahko samozavestno nosite - tudi ko dvignete roke. Na notranji strani smo dodali na\u0161o triplastno membrano za za\u0161\u010dito pred znojem - tanko, funkcionalno in popolnoma diskretno. Narejena je iz izjemno mehke me\u0161anice materiala Lenzing\u2122 MicroModal in bomba\u017ea z antibakterijsko obdelavo.<\/p>\n<p data-start=\"397\" data-end=\"510\">\u2714 Diskretno blokira znoj<br data-start=\"422\" data-end=\"425\" \/>\u2714 Zavira neprijeten vonj<br data-start=\"438\" data-end=\"441\" \/>\u2714 Antibakterijska tkanina<br data-start=\"463\" data-end=\"466\" \/>\u2714 Izdelana iz izjemno mehkega mikromodala in bomba\u017ea<\/p>","protected":false},"featured_media":399068,"comment_status":"open","ping_status":"closed","template":"","meta":{"_acf_changed":false},"product_cat":[123,23,111],"product_tag":[113],"class_list":{"0":"post-395686","1":"product","2":"type-product","3":"status-publish","4":"has-post-thumbnail","6":"product_cat-everyday-sweatproof-t-shirts","7":"product_cat-mens","8":"product_cat-micromodal","9":"product_tag-panske","10":"pa_sizes-l","11":"pa_sizes-m","12":"pa_sizes-s","13":"pa_sizes-xl","14":"pa_sizes-xl-2","16":"first","17":"instock","18":"taxable","19":"shipping-taxable","20":"purchasable","21":"product-type-variable","22":"has-default-attributes","swatches":"rey-swatches","show_selected":"","stretch_labels":"rey-swatches--stretch-labels"},"acf":[],"_links":{"self":[{"href":"https:\/\/thegobi.eu\/si\/wp-json\/wp\/v2\/product\/395686","targetHints":{"allow":["GET"]}}],"collection":[{"href":"https:\/\/thegobi.eu\/si\/wp-json\/wp\/v2\/product"}],"about":[{"href":"https:\/\/thegobi.eu\/si\/wp-json\/wp\/v2\/types\/product"}],"replies":[{"embeddable":true,"href":"https:\/\/thegobi.eu\/si\/wp-json\/wp\/v2\/comments?post=395686"}],"wp:featuredmedia":[{"embeddable":true,"href":"https:\/\/thegobi.eu\/si\/wp-json\/wp\/v2\/media\/399068"}],"wp:attachment":[{"href":"https:\/\/thegobi.eu\/si\/wp-json\/wp\/v2\/media?parent=395686"}],"wp:term":[{"taxonomy":"product_cat","embeddable":true,"href":"https:\/\/thegobi.eu\/si\/wp-json\/wp\/v2\/product_cat?post=395686"},{"taxonomy":"product_tag","embeddable":true,"href":"https:\/\/thegobi.eu\/si\/wp-json\/wp\/v2\/product_tag?post=395686"}],"curies":[{"name":"wp","href":"https:\/\/api.w.org\/{rel}","templated":true}]}}